{"id":14993,"date":"2016-03-04T15:20:55","date_gmt":"2016-03-04T15:20:55","guid":{"rendered":"http:\/\/cafferavezzi.com\/product\/capritxoso\/"},"modified":"2021-07-13T11:36:45","modified_gmt":"2021-07-13T09:36:45","slug":"capritxoso","status":"publish","type":"product","link":"https:\/\/cafferavezzi.com\/es\/producte\/capritxoso\/","title":{"rendered":"Capritxoso"},"content":{"rendered":"<div class=\"wpb-content-wrapper\"><p>[vc_row][vc_column width=\u00bb7\/12&#8243;][vc_column_text]Nuestro caf\u00e8 Capritxoso es fruto de una excelente selecci\u00f3n de caf\u00e9 de la m\u00e1s alta calidad, con los que se obtiene una taza equilibrada. Esta variedad cuenta con la certificaci\u00f3n Rainforest Alliance, que garantiza que el caf\u00e9 ha sido producido en fincas desarrolladas con la finalidad de preservar el medio ambiente y promover nuevas t\u00e9cnicas de sostenibilidad.<\/p>\n<h4>Notas de cata<\/h4>\n<p>El caf\u00e9 Capritxoso destaca por ofrecer un aroma y sabor intensos y persistentes con notas c\u00edtricas. Una variedad ideal para tomar en formato espresso.[\/vc_column_text][\/vc_column][vc_column width=\u00bb5\/12&#8243; css=\u00bb.vc_custom_1551089066914{padding-left: 40px !important;}\u00bb]<div class=\"edgtf-progress-bar\">\n\t<h5 class=\"edgtf-progress-title-holder clearfix\" >\n\t\t<span class=\"edgtf-progress-title\" >Sabor<\/span>\n\t\t<span class=\"edgtf-progress-number-wrapper edgtf-floating \" >\n\t\t\t<span class=\"edgtf-progress-number\" >\n\t\t\t\t<span class=\"edgtf-percent\">0<\/span>\n\t\t\t<\/span>\n\t\t<\/span>\n\t<\/h5>\n\t<div class=\"edgtf-progress-content-outer\" >\n\t\t<div data-percentage=84 class=\"edgtf-progress-content\" ><\/div>\n\t<\/div>\n<\/div>\t[vc_empty_space height=\u00bb10px\u00bb]<div class=\"edgtf-progress-bar\">\n\t<h5 class=\"edgtf-progress-title-holder clearfix\" >\n\t\t<span class=\"edgtf-progress-title\" >Aroma<\/span>\n\t\t<span class=\"edgtf-progress-number-wrapper edgtf-floating \" >\n\t\t\t<span class=\"edgtf-progress-number\" >\n\t\t\t\t<span class=\"edgtf-percent\">0<\/span>\n\t\t\t<\/span>\n\t\t<\/span>\n\t<\/h5>\n\t<div class=\"edgtf-progress-content-outer\" >\n\t\t<div data-percentage=80 class=\"edgtf-progress-content\" ><\/div>\n\t<\/div>\n<\/div>\t[vc_empty_space height=\u00bb10px\u00bb]<div class=\"edgtf-progress-bar\">\n\t<h5 class=\"edgtf-progress-title-holder clearfix\" >\n\t\t<span class=\"edgtf-progress-title\" >Acidesa<\/span>\n\t\t<span class=\"edgtf-progress-number-wrapper edgtf-floating \" >\n\t\t\t<span class=\"edgtf-progress-number\" >\n\t\t\t\t<span class=\"edgtf-percent\">0<\/span>\n\t\t\t<\/span>\n\t\t<\/span>\n\t<\/h5>\n\t<div class=\"edgtf-progress-content-outer\" >\n\t\t<div data-percentage=85 class=\"edgtf-progress-content\" ><\/div>\n\t<\/div>\n<\/div>\t[vc_empty_space height=\u00bb10px\u00bb]<div class=\"edgtf-progress-bar\">\n\t<h5 class=\"edgtf-progress-title-holder clearfix\" >\n\t\t<span class=\"edgtf-progress-title\" >Cos<\/span>\n\t\t<span class=\"edgtf-progress-number-wrapper edgtf-floating \" >\n\t\t\t<span class=\"edgtf-progress-number\" >\n\t\t\t\t<span class=\"edgtf-percent\">0<\/span>\n\t\t\t<\/span>\n\t\t<\/span>\n\t<\/h5>\n\t<div class=\"edgtf-progress-content-outer\" >\n\t\t<div data-percentage=70 class=\"edgtf-progress-content\" ><\/div>\n\t<\/div>\n<\/div>\t[vc_empty_space height=\u00bb10px\u00bb]<div class=\"edgtf-progress-bar\">\n\t<h5 class=\"edgtf-progress-title-holder clearfix\" >\n\t\t<span class=\"edgtf-progress-title\" >Balanced<\/span>\n\t\t<span class=\"edgtf-progress-number-wrapper edgtf-floating \" >\n\t\t\t<span class=\"edgtf-progress-number\" >\n\t\t\t\t<span class=\"edgtf-percent\">0<\/span>\n\t\t\t<\/span>\n\t\t<\/span>\n\t<\/h5>\n\t<div class=\"edgtf-progress-content-outer\" >\n\t\t<div data-percentage=85 class=\"edgtf-progress-content\" ><\/div>\n\t<\/div>\n<\/div>\t[\/vc_column][\/vc_row]<\/p>\n<\/div>","protected":false},"excerpt":{"rendered":"<p>Una excelente selecci\u00f3n de caf\u00e9s de la m\u00e1s alta calidad producidos en fincas sostenibles e ideal para tomar en formato espresso.<\/p>\n","protected":false},"featured_media":14688,"comment_status":"open","ping_status":"closed","template":"","meta":{"inline_featured_image":false},"product_cat":[129],"product_tag":[],"_links":{"self":[{"href":"https:\/\/cafferavezzi.com\/es\/wp-json\/wp\/v2\/product\/14993"}],"collection":[{"href":"https:\/\/cafferavezzi.com\/es\/wp-json\/wp\/v2\/product"}],"about":[{"href":"https:\/\/cafferavezzi.com\/es\/wp-json\/wp\/v2\/types\/product"}],"replies":[{"embeddable":true,"href":"https:\/\/cafferavezzi.com\/es\/wp-json\/wp\/v2\/comments?post=14993"}],"wp:featuredmedia":[{"embeddable":true,"href":"https:\/\/cafferavezzi.com\/es\/wp-json\/wp\/v2\/media\/14688"}],"wp:attachment":[{"href":"https:\/\/cafferavezzi.com\/es\/wp-json\/wp\/v2\/media?parent=14993"}],"wp:term":[{"taxonomy":"product_cat","embeddable":true,"href":"https:\/\/cafferavezzi.com\/es\/wp-json\/wp\/v2\/product_cat?post=14993"},{"taxonomy":"product_tag","embeddable":true,"href":"https:\/\/cafferavezzi.com\/es\/wp-json\/wp\/v2\/product_tag?post=14993"}],"curies":[{"name":"wp","href":"https:\/\/api.w.org\/{rel}","templated":true}]}}