{"id":14988,"date":"2019-02-22T13:41:49","date_gmt":"2019-02-22T11:41:49","guid":{"rendered":"http:\/\/cafferavezzi.com\/product\/delicato-25-unitats\/"},"modified":"2019-02-25T15:37:38","modified_gmt":"2019-02-25T13:37:38","slug":"delicato-25-unidades","status":"publish","type":"product","link":"https:\/\/cafferavezzi.com\/es\/producte\/delicato-25-unidades\/","title":{"rendered":"Delicato 25 unidades"},"content":{"rendered":"<div class=\"wpb-content-wrapper\"><p>[vc_row][vc_column width=\u00bb7\/12&#8243;][vc_column_text]Gran selecci\u00f3n de caf\u00e9s de muy alta calidad que denotan una punta de acidez caracter\u00edstica de los caf\u00e9s centro americanos y africanos plantados en altura. El resultado es un caf\u00e9 intenso, equilibrado con complejidad de sabores.<\/p>\n<h3>NOTAS DE CATA<\/h3>\n<p>Blend de caf\u00e9s equilibrado con una entrada en boca llena y sedosa con notas de cacao, caramelo y frutos rojos.[\/vc_column_text][\/vc_column][vc_column width=\u00bb5\/12&#8243; css=\u00bb.vc_custom_1551089066914{padding-left: 40px !important;}\u00bb]<div class=\"edgtf-progress-bar\">\n\t<h5 class=\"edgtf-progress-title-holder clearfix\" >\n\t\t<span class=\"edgtf-progress-title\" >Sabor<\/span>\n\t\t<span class=\"edgtf-progress-number-wrapper edgtf-floating \" >\n\t\t\t<span class=\"edgtf-progress-number\" >\n\t\t\t\t<span class=\"edgtf-percent\">0<\/span>\n\t\t\t<\/span>\n\t\t<\/span>\n\t<\/h5>\n\t<div class=\"edgtf-progress-content-outer\" >\n\t\t<div data-percentage=75 class=\"edgtf-progress-content\" ><\/div>\n\t<\/div>\n<\/div>\t[vc_empty_space height=\u00bb10px\u00bb]<div class=\"edgtf-progress-bar\">\n\t<h5 class=\"edgtf-progress-title-holder clearfix\" >\n\t\t<span class=\"edgtf-progress-title\" >Aroma<\/span>\n\t\t<span class=\"edgtf-progress-number-wrapper edgtf-floating \" >\n\t\t\t<span class=\"edgtf-progress-number\" >\n\t\t\t\t<span class=\"edgtf-percent\">0<\/span>\n\t\t\t<\/span>\n\t\t<\/span>\n\t<\/h5>\n\t<div class=\"edgtf-progress-content-outer\" >\n\t\t<div data-percentage=80 class=\"edgtf-progress-content\" ><\/div>\n\t<\/div>\n<\/div>\t[vc_empty_space height=\u00bb10px\u00bb]<div class=\"edgtf-progress-bar\">\n\t<h5 class=\"edgtf-progress-title-holder clearfix\" >\n\t\t<span class=\"edgtf-progress-title\" >Acidesa<\/span>\n\t\t<span class=\"edgtf-progress-number-wrapper edgtf-floating \" >\n\t\t\t<span class=\"edgtf-progress-number\" >\n\t\t\t\t<span class=\"edgtf-percent\">0<\/span>\n\t\t\t<\/span>\n\t\t<\/span>\n\t<\/h5>\n\t<div class=\"edgtf-progress-content-outer\" >\n\t\t<div data-percentage=70 class=\"edgtf-progress-content\" ><\/div>\n\t<\/div>\n<\/div>\t[vc_empty_space height=\u00bb10px\u00bb]<div class=\"edgtf-progress-bar\">\n\t<h5 class=\"edgtf-progress-title-holder clearfix\" >\n\t\t<span class=\"edgtf-progress-title\" >Cos<\/span>\n\t\t<span class=\"edgtf-progress-number-wrapper edgtf-floating \" >\n\t\t\t<span class=\"edgtf-progress-number\" >\n\t\t\t\t<span class=\"edgtf-percent\">0<\/span>\n\t\t\t<\/span>\n\t\t<\/span>\n\t<\/h5>\n\t<div class=\"edgtf-progress-content-outer\" >\n\t\t<div data-percentage=75 class=\"edgtf-progress-content\" ><\/div>\n\t<\/div>\n<\/div>\t[vc_empty_space height=\u00bb10px\u00bb]<div class=\"edgtf-progress-bar\">\n\t<h5 class=\"edgtf-progress-title-holder clearfix\" >\n\t\t<span class=\"edgtf-progress-title\" >Balanced<\/span>\n\t\t<span class=\"edgtf-progress-number-wrapper edgtf-floating \" >\n\t\t\t<span class=\"edgtf-progress-number\" >\n\t\t\t\t<span class=\"edgtf-percent\">0<\/span>\n\t\t\t<\/span>\n\t\t<\/span>\n\t<\/h5>\n\t<div class=\"edgtf-progress-content-outer\" >\n\t\t<div data-percentage=80 class=\"edgtf-progress-content\" ><\/div>\n\t<\/div>\n<\/div>\t[\/vc_column][\/vc_row]<\/p>\n<\/div>","protected":false},"excerpt":{"rendered":"<p>Blend de caf\u00e9s equilibrado con entrada en boca llena y sedosa de cuerpo medio alto y acidez ligera.<\/p>\n","protected":false},"featured_media":14968,"comment_status":"open","ping_status":"closed","template":"","meta":{"inline_featured_image":false},"product_cat":[128],"product_tag":[],"_links":{"self":[{"href":"https:\/\/cafferavezzi.com\/es\/wp-json\/wp\/v2\/product\/14988"}],"collection":[{"href":"https:\/\/cafferavezzi.com\/es\/wp-json\/wp\/v2\/product"}],"about":[{"href":"https:\/\/cafferavezzi.com\/es\/wp-json\/wp\/v2\/types\/product"}],"replies":[{"embeddable":true,"href":"https:\/\/cafferavezzi.com\/es\/wp-json\/wp\/v2\/comments?post=14988"}],"wp:featuredmedia":[{"embeddable":true,"href":"https:\/\/cafferavezzi.com\/es\/wp-json\/wp\/v2\/media\/14968"}],"wp:attachment":[{"href":"https:\/\/cafferavezzi.com\/es\/wp-json\/wp\/v2\/media?parent=14988"}],"wp:term":[{"taxonomy":"product_cat","embeddable":true,"href":"https:\/\/cafferavezzi.com\/es\/wp-json\/wp\/v2\/product_cat?post=14988"},{"taxonomy":"product_tag","embeddable":true,"href":"https:\/\/cafferavezzi.com\/es\/wp-json\/wp\/v2\/product_tag?post=14988"}],"curies":[{"name":"wp","href":"https:\/\/api.w.org\/{rel}","templated":true}]}}