{"id":14775,"date":"2017-01-16T12:02:29","date_gmt":"2017-01-16T12:02:29","guid":{"rendered":"http:\/\/cafferavezzi.com\/home1-main\/"},"modified":"2019-01-21T16:02:01","modified_gmt":"2019-01-21T14:02:01","slug":"home1-main","status":"publish","type":"page","link":"https:\/\/cafferavezzi.com\/es\/","title":{"rendered":"Inicio"},"content":{"rendered":"<div class=\"wpb-content-wrapper\"><p>[vc_row content_width=\u00bbgrid\u00bb content_aligment=\u00bbcenter\u00bb enable_ligher_effect=\u00bbyes\u00bb lighter_effect_bottom=\u00bbno\u00bb css=\u00bb.vc_custom_1487061549155{padding-top: 108px !important;padding-bottom: 60px !important;background-color: #eae7de !important;}\u00bb lighter_effect_background=\u00bb#eae7de\u00bb][vc_column]\n<p class=\"edgtf-section-subtitle\" style=\"text-align:center\">\n\tConoce los diferentes<\/p>[vc_empty_space height=\u00bb20px\u00bb][vc_column_text]<\/p>\n<h2>Formatos de caf\u00e9<\/h2>\n<p>[\/vc_column_text][vc_empty_space height=\u00bb25px\u00bb]<div class=\"edgtf-separator-holder clearfix  edgtf-separator-center\">\n\t<div class=\"edgtf-separator\" style=\"border-color: #c7a17a;width: 120px;border-bottom-width: 2px\"><\/div>\n<\/div>\n[vc_empty_space height=\u00bb25px\u00bb][\/vc_column][\/vc_row][vc_row content_width=\u00bbgrid\u00bb content_aligment=\u00bbcenter\u00bb enable_ligher_effect=\u00bbyes\u00bb lighter_effect_top=\u00bbno\u00bb css=\u00bb.vc_custom_1525246816614{padding-bottom: 68px !important;background-color: #eae7de !important;}\u00bb lighter_effect_background=\u00bb#eae7de\u00bb][vc_column width=\u00bb1\/4&#8243;][vc_single_image image=\u00bb14703&#8243; img_size=\u00bbfull\u00bb onclick=\u00bbcustom_link\u00bb link=\u00bbhttps:\/\/cafferavezzi.com\/es\/cafe-en-grano\/\u00bb][vc_empty_space height=\u00bb24px\u00bb][vc_column_text]<\/p>\n<h3>Caf\u00e9 en grano<\/h3>\n<p>[\/vc_column_text][vc_empty_space height=\u00bb24px\u00bb][vc_column_text]Pensado especialmente para utilizar en la hosteler\u00eda y la restauraci\u00f3n, nuestro caf\u00e9 en grano tiene como denominador com\u00fan la calidad a partir de blends cuidadosamente seleccionados.[\/vc_column_text][vc_empty_space height=\u00bb5px\u00bb]<a itemprop=\"url\" href=\"https:\/\/cafferavezzi.com\/es\/cafe-en-grano\/\" target=\"_self\"  class=\"edgtf-btn edgtf-btn-medium edgtf-btn-transparent edgtf-btn-icon\"  >\n\t<span class=\"edgtf-btn-text\">Ver formato<\/span>\n    <span aria-hidden=\"true\" class=\"edgtf-icon-font-elegant arrow_right \" ><\/span><\/a>[vc_empty_space height=\u00bb30px\u00bb][\/vc_column][vc_column width=\u00bb1\/4&#8243;][vc_single_image image=\u00bb14705&#8243; img_size=\u00bbfull\u00bb onclick=\u00bbcustom_link\u00bb link=\u00bbhttps:\/\/cafferavezzi.com\/es\/capsulas-compatibles\/\u00bb][vc_empty_space height=\u00bb24px\u00bb][vc_column_text]<\/p>\n<h3>C\u00e1psulas compatibles<\/h3>\n<p>[\/vc_column_text][vc_empty_space height=\u00bb24px\u00bb][vc_column_text]Con las c\u00e1psulas compatibles con el sistema Nespresso* Art, fabricadas con aluminio para conservar todo el sabor y aroma, ya puedes saborear el mejor caf\u00e9 c\u00f3modamente en casa.[\/vc_column_text][vc_empty_space height=\u00bb5px\u00bb]<a itemprop=\"url\" href=\"https:\/\/cafferavezzi.com\/es\/capsulas-compatibles\/\" target=\"_self\"  class=\"edgtf-btn edgtf-btn-medium edgtf-btn-transparent edgtf-btn-icon\"  >\n\t<span class=\"edgtf-btn-text\">Ver formato<\/span>\n    <span aria-hidden=\"true\" class=\"edgtf-icon-font-elegant arrow_right \" ><\/span><\/a>[vc_empty_space height=\u00bb30px\u00bb][\/vc_column][vc_column width=\u00bb1\/4&#8243;][vc_single_image image=\u00bb14704&#8243; img_size=\u00bbfull\u00bb onclick=\u00bbcustom_link\u00bb link=\u00bbhttps:\/\/cafferavezzi.com\/es\/cafe-molido\/\u00bb][vc_empty_space height=\u00bb24px\u00bb][vc_column_text]<\/p>\n<h3>Caf\u00e9 molido<\/h3>\n<p>[\/vc_column_text][vc_empty_space height=\u00bb24px\u00bb][vc_column_text]Blends de caf\u00e9 molido de la mejor calidad envasados para mantener sus propiedades intactas. Un caf\u00e9 compatible con infinidad de m\u00e1quinas como las cafeteras de brazo o las tradicionales cafeteras italianas.[\/vc_column_text][vc_empty_space height=\u00bb5px\u00bb]<a itemprop=\"url\" href=\"https:\/\/cafferavezzi.com\/es\/cafe-molido\/\" target=\"_self\"  class=\"edgtf-btn edgtf-btn-medium edgtf-btn-transparent edgtf-btn-icon\"  >\n\t<span class=\"edgtf-btn-text\">Ver formato<\/span>\n    <span aria-hidden=\"true\" class=\"edgtf-icon-font-elegant arrow_right \" ><\/span><\/a>[vc_empty_space height=\u00bb30px\u00bb][\/vc_column][vc_column width=\u00bb1\/4&#8243;][vc_single_image image=\u00bb14706&#8243; img_size=\u00bbfull\u00bb onclick=\u00bbcustom_link\u00bb link=\u00bbhttps:\/\/cafferavezzi.com\/es\/monodosis-cialda\/\u00bb][vc_empty_space height=\u00bb24px\u00bb][vc_column_text]<\/p>\n<h3>Monodosis cialda<\/h3>\n<p>[\/vc_column_text][vc_empty_space height=\u00bb24px\u00bb][vc_column_text]Un formato pr\u00e1ctico que permite comprimir la dosis perfecta de caf\u00e9 molido, siempre de la m\u00e1xima calidad en un filtro de papel y mantener as\u00ed todas sus propiedades.[\/vc_column_text][vc_empty_space height=\u00bb5px\u00bb]<a itemprop=\"url\" href=\"https:\/\/cafferavezzi.com\/es\/monodosis-cialda\/\" target=\"_self\"  class=\"edgtf-btn edgtf-btn-medium edgtf-btn-transparent edgtf-btn-icon\"  >\n\t<span class=\"edgtf-btn-text\">Ver formato<\/span>\n    <span aria-hidden=\"true\" class=\"edgtf-icon-font-elegant arrow_right \" ><\/span><\/a>[vc_empty_space height=\u00bb30px\u00bb][\/vc_column][\/vc_row][vc_row row_type=\u00bbparallax\u00bb content_width=\u00bbgrid\u00bb full_screen_section_height=\u00bbno\u00bb parallax_background_image=\u00bb10582&#8243; css=\u00bb.vc_custom_1485953179680{padding-top: 8.6% !important;padding-bottom: 9% !important;}\u00bb][vc_column]<div class=\"edgtf-elements-holder edgtf-two-columns edgtf-responsive-mode-1024\" ><div class=\"edgtf-elements-holder-item \" data-item-class=\"edgtf-elements-holder-custom-428885\" data-768-1024=\"9% 32%\" data-600-768=\"9% 28%\" >\n\t\t<div class=\"edgtf-elements-holder-item-inner\">\n\t\t<div class=\"edgtf-elements-holder-item-content edgtf-elements-holder-custom-428885\" style=\"padding: 9% 13%\">\n\t\t\t[vc_single_image image=\u00bb14707&#8243; img_size=\u00bbfull\u00bb]\t\t<\/div>\n\t<\/div>\n\t<\/div><div class=\"edgtf-elements-holder-item \" data-item-class=\"edgtf-elements-holder-custom-525359\" >\n\t\t<div class=\"edgtf-elements-holder-item-inner\">\n\t\t<div class=\"edgtf-elements-holder-item-content edgtf-elements-holder-custom-525359\" style=\"padding: 0 40px\">\n\t\t\t\n<p class=\"edgtf-section-subtitle\" style=\"text-align:left;color:#ffffff\">\n\tCaf\u00e9 en grano<\/p>[vc_empty_space height=\u00bb20px\u00bb][vc_column_text]<\/p>\n<h2 style=\"text-align: left;\"><span style=\"color: #ffffff;\">Ideal para cafeter\u00edas.<\/span><\/h2>\n<p>[\/vc_column_text][vc_empty_space height=\u00bb25px\u00bb]<div class=\"edgtf-separator-holder clearfix  edgtf-separator-left\">\n\t<div class=\"edgtf-separator\" style=\"border-color: #ffffff;width: 120px;border-bottom-width: 2px\"><\/div>\n<\/div>\n[vc_empty_space height=\u00bb20px\u00bb][vc_column_text]<span style=\"color: #ffffff;\">El caf\u00e9 en grano de Gran Caff\u00e8 Ravezzi est\u00e1 pensado especialmente para utilizar en establecimientos de hosteler\u00eda y restauraci\u00f3n. Tiene como denominador com\u00fan la calidad, estando elaborado a partir de blends cuidadosamente seleccionados que tienen como resultado el Caf\u00e9 Delicioso, Caf\u00e9 Masimo y Caf\u00e9 Decaffeinato.<\/span>[\/vc_column_text][vc_empty_space height=\u00bb28px\u00bb]<a itemprop=\"url\" href=\"https:\/\/cafferavezzi.com\/es\/cafe-en-grano\/\" target=\"_self\"  class=\"edgtf-btn edgtf-btn-medium edgtf-btn-solid-dark edgtf-btn-custom-hover-color edgtf-btn-icon\" data-hover-color=\"#30271c\" >\n\t<span class=\"edgtf-btn-text\">Ver producto<\/span>\n    <span aria-hidden=\"true\" class=\"edgtf-icon-font-elegant arrow_right \" ><\/span><\/a>\t\t<\/div>\n\t<\/div>\n\t<\/div><\/div>[\/vc_column][\/vc_row][vc_row content_width=\u00bbgrid\u00bb css=\u00bb.vc_custom_1525247402410{margin-top: 70px !important;}\u00bb][vc_column]<div class=\"edgtf-project-presentation presentation-left edgtf-project-presentation-light\">\n\t<div class=\"edgtf-pp-content-holder\">\n\t\t<div class=\"edgtf-pp-content-left\">\n\t\t\t<div class=\"edgtf-pp-background\">\n\t\t\t\t<img decoding=\"async\" src=\"https:\/\/cafferavezzi.com\/wp-content\/uploads\/2018\/04\/bg-casella-info.jpg\" alt=\"Project presentation background\"\/>\n\t\t\t<\/div>\n\t\t\t<div class=\"edgtf-pp-text-holder\">\n\t\t\t\t<div class=\"edgtf-pp-text-table\">\n\t\t\t\t\t<div class=\"edgtf-pp-text-cell\">\n\t\t\t\t\t\t\t\t\t\t\t\t<h2 class=\"edgtf-pp-title\">\n\t\t\t\t\t\tServicios al sector Horeca\t\t\t\t\t<\/h2>\n\t\t\t\t\t\t\t\t\t\t\t\t\t\t\t\t<p class=\"edgtf-pp-subtitle\">\n\t\t\t\t\t\t\tNuestro servicio para profesionales (bares, restaurantes y servicios de catering) se define por ofrecerles siempre un producto de primera calidad con el mejor servicio.\t\t\t\t\t\t<\/p>\n\t\t\t\t\t\t\t\t\t<\/div>\n\t\t\t<\/div>\n\t\t<\/div>\n\t\t\t<\/div>\n\t<div class=\"edgtf-pp-content-right\">\n\t\t<div class=\"edgtf-pp-gallery\">\n\t\t\t<div class=\"edgtf-pp-gallery-slider\" data-autoplay=\"3\" data-pagination=\"yes\">\n\t\t\t\t\t\t\t\t\t<img loading=\"lazy\" decoding=\"async\" width=\"650\" height=\"420\" src=\"https:\/\/cafferavezzi.com\/wp-content\/uploads\/2018\/04\/intro-cafe-03.jpg\" class=\"attachment-full size-full\" alt=\"\" srcset=\"https:\/\/cafferavezzi.com\/wp-content\/uploads\/2018\/04\/intro-cafe-03.jpg 650w, https:\/\/cafferavezzi.com\/wp-content\/uploads\/2018\/04\/intro-cafe-03-600x388.jpg 600w, https:\/\/cafferavezzi.com\/wp-content\/uploads\/2018\/04\/intro-cafe-03-300x194.jpg 300w\" sizes=\"(max-width: 650px) 100vw, 650px\" \/>\t\t\t\t\t\t\t\t\t<img loading=\"lazy\" decoding=\"async\" width=\"650\" height=\"420\" src=\"https:\/\/cafferavezzi.com\/wp-content\/uploads\/2018\/04\/intro-cafe-02.jpg\" class=\"attachment-full size-full\" alt=\"\" srcset=\"https:\/\/cafferavezzi.com\/wp-content\/uploads\/2018\/04\/intro-cafe-02.jpg 650w, https:\/\/cafferavezzi.com\/wp-content\/uploads\/2018\/04\/intro-cafe-02-600x388.jpg 600w, https:\/\/cafferavezzi.com\/wp-content\/uploads\/2018\/04\/intro-cafe-02-300x194.jpg 300w\" sizes=\"(max-width: 650px) 100vw, 650px\" \/>\t\t\t\t\t\t\t\t\t<img loading=\"lazy\" decoding=\"async\" width=\"650\" height=\"420\" src=\"https:\/\/cafferavezzi.com\/wp-content\/uploads\/2018\/04\/intro-cafe-01.jpg\" class=\"attachment-full size-full\" alt=\"\" srcset=\"https:\/\/cafferavezzi.com\/wp-content\/uploads\/2018\/04\/intro-cafe-01.jpg 650w, https:\/\/cafferavezzi.com\/wp-content\/uploads\/2018\/04\/intro-cafe-01-600x388.jpg 600w, https:\/\/cafferavezzi.com\/wp-content\/uploads\/2018\/04\/intro-cafe-01-300x194.jpg 300w\" sizes=\"(max-width: 650px) 100vw, 650px\" \/>\t\t\t\t\t\t\t<\/div>\n\t\t<\/div>\n\t<\/div>\n<\/div>\n<\/div>\n[\/vc_column][\/vc_row][vc_row css=\u00bb.vc_custom_1525247382461{margin-top: 70px !important;}\u00bb][vc_column]<div class=\"edgtf-image-gallery-masonry\">\n\t<div class=\"edgtf-image-masonry-grid-sizer\"><\/div>\n\t\t\t<div class=\"edgtf-gallery-image edgtf-size-big-square\">\n\t\t\t<div class=\"edgtf-gallery-image-inner\">\n\t\t\t\t\t\t\t\t<a href=\"https:\/\/cafferavezzi.com\/wp-content\/uploads\/2018\/10\/galeria-home-01.jpg\" data-rel=\"prettyPhoto[single_pretty_photo]\" title=\"galeria-home-01\">\n\t\t\t\t\t\t\t\t\t\t\t<img loading=\"lazy\" decoding=\"async\" width=\"800\" height=\"800\" src=\"https:\/\/cafferavezzi.com\/wp-content\/uploads\/2018\/10\/galeria-home-01.jpg\" class=\"attachment-barista_edge_large_width_height size-barista_edge_large_width_height\" alt=\"\" srcset=\"https:\/\/cafferavezzi.com\/wp-content\/uploads\/2018\/10\/galeria-home-01.jpg 800w, https:\/\/cafferavezzi.com\/wp-content\/uploads\/2018\/10\/galeria-home-01-300x300.jpg 300w, https:\/\/cafferavezzi.com\/wp-content\/uploads\/2018\/10\/galeria-home-01-100x100.jpg 100w, https:\/\/cafferavezzi.com\/wp-content\/uploads\/2018\/10\/galeria-home-01-600x600.jpg 600w, https:\/\/cafferavezzi.com\/wp-content\/uploads\/2018\/10\/galeria-home-01-150x150.jpg 150w, https:\/\/cafferavezzi.com\/wp-content\/uploads\/2018\/10\/galeria-home-01-768x768.jpg 768w, https:\/\/cafferavezzi.com\/wp-content\/uploads\/2018\/10\/galeria-home-01-550x550.jpg 550w\" sizes=\"(max-width: 800px) 100vw, 800px\" \/>\t\t\t\t\t\t\t\t\t<\/a>\n\t\t\t\t\t\t<\/div>\n\t\t<\/div>\n\t\t\t<div class=\"edgtf-gallery-image edgtf-size-landscape\">\n\t\t\t<div class=\"edgtf-gallery-image-inner\">\n\t\t\t\t\t\t\t\t<a href=\"https:\/\/cafferavezzi.com\/wp-content\/uploads\/2018\/10\/galeria-home-06.jpg\" data-rel=\"prettyPhoto[single_pretty_photo]\" title=\"galeria-home-06\">\n\t\t\t\t\t\t\t\t\t\t\t<img loading=\"lazy\" decoding=\"async\" width=\"800\" height=\"400\" src=\"https:\/\/cafferavezzi.com\/wp-content\/uploads\/2018\/10\/galeria-home-06.jpg\" class=\"attachment-barista_edge_large_width size-barista_edge_large_width\" alt=\"\" srcset=\"https:\/\/cafferavezzi.com\/wp-content\/uploads\/2018\/10\/galeria-home-06.jpg 800w, https:\/\/cafferavezzi.com\/wp-content\/uploads\/2018\/10\/galeria-home-06-600x300.jpg 600w, https:\/\/cafferavezzi.com\/wp-content\/uploads\/2018\/10\/galeria-home-06-300x150.jpg 300w, https:\/\/cafferavezzi.com\/wp-content\/uploads\/2018\/10\/galeria-home-06-768x384.jpg 768w\" sizes=\"(max-width: 800px) 100vw, 800px\" \/>\t\t\t\t\t\t\t\t\t<\/a>\n\t\t\t\t\t\t<\/div>\n\t\t<\/div>\n\t\t\t<div class=\"edgtf-gallery-image edgtf-size-landscape\">\n\t\t\t<div class=\"edgtf-gallery-image-inner\">\n\t\t\t\t\t\t\t\t<a href=\"https:\/\/cafferavezzi.com\/wp-content\/uploads\/2018\/10\/galeria-home-08.jpg\" data-rel=\"prettyPhoto[single_pretty_photo]\" title=\"galeria-home-08\">\n\t\t\t\t\t\t\t\t\t\t\t<img loading=\"lazy\" decoding=\"async\" width=\"800\" height=\"400\" src=\"https:\/\/cafferavezzi.com\/wp-content\/uploads\/2018\/10\/galeria-home-08.jpg\" class=\"attachment-barista_edge_large_width size-barista_edge_large_width\" alt=\"\" srcset=\"https:\/\/cafferavezzi.com\/wp-content\/uploads\/2018\/10\/galeria-home-08.jpg 800w, https:\/\/cafferavezzi.com\/wp-content\/uploads\/2018\/10\/galeria-home-08-600x300.jpg 600w, https:\/\/cafferavezzi.com\/wp-content\/uploads\/2018\/10\/galeria-home-08-300x150.jpg 300w, https:\/\/cafferavezzi.com\/wp-content\/uploads\/2018\/10\/galeria-home-08-768x384.jpg 768w\" sizes=\"(max-width: 800px) 100vw, 800px\" \/>\t\t\t\t\t\t\t\t\t<\/a>\n\t\t\t\t\t\t<\/div>\n\t\t<\/div>\n\t\t\t<div class=\"edgtf-gallery-image edgtf-size-portrait\">\n\t\t\t<div class=\"edgtf-gallery-image-inner\">\n\t\t\t\t\t\t\t\t<a href=\"https:\/\/cafferavezzi.com\/wp-content\/uploads\/2018\/10\/galeria-home-07.jpg\" data-rel=\"prettyPhoto[single_pretty_photo]\" title=\"galeria-home-07\">\n\t\t\t\t\t\t\t\t\t\t\t<img loading=\"lazy\" decoding=\"async\" width=\"400\" height=\"800\" src=\"https:\/\/cafferavezzi.com\/wp-content\/uploads\/2018\/10\/galeria-home-07.jpg\" class=\"attachment-barista_edge_large_height size-barista_edge_large_height\" alt=\"\" srcset=\"https:\/\/cafferavezzi.com\/wp-content\/uploads\/2018\/10\/galeria-home-07.jpg 400w, https:\/\/cafferavezzi.com\/wp-content\/uploads\/2018\/10\/galeria-home-07-150x300.jpg 150w\" sizes=\"(max-width: 400px) 100vw, 400px\" \/>\t\t\t\t\t\t\t\t\t<\/a>\n\t\t\t\t\t\t<\/div>\n\t\t<\/div>\n\t<\/div>[\/vc_column][\/vc_row]<\/p>\n<\/div>","protected":false},"excerpt":{"rendered":"<p>[vc_row content_width=\u00bbgrid\u00bb content_aligment=\u00bbcenter\u00bb enable_ligher_effect=\u00bbyes\u00bb lighter_effect_bottom=\u00bbno\u00bb css=\u00bb.vc_custom_1487061549155{padding-top: 108px !important;padding-bottom: 60px !important;background-color: #eae7de !important;}\u00bb lighter_effect_background=\u00bb#eae7de\u00bb][vc_column][vc_empty_space height=\u00bb20px\u00bb][vc_column_text] Formatos de caf\u00e9 [\/vc_column_text][vc_empty_space height=\u00bb25px\u00bb][vc_empty_space height=\u00bb25px\u00bb][\/vc_column][\/vc_row][vc_row content_width=\u00bbgrid\u00bb content_aligment=\u00bbcenter\u00bb enable_ligher_effect=\u00bbyes\u00bb lighter_effect_top=\u00bbno\u00bb css=\u00bb.vc_custom_1525246816614{padding-bottom: 68px !important;background-color: #eae7de !important;}\u00bb lighter_effect_background=\u00bb#eae7de\u00bb][vc_column&#8230;<\/p>\n","protected":false},"author":1,"featured_media":0,"parent":0,"menu_order":0,"comment_status":"closed","ping_status":"closed","template":"full-width.php","meta":{"inline_featured_image":false,"footnotes":""},"_links":{"self":[{"href":"https:\/\/cafferavezzi.com\/es\/wp-json\/wp\/v2\/pages\/14775"}],"collection":[{"href":"https:\/\/cafferavezzi.com\/es\/wp-json\/wp\/v2\/pages"}],"about":[{"href":"https:\/\/cafferavezzi.com\/es\/wp-json\/wp\/v2\/types\/page"}],"author":[{"embeddable":true,"href":"https:\/\/cafferavezzi.com\/es\/wp-json\/wp\/v2\/users\/1"}],"replies":[{"embeddable":true,"href":"https:\/\/cafferavezzi.com\/es\/wp-json\/wp\/v2\/comments?post=14775"}],"version-history":[{"count":0,"href":"https:\/\/cafferavezzi.com\/es\/wp-json\/wp\/v2\/pages\/14775\/revisions"}],"wp:attachment":[{"href":"https:\/\/cafferavezzi.com\/es\/wp-json\/wp\/v2\/media?parent=14775"}],"curies":[{"name":"wp","href":"https:\/\/api.w.org\/{rel}","templated":true}]}}