{"id":14771,"date":"2018-04-27T10:21:02","date_gmt":"2018-04-27T08:21:02","guid":{"rendered":"http:\/\/cafferavezzi.com\/capsules-compatibles\/"},"modified":"2019-01-25T15:24:48","modified_gmt":"2019-01-25T13:24:48","slug":"capsulas-compatibles","status":"publish","type":"page","link":"https:\/\/cafferavezzi.com\/es\/capsulas-compatibles\/","title":{"rendered":"C\u00e1psulas compatibles"},"content":{"rendered":"<div class=\"wpb-content-wrapper\"><p>[vc_row content_width=\u00bbgrid\u00bb content_aligment=\u00bbcenter\u00bb css=\u00bb.vc_custom_1525077172421{margin-top: 85px !important;}\u00bb][vc_column]\n<p class=\"edgtf-section-subtitle\" >\n\tC\u00e1psulas de aluminio compatibles con<\/p>[vc_empty_space height=\u00bb20px\u00bb][vc_column_text]<\/p>\n<h2>el sistema Nespresso*.<\/h2>\n<p>[\/vc_column_text][vc_empty_space height=\u00bb25px\u00bb]<div class=\"edgtf-separator-holder clearfix  edgtf-separator-center\">\n\t<div class=\"edgtf-separator\" style=\"border-color: #c7a17a;width: 120px;border-bottom-width: 2px\"><\/div>\n<\/div>\n[\/vc_column][\/vc_row][vc_row content_width=\u00bbgrid\u00bb content_aligment=\u00bbcenter\u00bb css=\u00bb.vc_custom_1525077728281{margin-top: 85px !important;}\u00bb][vc_column offset=\u00bbvc_col-lg-offset-0 vc_col-lg-12&#8243;]<div class=\"clearfix edgtf-item-showcase\"><div class=\"edgtf-item-image\" style=\"margin-top:5px;\"><img loading=\"lazy\" decoding=\"async\" width=\"500\" height=\"500\" src=\"https:\/\/cafferavezzi.com\/wp-content\/uploads\/2018\/10\/capsules-monodosi.png\" class=\"attachment-full size-full\" alt=\"\" srcset=\"https:\/\/cafferavezzi.com\/wp-content\/uploads\/2018\/10\/capsules-monodosi.png 500w, https:\/\/cafferavezzi.com\/wp-content\/uploads\/2018\/10\/capsules-monodosi-300x300.png 300w, https:\/\/cafferavezzi.com\/wp-content\/uploads\/2018\/10\/capsules-monodosi-100x100.png 100w, https:\/\/cafferavezzi.com\/wp-content\/uploads\/2018\/10\/capsules-monodosi-150x150.png 150w\" sizes=\"(max-width: 500px) 100vw, 500px\" \/><\/div><div class=\"edgtf-item edgtf-item-left\">\n\t\t<div class=\"edgtf-item-content\">\n\t\t\t\t<div class=\"edgtf-showcase-title-holder\">\n\t\t\t\t\t\t\t<a href=\"\" target=\"_blank\">\n\t\t\t\t\t\t\t<h4 class=\"edgtf-showcase-title\">Caf\u00e8 de calidad<\/h4>\n\t\t\t\t\t\t\t<\/a>\n\t\t\t\t\t<\/div>\n\t\t\t\t<div class=\"edgtf-showcase-text-holder\">\n\t\t\t<p class=\"edgtf-showcase-text\">Los blends de Gran Caff\u00e8 Ravezzi s\u00f3n fruto de una elecci\u00f3n de caf\u00e9s de la m\u00e1s alta calidad con caracter\u00edsticas superiores en cuanto a matices florales, aromas y acidez.<\/p>\n\t\t<\/div>\n\t\t\t<\/div>\n\t\t\t            <div class=\"edgtf-item-custom-icon\">\n\t            <img loading=\"lazy\" decoding=\"async\" width=\"180\" height=\"117\" src=\"https:\/\/cafferavezzi.com\/wp-content\/uploads\/2018\/04\/grans-cafe.png\" class=\"attachment-full size-full\" alt=\"\" \/>\t        <\/div>\n\t        \t<\/div><div class=\"edgtf-item edgtf-item-left\">\n\t\t<div class=\"edgtf-item-content\">\n\t\t\t\t<div class=\"edgtf-showcase-title-holder\">\n\t\t\t\t\t\t\t<a href=\"\" target=\"_blank\">\n\t\t\t\t\t\t\t<h4 class=\"edgtf-showcase-title\">Torrefacci\u00f3n artesanal<\/h4>\n\t\t\t\t\t\t\t<\/a>\n\t\t\t\t\t<\/div>\n\t\t\t\t<div class=\"edgtf-showcase-text-holder\">\n\t\t\t<p class=\"edgtf-showcase-text\">Realizamos una torrefacci\u00f3n semanal del caf\u00e9 para conseguir preservar mejor todas las caracter\u00edsticas del producto.<\/p>\n\t\t<\/div>\n\t\t\t<\/div>\n\t\t\t            <div class=\"edgtf-item-custom-icon\">\n\t            <img loading=\"lazy\" decoding=\"async\" width=\"131\" height=\"180\" src=\"https:\/\/cafferavezzi.com\/wp-content\/uploads\/2018\/04\/icona-torrefaccio.png\" class=\"attachment-full size-full\" alt=\"\" \/>\t        <\/div>\n\t        \t<\/div><div class=\"edgtf-item edgtf-item-left\">\n\t\t<div class=\"edgtf-item-content\">\n\t\t\t\t<div class=\"edgtf-showcase-title-holder\">\n\t\t\t\t\t\t\t<a href=\"\" target=\"_blank\">\n\t\t\t\t\t\t\t<h4 class=\"edgtf-showcase-title\">Blend propio<\/h4>\n\t\t\t\t\t\t\t<\/a>\n\t\t\t\t\t<\/div>\n\t\t\t\t<div class=\"edgtf-showcase-text-holder\">\n\t\t\t<p class=\"edgtf-showcase-text\">Desde Gran Caff\u00e8 Ravezzi creamos nuestras propias mezclas de caf\u00e9 uniendo diferentes variedades u or\u00edgenes de caf\u00e9 para crear una buena mezcla con las particularidades que buscamos en cada caso: cuerpo, aroma, acidez, fragancia\u2026<\/p>\n\t\t<\/div>\n\t\t\t<\/div>\n\t\t\t            <div class=\"edgtf-item-custom-icon\">\n\t            <img loading=\"lazy\" decoding=\"async\" width=\"180\" height=\"131\" src=\"https:\/\/cafferavezzi.com\/wp-content\/uploads\/2018\/04\/icona-blend-propi.png\" class=\"attachment-full size-full\" alt=\"\" \/>\t        <\/div>\n\t        \t<\/div><div class=\"edgtf-item edgtf-item-right\">\n\t\t\t\t\t\t<div class=\"edgtf-item-custom-icon\">\n\t            <img loading=\"lazy\" decoding=\"async\" width=\"180\" height=\"180\" src=\"https:\/\/cafferavezzi.com\/wp-content\/uploads\/2018\/04\/icona-capsula.png\" class=\"attachment-full size-full\" alt=\"\" srcset=\"https:\/\/cafferavezzi.com\/wp-content\/uploads\/2018\/04\/icona-capsula.png 180w, https:\/\/cafferavezzi.com\/wp-content\/uploads\/2018\/04\/icona-capsula-100x100.png 100w, https:\/\/cafferavezzi.com\/wp-content\/uploads\/2018\/04\/icona-capsula-150x150.png 150w\" sizes=\"(max-width: 180px) 100vw, 180px\" \/>\t        <\/div>\n\t        \t\t<div class=\"edgtf-item-content\">\n\t\t\t\t<div class=\"edgtf-showcase-title-holder\">\n\t\t\t\t\t\t\t<a href=\"\" target=\"_blank\">\n\t\t\t\t\t\t\t<h4 class=\"edgtf-showcase-title\">C\u00e1psulas compatibles de aluminio<\/h4>\n\t\t\t\t\t\t\t<\/a>\n\t\t\t\t\t<\/div>\n\t\t\t\t<div class=\"edgtf-showcase-text-holder\">\n\t\t\t<p class=\"edgtf-showcase-text\">Con las c\u00e1psules compatibles con el sistema Nespresso* Art, fabricadas con aluminio para conservar todo el sabor y aroma, ya puedes saborear el mejor caf\u00e9 c\u00f3modamente en casa.<\/p>\n\t\t<\/div>\n\t\t\t<\/div>\n\t<\/div><div class=\"edgtf-item edgtf-item-right\">\n\t\t\t\t\t\t<div class=\"edgtf-item-custom-icon\">\n\t            <img loading=\"lazy\" decoding=\"async\" width=\"122\" height=\"180\" src=\"https:\/\/cafferavezzi.com\/wp-content\/uploads\/2018\/04\/icona-qualitat2.png\" class=\"attachment-full size-full\" alt=\"\" \/>\t        <\/div>\n\t        \t\t<div class=\"edgtf-item-content\">\n\t\t\t\t<div class=\"edgtf-showcase-title-holder\">\n\t\t\t\t\t\t\t<a href=\"\" target=\"_blank\">\n\t\t\t\t\t\t\t<h4 class=\"edgtf-showcase-title\">Calidad superior<\/h4>\n\t\t\t\t\t\t\t<\/a>\n\t\t\t\t\t<\/div>\n\t\t\t\t<div class=\"edgtf-showcase-text-holder\">\n\t\t\t<p class=\"edgtf-showcase-text\">Ofrecer el caf\u00e9 de la mejor calidad ha sido siempre una de las principales razones de ser de Gran Caff\u00e8 Ravezzi.<\/p>\n\t\t<\/div>\n\t\t\t<\/div>\n\t<\/div><div class=\"edgtf-item edgtf-item-right\">\n\t\t\t\t\t\t<div class=\"edgtf-item-custom-icon\">\n\t            <img loading=\"lazy\" decoding=\"async\" width=\"141\" height=\"180\" src=\"https:\/\/cafferavezzi.com\/wp-content\/uploads\/2018\/04\/icona-gustos-locals.png\" class=\"attachment-full size-full\" alt=\"\" \/>\t        <\/div>\n\t        \t\t<div class=\"edgtf-item-content\">\n\t\t\t\t<div class=\"edgtf-showcase-title-holder\">\n\t\t\t\t\t\t\t<a href=\"\" target=\"_blank\">\n\t\t\t\t\t\t\t<h4 class=\"edgtf-showcase-title\">Gustos locales<\/h4>\n\t\t\t\t\t\t\t<\/a>\n\t\t\t\t\t<\/div>\n\t\t\t\t<div class=\"edgtf-showcase-text-holder\">\n\t\t\t<p class=\"edgtf-showcase-text\">Entre nuestros blends hemos creado uno pensando en los caf\u00e9s italianos (Massimo) con mucho cuerpo, crema y fortaleza. Otros est\u00e1n ideados para paladares que buscan encontrar m\u00e1s matices en un blend como el de nuestro Capritxoso caracterizado por su acidez, floral y reminiscencias al chocolate.<\/p>\n\t\t<\/div>\n\t\t\t<\/div>\n\t<\/div><\/div>[\/vc_column][\/vc_row][vc_row content_width=\u00bbgrid\u00bb css=\u00bb.vc_custom_1525077760990{margin-top: 85px !important;}\u00bb][vc_column width=\u00bb5\/12&#8243; css=\u00bb.vc_custom_1539084226420{padding-right: 50px !important;}\u00bb][vc_single_image image=\u00bb14748&#8243; img_size=\u00bbfull\u00bb alignment=\u00bbcenter\u00bb][\/vc_column][vc_column width=\u00bb7\/12&#8243;][vc_column_text]<\/p>\n<h2>C\u00e1psulas compatibles de aluminio<\/h2>\n<p>[\/vc_column_text]<div class=\"edgtf-separator-holder clearfix  edgtf-separator-left\">\n\t<div class=\"edgtf-separator\" style=\"border-color: #c7a17a;width: 120px;border-bottom-width: 2px;margin-top: 17px\"><\/div>\n<\/div>\n[vc_empty_space height=\u00bb40px\u00bb][vc_column_text]La \u00faltima incorporaci\u00f3n a la oferta de Gran Caff\u00e8 Ravezzi son las c\u00e1psulas Art, compatibles con el sistema Nespresso* y fabricadas con aluminio para conservar todo el sabor y el aroma del mejor caf\u00e9. Apostamos as\u00ed por ofrecer a los amantes del caf\u00e9 un formato pr\u00e1ctico y adaptado a las nuevas expectativas de nuestros clientes.[\/vc_column_text][vc_empty_space height=\u00bb30px\u00bb]\n<blockquote class=\"edgtf-blockquote-shortcode\" style=\"width: 85%\" >\n\t<span class=\"edgtf-blockquote-text\">\n\t\tLas c\u00e1psulas Art, compatibles con el sistema Nespresso*, han sido fabricadas con aluminio para conservar mejor el sabor, los aromas, la intensidad y la crema del caf\u00e9.\t<\/span>\n<\/blockquote>[vc_empty_space height=\u00bb30px\u00bb][vc_column_text]\u00bfPor qu\u00e9 utilizamos el aluminio para fabricar las c\u00e1psulas Art? Porque conserva mejor el sabor del caf\u00e9 y hace que apreciemos mejor los aromas, la intensidad y la crema. Todos estos aspectos son las principales caracter\u00edsticas de un producto de calidad. Un producto que ofrecemos en las variedades: Nero Ristretto, Delicato Intenso, Organic Lungo y Decaffeinato Intenso.[\/vc_column_text][\/vc_column][\/vc_row][vc_row css=\u00bb.vc_custom_1539030108915{margin-top: 135px !important;}\u00bb][vc_column css=\u00bb.vc_custom_1525077448473{padding-top: 0px !important;padding-right: 0px !important;padding-bottom: 0px !important;padding-left: 0px !important;}\u00bb]<div class=\"edgtf-image-gallery-masonry\">\n\t<div class=\"edgtf-image-masonry-grid-sizer\"><\/div>\n\t\t\t<div class=\"edgtf-gallery-image edgtf-size-landscape\">\n\t\t\t<div class=\"edgtf-gallery-image-inner\">\n\t\t\t\t\t\t\t\t\t\t<img loading=\"lazy\" decoding=\"async\" width=\"800\" height=\"400\" src=\"https:\/\/cafferavezzi.com\/wp-content\/uploads\/2018\/10\/galeria-home-06.jpg\" class=\"attachment-barista_edge_large_width size-barista_edge_large_width\" alt=\"\" srcset=\"https:\/\/cafferavezzi.com\/wp-content\/uploads\/2018\/10\/galeria-home-06.jpg 800w, https:\/\/cafferavezzi.com\/wp-content\/uploads\/2018\/10\/galeria-home-06-600x300.jpg 600w, https:\/\/cafferavezzi.com\/wp-content\/uploads\/2018\/10\/galeria-home-06-300x150.jpg 300w, https:\/\/cafferavezzi.com\/wp-content\/uploads\/2018\/10\/galeria-home-06-768x384.jpg 768w\" sizes=\"(max-width: 800px) 100vw, 800px\" \/>\t\t\t\t\t\t\t\t<\/div>\n\t\t<\/div>\n\t\t\t<div class=\"edgtf-gallery-image edgtf-size-square\">\n\t\t\t<div class=\"edgtf-gallery-image-inner\">\n\t\t\t\t\t\t\t\t\t\t<img loading=\"lazy\" decoding=\"async\" width=\"550\" height=\"550\" src=\"https:\/\/cafferavezzi.com\/wp-content\/uploads\/2018\/10\/galeria-cafe-gra-03-550x550.jpg\" class=\"attachment-barista_edge_square size-barista_edge_square\" alt=\"\" srcset=\"https:\/\/cafferavezzi.com\/wp-content\/uploads\/2018\/10\/galeria-cafe-gra-03-550x550.jpg 550w, https:\/\/cafferavezzi.com\/wp-content\/uploads\/2018\/10\/galeria-cafe-gra-03-300x300.jpg 300w, https:\/\/cafferavezzi.com\/wp-content\/uploads\/2018\/10\/galeria-cafe-gra-03-100x100.jpg 100w, https:\/\/cafferavezzi.com\/wp-content\/uploads\/2018\/10\/galeria-cafe-gra-03-600x600.jpg 600w, https:\/\/cafferavezzi.com\/wp-content\/uploads\/2018\/10\/galeria-cafe-gra-03-150x150.jpg 150w, https:\/\/cafferavezzi.com\/wp-content\/uploads\/2018\/10\/galeria-cafe-gra-03-768x768.jpg 768w, https:\/\/cafferavezzi.com\/wp-content\/uploads\/2018\/10\/galeria-cafe-gra-03.jpg 800w\" sizes=\"(max-width: 550px) 100vw, 550px\" \/>\t\t\t\t\t\t\t\t<\/div>\n\t\t<\/div>\n\t\t\t<div class=\"edgtf-gallery-image edgtf-size-big-square\">\n\t\t\t<div class=\"edgtf-gallery-image-inner\">\n\t\t\t\t\t\t\t\t\t\t<img loading=\"lazy\" decoding=\"async\" width=\"800\" height=\"800\" src=\"https:\/\/cafferavezzi.com\/wp-content\/uploads\/2018\/10\/galeria-cafe-gra-08.jpg\" class=\"attachment-barista_edge_large_width_height size-barista_edge_large_width_height\" alt=\"\" srcset=\"https:\/\/cafferavezzi.com\/wp-content\/uploads\/2018\/10\/galeria-cafe-gra-08.jpg 800w, https:\/\/cafferavezzi.com\/wp-content\/uploads\/2018\/10\/galeria-cafe-gra-08-300x300.jpg 300w, https:\/\/cafferavezzi.com\/wp-content\/uploads\/2018\/10\/galeria-cafe-gra-08-100x100.jpg 100w, https:\/\/cafferavezzi.com\/wp-content\/uploads\/2018\/10\/galeria-cafe-gra-08-600x600.jpg 600w, https:\/\/cafferavezzi.com\/wp-content\/uploads\/2018\/10\/galeria-cafe-gra-08-150x150.jpg 150w, https:\/\/cafferavezzi.com\/wp-content\/uploads\/2018\/10\/galeria-cafe-gra-08-768x768.jpg 768w, https:\/\/cafferavezzi.com\/wp-content\/uploads\/2018\/10\/galeria-cafe-gra-08-550x550.jpg 550w\" sizes=\"(max-width: 800px) 100vw, 800px\" \/>\t\t\t\t\t\t\t\t<\/div>\n\t\t<\/div>\n\t\t\t<div class=\"edgtf-gallery-image edgtf-size-landscape\">\n\t\t\t<div class=\"edgtf-gallery-image-inner\">\n\t\t\t\t\t\t\t\t\t\t<img loading=\"lazy\" decoding=\"async\" width=\"800\" height=\"400\" src=\"https:\/\/cafferavezzi.com\/wp-content\/uploads\/2018\/10\/galeria-cafe-gra-06.jpg\" class=\"attachment-barista_edge_large_width size-barista_edge_large_width\" alt=\"\" srcset=\"https:\/\/cafferavezzi.com\/wp-content\/uploads\/2018\/10\/galeria-cafe-gra-06.jpg 800w, https:\/\/cafferavezzi.com\/wp-content\/uploads\/2018\/10\/galeria-cafe-gra-06-600x300.jpg 600w, https:\/\/cafferavezzi.com\/wp-content\/uploads\/2018\/10\/galeria-cafe-gra-06-300x150.jpg 300w, https:\/\/cafferavezzi.com\/wp-content\/uploads\/2018\/10\/galeria-cafe-gra-06-768x384.jpg 768w\" sizes=\"(max-width: 800px) 100vw, 800px\" \/>\t\t\t\t\t\t\t\t<\/div>\n\t\t<\/div>\n\t\t\t<div class=\"edgtf-gallery-image edgtf-size-square\">\n\t\t\t<div class=\"edgtf-gallery-image-inner\">\n\t\t\t\t\t\t\t\t\t\t<img loading=\"lazy\" decoding=\"async\" width=\"550\" height=\"550\" src=\"https:\/\/cafferavezzi.com\/wp-content\/uploads\/2018\/04\/bosses-quilo-retallades-550x550.jpg\" class=\"attachment-barista_edge_square size-barista_edge_square\" alt=\"\" srcset=\"https:\/\/cafferavezzi.com\/wp-content\/uploads\/2018\/04\/bosses-quilo-retallades-550x550.jpg 550w, https:\/\/cafferavezzi.com\/wp-content\/uploads\/2018\/04\/bosses-quilo-retallades-300x300.jpg 300w, https:\/\/cafferavezzi.com\/wp-content\/uploads\/2018\/04\/bosses-quilo-retallades-100x100.jpg 100w, https:\/\/cafferavezzi.com\/wp-content\/uploads\/2018\/04\/bosses-quilo-retallades-600x600.jpg 600w, https:\/\/cafferavezzi.com\/wp-content\/uploads\/2018\/04\/bosses-quilo-retallades-150x150.jpg 150w, https:\/\/cafferavezzi.com\/wp-content\/uploads\/2018\/04\/bosses-quilo-retallades-768x768.jpg 768w, https:\/\/cafferavezzi.com\/wp-content\/uploads\/2018\/04\/bosses-quilo-retallades.jpg 800w\" sizes=\"(max-width: 550px) 100vw, 550px\" \/>\t\t\t\t\t\t\t\t<\/div>\n\t\t<\/div>\n\t<\/div>[\/vc_column][\/vc_row][vc_row content_width=\u00bbgrid\u00bb css=\u00bb.vc_custom_1538990180875{margin-top: 65px !important;}\u00bb][vc_column css=\u00bb.vc_custom_1525077383737{padding-top: 0px !important;padding-right: 0px !important;padding-bottom: 0px !important;padding-left: 0px !important;}\u00bb]<div class=\"edgtf-elements-holder edgtf-three-columns edgtf-responsive-mode-1024\" ><div class=\"edgtf-elements-holder-item \" data-item-class=\"edgtf-elements-holder-custom-532778\" data-768-1024=\"25% 0 25% 0\" data-600-768=\"30.5% 0 30.5% 0 \" data-480-600=\"46% 0 46% 0 \" data-480=\"46% 0 46% 0 \" style=\"background-image: url(https:\/\/cafferavezzi.com\/wp-content\/uploads\/2018\/10\/galeria-home-01.jpg)\">\n\t\t\t<a class=\"edgtf-elements-holder-item-link\" href=\"https:\/\/cafferavezzi.com\/cafe-en-gra\/\" target=\"_self\"><\/a>\n\t\t<div class=\"edgtf-elements-holder-item-inner\">\n\t\t<div class=\"edgtf-elements-holder-item-content edgtf-elements-holder-custom-532778\" style=\"padding: 0 0 0 0\">\n\t\t\t\t\t<\/div>\n\t<\/div>\n\t<\/div><div class=\"edgtf-elements-holder-item \" data-item-class=\"edgtf-elements-holder-custom-145119\" data-1024-1280=\"16% 10% 12% 12%\" data-768-1024=\"100px 48% 85px 80px \" data-600-768=\"90px 34% 76px 80px\" data-480-600=\"50px 2% 33px 15px \" data-480=\"50px 2% 33px 15px \" style=\"background-color: #eae7de\">\n\t\t<div class=\"edgtf-elements-holder-item-inner\">\n\t\t<div class=\"edgtf-elements-holder-item-content edgtf-elements-holder-custom-145119\" style=\"padding: 16% 15% 12% 12%\">\n\t\t\t[vc_column_text]<\/p>\n<h3>Nuestros servicios<\/h3>\n<p>[\/vc_column_text][vc_empty_space height=\u00bb30&#8243;][vc_column_text]Desde nuestros or\u00edgenes, en Gran Caff\u00e8 Ravezzi hemos tenido una gran vocaci\u00f3n de servicio hacia nuestros clientes. Un servicio pr\u00f3ximo y \u00e1gil para hacerles el d\u00eda a d\u00eda m\u00e1s f\u00e1cil.[\/vc_column_text][vc_empty_space height=\u00bb16px\u00bb]<a itemprop=\"url\" href=\"https:\/\/cafferavezzi.com\/es\/servicios\/\" target=\"_self\" style=\"color: #30271c\" class=\"edgtf-btn edgtf-btn-medium edgtf-btn-transparent edgtf-btn-icon\"  >\n\t<span class=\"edgtf-btn-text\">conoce m\u00e1s<\/span>\n    <span aria-hidden=\"true\" class=\"edgtf-icon-font-elegant arrow_right \" ><\/span><\/a>\t\t<\/div>\n\t<\/div>\n\t<\/div><div class=\"edgtf-elements-holder-item \" data-item-class=\"edgtf-elements-holder-custom-268871\" data-768-1024=\"25% 0 25% 0\" data-600-768=\"30.5% 0 30.5% 0 \" data-480-600=\"46% 0 46% 0 \" data-480=\"46% 0 46% 0 \" style=\"background-image: url(https:\/\/cafferavezzi.com\/wp-content\/uploads\/2018\/10\/capsules-bn-scaled.jpg)\">\n\t\t\t<a class=\"edgtf-elements-holder-item-link\" href=\"https:\/\/cafferavezzi.com\/capsules-compatibles\/\" target=\"_self\"><\/a>\n\t\t<div class=\"edgtf-elements-holder-item-inner\">\n\t\t<div class=\"edgtf-elements-holder-item-content edgtf-elements-holder-custom-268871\" style=\"padding: 0 0 0 0\">\n\t\t\t\t\t<\/div>\n\t<\/div>\n\t<\/div><\/div>[\/vc_column][\/vc_row][vc_row content_width=\u00bbgrid\u00bb][vc_column css=\u00bb.vc_custom_1525077467608{padding-top: 0px !important;padding-right: 0px !important;padding-bottom: 0px !important;padding-left: 0px !important;}\u00bb]<div class=\"edgtf-elements-holder edgtf-three-columns edgtf-responsive-mode-1024\" ><div class=\"edgtf-elements-holder-item \" data-item-class=\"edgtf-elements-holder-custom-559603\" data-1024-1280=\"16% 10% 12% 12%\" data-768-1024=\"100px 48% 85px 80px \" data-600-768=\"90px 34% 76px 80px\" data-480-600=\"50px 2% 33px 15px \" data-480=\"50px 2% 33px 15px \" style=\"background-color: #c8bfa3\">\n\t\t<div class=\"edgtf-elements-holder-item-inner\">\n\t\t<div class=\"edgtf-elements-holder-item-content edgtf-elements-holder-custom-559603\" style=\"padding: 16% 15% 12% 12%\">\n\t\t\t[vc_column_text el_class=\u00bblight\u00bb]<\/p>\n<h3>Caf\u00e9 en grano para HORECA<\/h3>\n<p>[\/vc_column_text][vc_empty_space height=\u00bb30px\u00bb][vc_column_text el_class=\u00bblight\u00bb]El caf\u00e9 en grano de Gran Caff\u00e8 Ravezzi tiene como denominador com\u00fan la calidad, a partir de blends cuidadosamente seleccionados para ofrecer el mejor resultado en la taza.[\/vc_column_text][vc_empty_space height=\u00bb16px\u00bb]<a itemprop=\"url\" href=\"https:\/\/cafferavezzi.com\/es\/contacto\" target=\"_self\" style=\"color: #ffffff\" class=\"edgtf-btn edgtf-btn-medium edgtf-btn-transparent edgtf-btn-icon\"  >\n\t<span class=\"edgtf-btn-text\">Cont\u00e1ctanos<\/span>\n    <span aria-hidden=\"true\" class=\"edgtf-icon-font-elegant arrow_right \" ><\/span><\/a>\t\t<\/div>\n\t<\/div>\n\t<\/div><div class=\"edgtf-elements-holder-item \" data-item-class=\"edgtf-elements-holder-custom-879259\" data-768-1024=\"25% 0 25% 0\" data-600-768=\"30.5% 0 30.5% 0 \" data-480-600=\"46% 0 46% 0 \" data-480=\"46% 0 46% 0 \" style=\"background-image: url(https:\/\/cafferavezzi.com\/wp-content\/uploads\/2018\/04\/probat-03-scaled.jpg)\">\n\t\t\t<a class=\"edgtf-elements-holder-item-link\" href=\"https:\/\/cafferavezzi.com\/el-nostre-proces\/\" target=\"_self\"><\/a>\n\t\t<div class=\"edgtf-elements-holder-item-inner\">\n\t\t<div class=\"edgtf-elements-holder-item-content edgtf-elements-holder-custom-879259\" style=\"padding: 0 0 0 0\">\n\t\t\t\t\t<\/div>\n\t<\/div>\n\t<\/div><div class=\"edgtf-elements-holder-item \" data-item-class=\"edgtf-elements-holder-custom-606589\" data-1024-1280=\"16% 9% 12% 12%\" data-768-1024=\"100px 48% 85px 80px \" data-600-768=\"90px 34% 76px 80px\" data-480-600=\"50px 2% 33px 15px \" data-480=\"50px 2% 33px 15px \" style=\"background-image: url(https:\/\/cafferavezzi.com\/wp-content\/uploads\/2018\/04\/bg-bloc-capsules.png)\">\n\t\t<div class=\"edgtf-elements-holder-item-inner\">\n\t\t<div class=\"edgtf-elements-holder-item-content edgtf-elements-holder-custom-606589\" style=\"padding: 16% 15% 12% 12%\">\n\t\t\t[vc_column_text el_class=\u00bblight\u00bb]<\/p>\n<h3>C\u00e1psulas compatibles de aluminio<\/h3>\n<p>[\/vc_column_text][vc_empty_space height=\u00bb30px\u00bb][vc_column_text el_class=\u00bblight\u00bb]Las c\u00e1psulas Art, compatibles con el sistema Nespresso*, han sido fabricadas con aluminio para conservar mejor el sabor, los aromas, la intensidad y la crema del caf\u00e9.[\/vc_column_text][vc_empty_space height=\u00bb16px\u00bb]<a itemprop=\"url\" href=\"https:\/\/cafferavezzi.com\/es\/capsulas-compatibles\/\" target=\"_self\" style=\"color: #ffffff\" class=\"edgtf-btn edgtf-btn-medium edgtf-btn-transparent edgtf-btn-icon\"  >\n\t<span class=\"edgtf-btn-text\">comprar ahora<\/span>\n    <span aria-hidden=\"true\" class=\"edgtf-icon-font-elegant arrow_right \" ><\/span><\/a>\t\t<\/div>\n\t<\/div>\n\t<\/div><\/div>[\/vc_column][\/vc_row][vc_row content_aligment=\u00bbcenter\u00bb css=\u00bb.vc_custom_1539029985338{margin-top: 65px !important;padding-top: 40px !important;padding-bottom: 33px !important;background-color: #f5f5f5 !important;}\u00bb][vc_column width=\u00bb1\/2&#8243; offset=\u00bbvc_col-lg-offset-3&#8243;]<div class=\"edgtf-carousel-holder clearfix\"><div class=\"edgtf-carousel edgtf-slick-slider-navigation-style\" data-items=\"3\" data-arrows-navigation=\"no\" data-dots-navigation=\"no\"><div class=\"edgtf-carousel-item-holder\">\n\t\t\t\t\t\t<span class=\"edgtf-carousel-first-image-holder  edgtf-image-zoom\">\n\t\t\t\t<img decoding=\"async\" src=\"https:\/\/cafferavezzi.com\/wp-content\/uploads\/2018\/04\/UTZ-original.png\" alt=\"UTZ\">\n\t\t\t<\/span>\n\t\t\t\t\t<\/div><div class=\"edgtf-carousel-item-holder\">\n\t\t\t\t\t\t<span class=\"edgtf-carousel-first-image-holder  edgtf-image-zoom\">\n\t\t\t\t<img decoding=\"async\" src=\"https:\/\/cafferavezzi.com\/wp-content\/uploads\/2018\/04\/rainforest-original.png\" alt=\"rainforest\">\n\t\t\t<\/span>\n\t\t\t\t\t<\/div><div class=\"edgtf-carousel-item-holder\">\n\t\t\t\t\t\t<span class=\"edgtf-carousel-first-image-holder  edgtf-image-zoom\">\n\t\t\t\t<img decoding=\"async\" src=\"https:\/\/cafferavezzi.com\/wp-content\/uploads\/2018\/04\/swiss-decaf-original.png\" alt=\"swiss decaf\">\n\t\t\t<\/span>\n\t\t\t\t\t<\/div><\/div><\/div>[\/vc_column][\/vc_row]<\/p>\n<\/div>","protected":false},"excerpt":{"rendered":"<p>[vc_row content_width=\u00bbgrid\u00bb content_aligment=\u00bbcenter\u00bb css=\u00bb.vc_custom_1525077172421{margin-top: 85px !important;}\u00bb][vc_column][vc_empty_space height=\u00bb20px\u00bb][vc_column_text] el sistema Nespresso*. [\/vc_column_text][vc_empty_space height=\u00bb25px\u00bb][\/vc_column][\/vc_row][vc_row content_width=\u00bbgrid\u00bb content_aligment=\u00bbcenter\u00bb css=\u00bb.vc_custom_1525077728281{margin-top: 85px !important;}\u00bb][vc_column offset=\u00bbvc_col-lg-offset-0 vc_col-lg-12&#8243;][\/vc_column][\/vc_row][vc_row content_width=\u00bbgrid\u00bb css=\u00bb.vc_custom_1525077760990{margin-top: 85px !important;}\u00bb][vc_column width=\u00bb5\/12&#8243; css=\u00bb.vc_custom_1539084226420{padding-right: 50px !important;}\u00bb][vc_single_image image=\u00bb14748&#8243; img_size=\u00bbfull\u00bb alignment=\u00bbcenter\u00bb][\/vc_column][vc_column&#8230;<\/p>\n","protected":false},"author":1,"featured_media":0,"parent":0,"menu_order":0,"comment_status":"closed","ping_status":"closed","template":"full-width.php","meta":{"inline_featured_image":false,"footnotes":""},"_links":{"self":[{"href":"https:\/\/cafferavezzi.com\/es\/wp-json\/wp\/v2\/pages\/14771"}],"collection":[{"href":"https:\/\/cafferavezzi.com\/es\/wp-json\/wp\/v2\/pages"}],"about":[{"href":"https:\/\/cafferavezzi.com\/es\/wp-json\/wp\/v2\/types\/page"}],"author":[{"embeddable":true,"href":"https:\/\/cafferavezzi.com\/es\/wp-json\/wp\/v2\/users\/1"}],"replies":[{"embeddable":true,"href":"https:\/\/cafferavezzi.com\/es\/wp-json\/wp\/v2\/comments?post=14771"}],"version-history":[{"count":0,"href":"https:\/\/cafferavezzi.com\/es\/wp-json\/wp\/v2\/pages\/14771\/revisions"}],"wp:attachment":[{"href":"https:\/\/cafferavezzi.com\/es\/wp-json\/wp\/v2\/media?parent=14771"}],"curies":[{"name":"wp","href":"https:\/\/api.w.org\/{rel}","templated":true}]}}