{"id":14770,"date":"2018-04-27T10:21:25","date_gmt":"2018-04-27T08:21:25","guid":{"rendered":"http:\/\/cafferavezzi.com\/monodosis-cialda\/"},"modified":"2019-01-25T15:24:50","modified_gmt":"2019-01-25T13:24:50","slug":"monodosis-cialda","status":"publish","type":"page","link":"https:\/\/cafferavezzi.com\/es\/monodosis-cialda\/","title":{"rendered":"Monodosis Cialda"},"content":{"rendered":"<div class=\"wpb-content-wrapper\"><p>[vc_row content_width=\u00bbgrid\u00bb content_aligment=\u00bbcenter\u00bb enable_ligher_effect=\u00bbyes\u00bb lighter_effect_bottom=\u00bbno\u00bb css=\u00bb.vc_custom_1486654205977{padding-top: 85px !important;}\u00bb][vc_column]\n<p class=\"edgtf-section-subtitle\" >\n\tMonodosis de caf\u00e9<\/p>[vc_empty_space height=\u00bb20px\u00bb][vc_column_text]<\/p>\n<h2>de tipo cialda o E.S.E<\/h2>\n<p>[\/vc_column_text][vc_empty_space height=\u00bb25px\u00bb]<div class=\"edgtf-separator-holder clearfix  edgtf-separator-center\">\n\t<div class=\"edgtf-separator\" style=\"border-color: #c7a17a;width: 120px;border-bottom-width: 2px\"><\/div>\n<\/div>\n[\/vc_column][\/vc_row][vc_row content_width=\u00bbgrid\u00bb content_aligment=\u00bbcenter\u00bb css=\u00bb.vc_custom_1486121489437{padding-top: 55px !important;padding-bottom: 35px !important;}\u00bb][vc_column offset=\u00bbvc_col-lg-offset-0 vc_col-lg-12&#8243; css=\u00bb.vc_custom_1486654940611{padding-right: 6% !important;padding-left: 6% !important;}\u00bb]<div class=\"clearfix edgtf-item-showcase\"><div class=\"edgtf-item-image\" style=\"margin-top:5px;\"><img loading=\"lazy\" decoding=\"async\" width=\"700\" height=\"1000\" src=\"https:\/\/cafferavezzi.com\/wp-content\/uploads\/2018\/04\/propietats-cialda.jpg\" class=\"attachment-full size-full\" alt=\"\" srcset=\"https:\/\/cafferavezzi.com\/wp-content\/uploads\/2018\/04\/propietats-cialda.jpg 700w, https:\/\/cafferavezzi.com\/wp-content\/uploads\/2018\/04\/propietats-cialda-600x857.jpg 600w, https:\/\/cafferavezzi.com\/wp-content\/uploads\/2018\/04\/propietats-cialda-210x300.jpg 210w\" sizes=\"(max-width: 700px) 100vw, 700px\" \/><\/div><div class=\"edgtf-item edgtf-item-left\">\n\t\t<div class=\"edgtf-item-content\">\n\t\t\t\t<div class=\"edgtf-showcase-title-holder\">\n\t\t\t\t\t\t\t<a href=\"\" target=\"_blank\">\n\t\t\t\t\t\t\t<h4 class=\"edgtf-showcase-title\">Caf\u00e8 de calidad<\/h4>\n\t\t\t\t\t\t\t<\/a>\n\t\t\t\t\t<\/div>\n\t\t\t\t<div class=\"edgtf-showcase-text-holder\">\n\t\t\t<p class=\"edgtf-showcase-text\">Los blends de Gran Caff\u00e8 Ravezzi s\u00f3n fruto de una elecci\u00f3n de caf\u00e9s de la m\u00e1s alta calidad con caracter\u00edsticas superiores en cuanto a matices florales, aromas y acidez.<\/p>\n\t\t<\/div>\n\t\t\t<\/div>\n\t\t\t            <div class=\"edgtf-item-custom-icon\">\n\t            <img loading=\"lazy\" decoding=\"async\" width=\"180\" height=\"117\" src=\"https:\/\/cafferavezzi.com\/wp-content\/uploads\/2018\/04\/grans-cafe.png\" class=\"attachment-full size-full\" alt=\"\" \/>\t        <\/div>\n\t        \t<\/div><div class=\"edgtf-item edgtf-item-left\">\n\t\t<div class=\"edgtf-item-content\">\n\t\t\t\t<div class=\"edgtf-showcase-title-holder\">\n\t\t\t\t\t\t\t<a href=\"\" target=\"_blank\">\n\t\t\t\t\t\t\t<h4 class=\"edgtf-showcase-title\">Torrefacci\u00f3n artesanal<\/h4>\n\t\t\t\t\t\t\t<\/a>\n\t\t\t\t\t<\/div>\n\t\t\t\t<div class=\"edgtf-showcase-text-holder\">\n\t\t\t<p class=\"edgtf-showcase-text\">Realizamos una torrefacci\u00f3n semanal del caf\u00e9 para conseguir preservar mejor todas las caracter\u00edsticas del producto.<\/p>\n\t\t<\/div>\n\t\t\t<\/div>\n\t\t\t            <div class=\"edgtf-item-custom-icon\">\n\t            <img loading=\"lazy\" decoding=\"async\" width=\"131\" height=\"180\" src=\"https:\/\/cafferavezzi.com\/wp-content\/uploads\/2018\/04\/icona-torrefaccio.png\" class=\"attachment-full size-full\" alt=\"\" \/>\t        <\/div>\n\t        \t<\/div><div class=\"edgtf-item edgtf-item-left\">\n\t\t<div class=\"edgtf-item-content\">\n\t\t\t\t<div class=\"edgtf-showcase-title-holder\">\n\t\t\t\t\t\t\t<a href=\"\" target=\"_blank\">\n\t\t\t\t\t\t\t<h4 class=\"edgtf-showcase-title\">Blend propio<\/h4>\n\t\t\t\t\t\t\t<\/a>\n\t\t\t\t\t<\/div>\n\t\t\t\t<div class=\"edgtf-showcase-text-holder\">\n\t\t\t<p class=\"edgtf-showcase-text\">Desde Gran Caff\u00e8 Ravezzi creamos nuestras propias mezclas de caf\u00e9 uniendo diferentes variedades u or\u00edgenes de caf\u00e9 para crear una buena mezcla con las particularidades que buscamos en cada caso: cuerpo, aroma, acidez, fragancia\u2026<\/p>\n\t\t<\/div>\n\t\t\t<\/div>\n\t\t\t            <div class=\"edgtf-item-custom-icon\">\n\t            <img loading=\"lazy\" decoding=\"async\" width=\"180\" height=\"131\" src=\"https:\/\/cafferavezzi.com\/wp-content\/uploads\/2018\/04\/icona-blend-propi.png\" class=\"attachment-full size-full\" alt=\"\" \/>\t        <\/div>\n\t        \t<\/div><div class=\"edgtf-item edgtf-item-right\">\n\t\t\t\t\t\t<div class=\"edgtf-item-custom-icon\">\n\t            <img loading=\"lazy\" decoding=\"async\" width=\"152\" height=\"180\" src=\"https:\/\/cafferavezzi.com\/wp-content\/uploads\/2018\/04\/icona-cafetera-tradicional.png\" class=\"attachment-full size-full\" alt=\"\" \/>\t        <\/div>\n\t        \t\t<div class=\"edgtf-item-content\">\n\t\t\t\t<div class=\"edgtf-showcase-title-holder\">\n\t\t\t\t\t\t\t<a href=\"\" target=\"_blank\">\n\t\t\t\t\t\t\t<h4 class=\"edgtf-showcase-title\">Compatible con m\u00faltiples cafeteras<\/h4>\n\t\t\t\t\t\t\t<\/a>\n\t\t\t\t\t<\/div>\n\t\t\t\t<div class=\"edgtf-showcase-text-holder\">\n\t\t\t<p class=\"edgtf-showcase-text\">Un formato pr\u00e1ctico que permite comprimir la dosis perfecta de caf\u00e9 molido, siempre de la m\u00e1xima calidad, en un filtro de papel manteniendo as\u00ed todas sus propiedades.<\/p>\n\t\t<\/div>\n\t\t\t<\/div>\n\t<\/div><div class=\"edgtf-item edgtf-item-right\">\n\t\t\t\t\t\t<div class=\"edgtf-item-custom-icon\">\n\t            <img loading=\"lazy\" decoding=\"async\" width=\"122\" height=\"180\" src=\"https:\/\/cafferavezzi.com\/wp-content\/uploads\/2018\/04\/icona-qualitat2.png\" class=\"attachment-full size-full\" alt=\"\" \/>\t        <\/div>\n\t        \t\t<div class=\"edgtf-item-content\">\n\t\t\t\t<div class=\"edgtf-showcase-title-holder\">\n\t\t\t\t\t\t\t<a href=\"\" target=\"_blank\">\n\t\t\t\t\t\t\t<h4 class=\"edgtf-showcase-title\">Calidad superior<\/h4>\n\t\t\t\t\t\t\t<\/a>\n\t\t\t\t\t<\/div>\n\t\t\t\t<div class=\"edgtf-showcase-text-holder\">\n\t\t\t<p class=\"edgtf-showcase-text\">Ofrecer el caf\u00e9 de la mejor calidad ha sido siempre una de las principales razones de ser de Gran Caff\u00e8 Ravezzi.<\/p>\n\t\t<\/div>\n\t\t\t<\/div>\n\t<\/div><div class=\"edgtf-item edgtf-item-right\">\n\t\t\t\t\t\t<div class=\"edgtf-item-custom-icon\">\n\t            <img loading=\"lazy\" decoding=\"async\" width=\"141\" height=\"180\" src=\"https:\/\/cafferavezzi.com\/wp-content\/uploads\/2018\/04\/icona-gustos-locals.png\" class=\"attachment-full size-full\" alt=\"\" \/>\t        <\/div>\n\t        \t\t<div class=\"edgtf-item-content\">\n\t\t\t\t<div class=\"edgtf-showcase-title-holder\">\n\t\t\t\t\t\t\t<a href=\"\" target=\"_blank\">\n\t\t\t\t\t\t\t<h4 class=\"edgtf-showcase-title\">Gustos locales<\/h4>\n\t\t\t\t\t\t\t<\/a>\n\t\t\t\t\t<\/div>\n\t\t\t\t<div class=\"edgtf-showcase-text-holder\">\n\t\t\t<p class=\"edgtf-showcase-text\">Entre nuestros blends hemos creado uno pensando en los caf\u00e9s italianos (Massimo) con mucho cuerpo, crema y fortaleza. Otros est\u00e1n ideados para paladares que buscan encontrar m\u00e1s matices en un blend como el de nuestro Capritxoso caracterizado por su acidez, floral y reminiscencias al chocolate.<\/p>\n\t\t<\/div>\n\t\t\t<\/div>\n\t<\/div><\/div>[\/vc_column][\/vc_row][vc_row content_width=\u00bbgrid\u00bb css=\u00bb.vc_custom_1538989065373{margin-top: 85px !important;margin-bottom: 50px !important;}\u00bb][vc_column width=\u00bb5\/12&#8243;][vc_single_image image=\u00bb14659&#8243; img_size=\u00bbfull\u00bb alignment=\u00bbcenter\u00bb][\/vc_column][vc_column width=\u00bb7\/12&#8243;][vc_column_text]<\/p>\n<h2>Monodosis de caf\u00e9 tipo cialda<\/h2>\n<p>[\/vc_column_text]<div class=\"edgtf-separator-holder clearfix  edgtf-separator-left\">\n\t<div class=\"edgtf-separator\" style=\"border-color: #c7a17a;width: 120px;border-bottom-width: 2px;margin-top: 17px\"><\/div>\n<\/div>\n[vc_empty_space height=\u00bb40px\u00bb][vc_column_text]F\u00e1ciles de utilizar, limpias y pr\u00e1cticas. As\u00ed son las monodosis de caf\u00e9 tipo cialda de Gran Caff\u00e8 Ravezzi. Un formato que permite comprimir la dosis perfecta de caf\u00e9 molido, siempre de la m\u00e1xima calidad, en un filtro de papel manteniendo as\u00ed todas sus propiedades.[\/vc_column_text][vc_empty_space height=\u00bb30px\u00bb]\n<blockquote class=\"edgtf-blockquote-shortcode\" style=\"width: 85%\" >\n\t<span class=\"edgtf-blockquote-text\">\n\t\tEl sistema de monodosis de caf\u00e9 en cialdas es el \u00fanico que contiene la misma cantidad de caf\u00e9 (7 gramos) que las cafeteras tradicionales de brazo.\t<\/span>\n<\/blockquote>[vc_empty_space height=\u00bb30px\u00bb][vc_column_text]Una de las grandes ventajas de nuestras monodosis de caf\u00e9 tipo cialda es que son compatibles con una gran variedad de cafeteras. As\u00ed, los m\u00e1s cafeteros podr\u00e1n gozar en casa del mejor caf\u00e9 con el aroma y cuerpo que demandan.[\/vc_column_text][\/vc_column][\/vc_row][vc_row css=\u00bb.vc_custom_1539030313792{margin-top: 135px !important;}\u00bb][vc_column css=\u00bb.vc_custom_1525077448473{padding-top: 0px !important;padding-right: 0px !important;padding-bottom: 0px !important;padding-left: 0px !important;}\u00bb]<div class=\"edgtf-image-gallery-masonry\">\n\t<div class=\"edgtf-image-masonry-grid-sizer\"><\/div>\n\t\t\t<div class=\"edgtf-gallery-image edgtf-size-landscape\">\n\t\t\t<div class=\"edgtf-gallery-image-inner\">\n\t\t\t\t\t\t\t\t\t\t<img loading=\"lazy\" decoding=\"async\" width=\"800\" height=\"400\" src=\"https:\/\/cafferavezzi.com\/wp-content\/uploads\/2018\/10\/galeria-home-06.jpg\" class=\"attachment-barista_edge_large_width size-barista_edge_large_width\" alt=\"\" srcset=\"https:\/\/cafferavezzi.com\/wp-content\/uploads\/2018\/10\/galeria-home-06.jpg 800w, https:\/\/cafferavezzi.com\/wp-content\/uploads\/2018\/10\/galeria-home-06-600x300.jpg 600w, https:\/\/cafferavezzi.com\/wp-content\/uploads\/2018\/10\/galeria-home-06-300x150.jpg 300w, https:\/\/cafferavezzi.com\/wp-content\/uploads\/2018\/10\/galeria-home-06-768x384.jpg 768w\" sizes=\"(max-width: 800px) 100vw, 800px\" \/>\t\t\t\t\t\t\t\t<\/div>\n\t\t<\/div>\n\t\t\t<div class=\"edgtf-gallery-image edgtf-size-square\">\n\t\t\t<div class=\"edgtf-gallery-image-inner\">\n\t\t\t\t\t\t\t\t\t\t<img loading=\"lazy\" decoding=\"async\" width=\"550\" height=\"550\" src=\"https:\/\/cafferavezzi.com\/wp-content\/uploads\/2018\/10\/galeria-cafe-gra-03-550x550.jpg\" class=\"attachment-barista_edge_square size-barista_edge_square\" alt=\"\" srcset=\"https:\/\/cafferavezzi.com\/wp-content\/uploads\/2018\/10\/galeria-cafe-gra-03-550x550.jpg 550w, https:\/\/cafferavezzi.com\/wp-content\/uploads\/2018\/10\/galeria-cafe-gra-03-300x300.jpg 300w, https:\/\/cafferavezzi.com\/wp-content\/uploads\/2018\/10\/galeria-cafe-gra-03-100x100.jpg 100w, https:\/\/cafferavezzi.com\/wp-content\/uploads\/2018\/10\/galeria-cafe-gra-03-600x600.jpg 600w, https:\/\/cafferavezzi.com\/wp-content\/uploads\/2018\/10\/galeria-cafe-gra-03-150x150.jpg 150w, https:\/\/cafferavezzi.com\/wp-content\/uploads\/2018\/10\/galeria-cafe-gra-03-768x768.jpg 768w, https:\/\/cafferavezzi.com\/wp-content\/uploads\/2018\/10\/galeria-cafe-gra-03.jpg 800w\" sizes=\"(max-width: 550px) 100vw, 550px\" \/>\t\t\t\t\t\t\t\t<\/div>\n\t\t<\/div>\n\t\t\t<div class=\"edgtf-gallery-image edgtf-size-big-square\">\n\t\t\t<div class=\"edgtf-gallery-image-inner\">\n\t\t\t\t\t\t\t\t\t\t<img loading=\"lazy\" decoding=\"async\" width=\"800\" height=\"800\" src=\"https:\/\/cafferavezzi.com\/wp-content\/uploads\/2018\/10\/galeria-cafe-gra-08.jpg\" class=\"attachment-barista_edge_large_width_height size-barista_edge_large_width_height\" alt=\"\" srcset=\"https:\/\/cafferavezzi.com\/wp-content\/uploads\/2018\/10\/galeria-cafe-gra-08.jpg 800w, https:\/\/cafferavezzi.com\/wp-content\/uploads\/2018\/10\/galeria-cafe-gra-08-300x300.jpg 300w, https:\/\/cafferavezzi.com\/wp-content\/uploads\/2018\/10\/galeria-cafe-gra-08-100x100.jpg 100w, https:\/\/cafferavezzi.com\/wp-content\/uploads\/2018\/10\/galeria-cafe-gra-08-600x600.jpg 600w, https:\/\/cafferavezzi.com\/wp-content\/uploads\/2018\/10\/galeria-cafe-gra-08-150x150.jpg 150w, https:\/\/cafferavezzi.com\/wp-content\/uploads\/2018\/10\/galeria-cafe-gra-08-768x768.jpg 768w, https:\/\/cafferavezzi.com\/wp-content\/uploads\/2018\/10\/galeria-cafe-gra-08-550x550.jpg 550w\" sizes=\"(max-width: 800px) 100vw, 800px\" \/>\t\t\t\t\t\t\t\t<\/div>\n\t\t<\/div>\n\t\t\t<div class=\"edgtf-gallery-image edgtf-size-landscape\">\n\t\t\t<div class=\"edgtf-gallery-image-inner\">\n\t\t\t\t\t\t\t\t\t\t<img loading=\"lazy\" decoding=\"async\" width=\"800\" height=\"400\" src=\"https:\/\/cafferavezzi.com\/wp-content\/uploads\/2018\/10\/galeria-cafe-gra-06.jpg\" class=\"attachment-barista_edge_large_width size-barista_edge_large_width\" alt=\"\" srcset=\"https:\/\/cafferavezzi.com\/wp-content\/uploads\/2018\/10\/galeria-cafe-gra-06.jpg 800w, https:\/\/cafferavezzi.com\/wp-content\/uploads\/2018\/10\/galeria-cafe-gra-06-600x300.jpg 600w, https:\/\/cafferavezzi.com\/wp-content\/uploads\/2018\/10\/galeria-cafe-gra-06-300x150.jpg 300w, https:\/\/cafferavezzi.com\/wp-content\/uploads\/2018\/10\/galeria-cafe-gra-06-768x384.jpg 768w\" sizes=\"(max-width: 800px) 100vw, 800px\" \/>\t\t\t\t\t\t\t\t<\/div>\n\t\t<\/div>\n\t\t\t<div class=\"edgtf-gallery-image edgtf-size-square\">\n\t\t\t<div class=\"edgtf-gallery-image-inner\">\n\t\t\t\t\t\t\t\t\t\t<img loading=\"lazy\" decoding=\"async\" width=\"550\" height=\"550\" src=\"https:\/\/cafferavezzi.com\/wp-content\/uploads\/2018\/04\/bosses-quilo-retallades-550x550.jpg\" class=\"attachment-barista_edge_square size-barista_edge_square\" alt=\"\" srcset=\"https:\/\/cafferavezzi.com\/wp-content\/uploads\/2018\/04\/bosses-quilo-retallades-550x550.jpg 550w, https:\/\/cafferavezzi.com\/wp-content\/uploads\/2018\/04\/bosses-quilo-retallades-300x300.jpg 300w, https:\/\/cafferavezzi.com\/wp-content\/uploads\/2018\/04\/bosses-quilo-retallades-100x100.jpg 100w, https:\/\/cafferavezzi.com\/wp-content\/uploads\/2018\/04\/bosses-quilo-retallades-600x600.jpg 600w, https:\/\/cafferavezzi.com\/wp-content\/uploads\/2018\/04\/bosses-quilo-retallades-150x150.jpg 150w, https:\/\/cafferavezzi.com\/wp-content\/uploads\/2018\/04\/bosses-quilo-retallades-768x768.jpg 768w, https:\/\/cafferavezzi.com\/wp-content\/uploads\/2018\/04\/bosses-quilo-retallades.jpg 800w\" sizes=\"(max-width: 550px) 100vw, 550px\" \/>\t\t\t\t\t\t\t\t<\/div>\n\t\t<\/div>\n\t<\/div>[\/vc_column][\/vc_row][vc_row content_width=\u00bbgrid\u00bb css=\u00bb.vc_custom_1538990180875{margin-top: 65px !important;}\u00bb][vc_column css=\u00bb.vc_custom_1525077383737{padding-top: 0px !important;padding-right: 0px !important;padding-bottom: 0px !important;padding-left: 0px !important;}\u00bb]<div class=\"edgtf-elements-holder edgtf-three-columns edgtf-responsive-mode-1024\" ><div class=\"edgtf-elements-holder-item \" data-item-class=\"edgtf-elements-holder-custom-118207\" data-768-1024=\"25% 0 25% 0\" data-600-768=\"30.5% 0 30.5% 0 \" data-480-600=\"46% 0 46% 0 \" data-480=\"46% 0 46% 0 \" style=\"background-image: url(https:\/\/cafferavezzi.com\/wp-content\/uploads\/2018\/10\/galeria-home-01.jpg)\">\n\t\t\t<a class=\"edgtf-elements-holder-item-link\" href=\"https:\/\/cafferavezzi.com\/cafe-en-gra\/\" target=\"_self\"><\/a>\n\t\t<div class=\"edgtf-elements-holder-item-inner\">\n\t\t<div class=\"edgtf-elements-holder-item-content edgtf-elements-holder-custom-118207\" style=\"padding: 0 0 0 0\">\n\t\t\t\t\t<\/div>\n\t<\/div>\n\t<\/div><div class=\"edgtf-elements-holder-item \" data-item-class=\"edgtf-elements-holder-custom-356176\" data-1024-1280=\"16% 10% 12% 12%\" data-768-1024=\"100px 48% 85px 80px \" data-600-768=\"90px 34% 76px 80px\" data-480-600=\"50px 2% 33px 15px \" data-480=\"50px 2% 33px 15px \" style=\"background-color: #eae7de\">\n\t\t<div class=\"edgtf-elements-holder-item-inner\">\n\t\t<div class=\"edgtf-elements-holder-item-content edgtf-elements-holder-custom-356176\" style=\"padding: 16% 15% 12% 12%\">\n\t\t\t[vc_column_text]<\/p>\n<h3>Nuestros servicios<\/h3>\n<p>[\/vc_column_text][vc_empty_space height=\u00bb30&#8243;][vc_column_text]Desde nuestros or\u00edgenes, en Gran Caff\u00e8 Ravezzi hemos tenido una gran vocaci\u00f3n de servicio hacia nuestros clientes. Un servicio pr\u00f3ximo y \u00e1gil para hacerles el d\u00eda a d\u00eda m\u00e1s f\u00e1cil.[\/vc_column_text][vc_empty_space height=\u00bb16px\u00bb]<a itemprop=\"url\" href=\"https:\/\/cafferavezzi.com\/es\/servicios\/\" target=\"_self\" style=\"color: #30271c\" class=\"edgtf-btn edgtf-btn-medium edgtf-btn-transparent edgtf-btn-icon\"  >\n\t<span class=\"edgtf-btn-text\">conoce m\u00e1s<\/span>\n    <span aria-hidden=\"true\" class=\"edgtf-icon-font-elegant arrow_right \" ><\/span><\/a>\t\t<\/div>\n\t<\/div>\n\t<\/div><div class=\"edgtf-elements-holder-item \" data-item-class=\"edgtf-elements-holder-custom-499867\" data-768-1024=\"25% 0 25% 0\" data-600-768=\"30.5% 0 30.5% 0 \" data-480-600=\"46% 0 46% 0 \" data-480=\"46% 0 46% 0 \" style=\"background-image: url(https:\/\/cafferavezzi.com\/wp-content\/uploads\/2018\/10\/capsules-bn-scaled.jpg)\">\n\t\t\t<a class=\"edgtf-elements-holder-item-link\" href=\"https:\/\/cafferavezzi.com\/capsules-compatibles\/\" target=\"_self\"><\/a>\n\t\t<div class=\"edgtf-elements-holder-item-inner\">\n\t\t<div class=\"edgtf-elements-holder-item-content edgtf-elements-holder-custom-499867\" style=\"padding: 0 0 0 0\">\n\t\t\t\t\t<\/div>\n\t<\/div>\n\t<\/div><\/div>[\/vc_column][\/vc_row][vc_row content_width=\u00bbgrid\u00bb][vc_column css=\u00bb.vc_custom_1525077467608{padding-top: 0px !important;padding-right: 0px !important;padding-bottom: 0px !important;padding-left: 0px !important;}\u00bb]<div class=\"edgtf-elements-holder edgtf-three-columns edgtf-responsive-mode-1024\" ><div class=\"edgtf-elements-holder-item \" data-item-class=\"edgtf-elements-holder-custom-286045\" data-1024-1280=\"16% 10% 12% 12%\" data-768-1024=\"100px 48% 85px 80px \" data-600-768=\"90px 34% 76px 80px\" data-480-600=\"50px 2% 33px 15px \" data-480=\"50px 2% 33px 15px \" style=\"background-color: #c8bfa3\">\n\t\t<div class=\"edgtf-elements-holder-item-inner\">\n\t\t<div class=\"edgtf-elements-holder-item-content edgtf-elements-holder-custom-286045\" style=\"padding: 16% 15% 12% 12%\">\n\t\t\t[vc_column_text el_class=\u00bblight\u00bb]<\/p>\n<h3>Caf\u00e9 en grano para HORECA<\/h3>\n<p>[\/vc_column_text][vc_empty_space height=\u00bb30px\u00bb][vc_column_text el_class=\u00bblight\u00bb]El caf\u00e9 en grano de Gran Caff\u00e8 Ravezzi tiene como denominador com\u00fan la calidad, a partir de blends cuidadosamente seleccionados para ofrecer el mejor resultado en la taza.[\/vc_column_text][vc_empty_space height=\u00bb16px\u00bb]<a itemprop=\"url\" href=\"https:\/\/cafferavezzi.com\/es\/contacto\" target=\"_self\" style=\"color: #ffffff\" class=\"edgtf-btn edgtf-btn-medium edgtf-btn-transparent edgtf-btn-icon\"  >\n\t<span class=\"edgtf-btn-text\">Cont\u00e1ctanos<\/span>\n    <span aria-hidden=\"true\" class=\"edgtf-icon-font-elegant arrow_right \" ><\/span><\/a>\t\t<\/div>\n\t<\/div>\n\t<\/div><div class=\"edgtf-elements-holder-item \" data-item-class=\"edgtf-elements-holder-custom-857111\" data-768-1024=\"25% 0 25% 0\" data-600-768=\"30.5% 0 30.5% 0 \" data-480-600=\"46% 0 46% 0 \" data-480=\"46% 0 46% 0 \" style=\"background-image: url(https:\/\/cafferavezzi.com\/wp-content\/uploads\/2018\/04\/probat-03-scaled.jpg)\">\n\t\t\t<a class=\"edgtf-elements-holder-item-link\" href=\"https:\/\/cafferavezzi.com\/el-nostre-proces\/\" target=\"_self\"><\/a>\n\t\t<div class=\"edgtf-elements-holder-item-inner\">\n\t\t<div class=\"edgtf-elements-holder-item-content edgtf-elements-holder-custom-857111\" style=\"padding: 0 0 0 0\">\n\t\t\t\t\t<\/div>\n\t<\/div>\n\t<\/div><div class=\"edgtf-elements-holder-item \" data-item-class=\"edgtf-elements-holder-custom-999034\" data-1024-1280=\"16% 9% 12% 12%\" data-768-1024=\"100px 48% 85px 80px \" data-600-768=\"90px 34% 76px 80px\" data-480-600=\"50px 2% 33px 15px \" data-480=\"50px 2% 33px 15px \" style=\"background-image: url(https:\/\/cafferavezzi.com\/wp-content\/uploads\/2018\/04\/bg-bloc-capsules.png)\">\n\t\t<div class=\"edgtf-elements-holder-item-inner\">\n\t\t<div class=\"edgtf-elements-holder-item-content edgtf-elements-holder-custom-999034\" style=\"padding: 16% 15% 12% 12%\">\n\t\t\t[vc_column_text el_class=\u00bblight\u00bb]<\/p>\n<h3>C\u00e1psulas compatibles de aluminio<\/h3>\n<p>[\/vc_column_text][vc_empty_space height=\u00bb30px\u00bb][vc_column_text el_class=\u00bblight\u00bb]Las c\u00e1psulas Art, compatibles con el sistema Nespresso*, han sido fabricadas con aluminio para conservar mejor el sabor, los aromas, la intensidad y la crema del caf\u00e9.[\/vc_column_text][vc_empty_space height=\u00bb16px\u00bb]<a itemprop=\"url\" href=\"https:\/\/cafferavezzi.com\/es\/capsulas-compatibles\/\" target=\"_self\" style=\"color: #ffffff\" class=\"edgtf-btn edgtf-btn-medium edgtf-btn-transparent edgtf-btn-icon\"  >\n\t<span class=\"edgtf-btn-text\">comprar ahora<\/span>\n    <span aria-hidden=\"true\" class=\"edgtf-icon-font-elegant arrow_right \" ><\/span><\/a>\t\t<\/div>\n\t<\/div>\n\t<\/div><\/div>[\/vc_column][\/vc_row][vc_row content_width=\u00bbgrid\u00bb content_aligment=\u00bbcenter\u00bb css=\u00bb.vc_custom_1539030356660{padding-top: 112px !important;padding-bottom: 120px !important;}\u00bb][vc_column]<div class=\"edgtf-elements-holder edgtf-responsive-mode-768\" ><div class=\"edgtf-elements-holder-item edgtf-horizontal-alignment-center\" data-item-class=\"edgtf-elements-holder-custom-961462\" data-1280-1600=\"0% 0% 0% 0%\" data-1024-1280=\"0% 0% 0% 0%\" data-768-1024=\"0% 7% 0% 7%\" data-600-768=\"0% 0% 0% 0% \" >\n\t\t<div class=\"edgtf-elements-holder-item-inner\">\n\t\t<div class=\"edgtf-elements-holder-item-content edgtf-elements-holder-custom-961462\" style=\"padding: 0 10% 0 10%\">\n\t\t\t\n<div class=\"edgtf-custom-font-holder\" style=\"font-family: Oswald;font-size: 116px;font-weight: 500;color: #c7a17a\" data-font-size= 116>\n\t\u00bb\t<\/div>\n<div class=\"edgtf-testimonials-holder clearfix\"><div class=\"edgtf-slick-slider-navigation-style edgtf-testimonials edgtf-testimonials-type-simple edgtf-dark-dots\"  data-animation-speed =\"1000\" data-arrows-navigation =\"false\"><div class=\"edgtf-testimonials 15211 edgtf-testimonial-content\">\n\t<div class=\"edgtf-testimonial-content-inner\">\n\t\t\t\t<div class=\"edgtf-testimonial-text-holder\">\n\t\t\t<div class=\"edgtf-testimonial-text-inner\">\n\t\t\t\t\t\t\t\t<p class=\"edgtf-testimonial-text\" style=\"color:#30271c\">El sistema E.S.E., para m\u00ed, es el \u00fanico sistema de monodosis que deber\u00eda existido. Obtiene unos resultados muy similares a la cafetera tradicional de brazo y muy superiores a otros sistemas de c\u00e1psulas.<\/p>\n\t\t\t\t\t\t\t\t\t<div class=\"edgtf-testimonial-author\">\n\t\t\t\t\t\t<span class=\"edgtf-testimonial-author-text\" style=\"color:#2d2d2d\">Gerard\t\t\t\t\t\t\t\t\t\t\t\t\t<\/span>\n\t\t\t\t\t<\/div>\n\t\t\t\t\t\t\t<\/div>\n\t\t<\/div>\n\t<\/div>\n<\/div>\n<\/div><\/div>\t\t<\/div>\n\t<\/div>\n\t<\/div><\/div>[\/vc_column][\/vc_row][vc_row content_aligment=\u00bbcenter\u00bb css=\u00bb.vc_custom_1539030423416{padding-top: 40px !important;padding-bottom: 33px !important;background-color: #f5f5f5 !important;}\u00bb][vc_column width=\u00bb1\/2&#8243; offset=\u00bbvc_col-lg-offset-3&#8243;]<div class=\"edgtf-carousel-holder clearfix\"><div class=\"edgtf-carousel edgtf-slick-slider-navigation-style\" data-items=\"3\" data-arrows-navigation=\"no\" data-dots-navigation=\"no\"><div class=\"edgtf-carousel-item-holder\">\n\t\t\t\t\t\t<span class=\"edgtf-carousel-first-image-holder  edgtf-image-zoom\">\n\t\t\t\t<img decoding=\"async\" src=\"https:\/\/cafferavezzi.com\/wp-content\/uploads\/2018\/04\/UTZ-original.png\" alt=\"UTZ\">\n\t\t\t<\/span>\n\t\t\t\t\t<\/div><div class=\"edgtf-carousel-item-holder\">\n\t\t\t\t\t\t<span class=\"edgtf-carousel-first-image-holder  edgtf-image-zoom\">\n\t\t\t\t<img decoding=\"async\" src=\"https:\/\/cafferavezzi.com\/wp-content\/uploads\/2018\/04\/rainforest-original.png\" alt=\"rainforest\">\n\t\t\t<\/span>\n\t\t\t\t\t<\/div><div class=\"edgtf-carousel-item-holder\">\n\t\t\t\t\t\t<span class=\"edgtf-carousel-first-image-holder  edgtf-image-zoom\">\n\t\t\t\t<img decoding=\"async\" src=\"https:\/\/cafferavezzi.com\/wp-content\/uploads\/2018\/04\/swiss-decaf-original.png\" alt=\"swiss decaf\">\n\t\t\t<\/span>\n\t\t\t\t\t<\/div><\/div><\/div>[\/vc_column][\/vc_row]<\/p>\n<\/div>","protected":false},"excerpt":{"rendered":"<p>[vc_row content_width=\u00bbgrid\u00bb content_aligment=\u00bbcenter\u00bb enable_ligher_effect=\u00bbyes\u00bb lighter_effect_bottom=\u00bbno\u00bb css=\u00bb.vc_custom_1486654205977{padding-top: 85px !important;}\u00bb][vc_column][vc_empty_space height=\u00bb20px\u00bb][vc_column_text] de tipo cialda o E.S.E [\/vc_column_text][vc_empty_space height=\u00bb25px\u00bb][\/vc_column][\/vc_row][vc_row content_width=\u00bbgrid\u00bb content_aligment=\u00bbcenter\u00bb css=\u00bb.vc_custom_1486121489437{padding-top: 55px !important;padding-bottom: 35px !important;}\u00bb][vc_column offset=\u00bbvc_col-lg-offset-0 vc_col-lg-12&#8243; css=\u00bb.vc_custom_1486654940611{padding-right: 6% !important;padding-left: 6% !important;}\u00bb][\/vc_column][\/vc_row][vc_row&#8230;<\/p>\n","protected":false},"author":1,"featured_media":0,"parent":0,"menu_order":0,"comment_status":"closed","ping_status":"closed","template":"full-width.php","meta":{"inline_featured_image":false,"footnotes":""},"_links":{"self":[{"href":"https:\/\/cafferavezzi.com\/es\/wp-json\/wp\/v2\/pages\/14770"}],"collection":[{"href":"https:\/\/cafferavezzi.com\/es\/wp-json\/wp\/v2\/pages"}],"about":[{"href":"https:\/\/cafferavezzi.com\/es\/wp-json\/wp\/v2\/types\/page"}],"author":[{"embeddable":true,"href":"https:\/\/cafferavezzi.com\/es\/wp-json\/wp\/v2\/users\/1"}],"replies":[{"embeddable":true,"href":"https:\/\/cafferavezzi.com\/es\/wp-json\/wp\/v2\/comments?post=14770"}],"version-history":[{"count":0,"href":"https:\/\/cafferavezzi.com\/es\/wp-json\/wp\/v2\/pages\/14770\/revisions"}],"wp:attachment":[{"href":"https:\/\/cafferavezzi.com\/es\/wp-json\/wp\/v2\/media?parent=14770"}],"curies":[{"name":"wp","href":"https:\/\/api.w.org\/{rel}","templated":true}]}}