{"id":14767,"date":"2018-04-29T12:52:48","date_gmt":"2018-04-29T10:52:48","guid":{"rendered":"http:\/\/cafferavezzi.com\/decaffeinato\/"},"modified":"2019-01-18T14:15:49","modified_gmt":"2019-01-18T12:15:49","slug":"decaffeinato","status":"publish","type":"page","link":"https:\/\/cafferavezzi.com\/es\/decaffeinato\/","title":{"rendered":"Decaffeinato"},"content":{"rendered":"<div class=\"wpb-content-wrapper\"><p>[vc_row content_width=\u00bbgrid\u00bb content_aligment=\u00bbcenter\u00bb css=\u00bb.vc_custom_1525076475140{margin-top: 85px !important;}\u00bb][vc_column]\n<p class=\"edgtf-section-subtitle\" >\n\tNo quita el sue\u00f1o, pero rompe esquemas.<\/p>[vc_empty_space height=\u00bb20px\u00bb][vc_column_text]<\/p>\n<h2>Decaffeinato.<\/h2>\n<p>[\/vc_column_text][vc_empty_space height=\u00bb25px\u00bb]<div class=\"edgtf-separator-holder clearfix  edgtf-separator-center\">\n\t<div class=\"edgtf-separator\" style=\"border-color: #c7a17a;width: 120px;border-bottom-width: 2px\"><\/div>\n<\/div>\n[\/vc_column][\/vc_row][vc_row content_width=\u00bbgrid\u00bb css=\u00bb.vc_custom_1525076703977{margin-top: 85px !important;}\u00bb][vc_column]<div class=\"edgtf-project-presentation presentation-left edgtf-project-presentation-light\">\n\t<div class=\"edgtf-pp-content-holder\">\n\t\t<div class=\"edgtf-pp-content-left\">\n\t\t\t<div class=\"edgtf-pp-background\">\n\t\t\t\t<img decoding=\"async\" src=\"https:\/\/cafferavezzi.com\/wp-content\/uploads\/2018\/04\/bg-casella-info.jpg\" alt=\"Project presentation background\"\/>\n\t\t\t<\/div>\n\t\t\t<div class=\"edgtf-pp-text-holder\">\n\t\t\t\t<div class=\"edgtf-pp-text-table\">\n\t\t\t\t\t<div class=\"edgtf-pp-text-cell\">\n\t\t\t\t\t\t\t\t\t\t\t\t<h2 class=\"edgtf-pp-title\">\n\t\t\t\t\t\tDecaffeinato\t\t\t\t\t<\/h2>\n\t\t\t\t\t\t\t\t\t\t\t\t\t\t\t\t<p class=\"edgtf-pp-subtitle\">\n\t\t\t\t\t\t\tBlend de caf\u00e9s descafeinados equilibrado y limpio. Un blend que es dif\u00edcil de distinguir de uno no descafeinado.\t\t\t\t\t\t<\/p>\n\t\t\t\t\t\t\t\t\t<\/div>\n\t\t\t<\/div>\n\t\t<\/div>\n\t\t\t<\/div>\n\t<div class=\"edgtf-pp-content-right\">\n\t\t<div class=\"edgtf-pp-gallery\">\n\t\t\t<div class=\"edgtf-pp-gallery-slider\" data-autoplay=\"3\" data-pagination=\"yes\">\n\t\t\t\t\t\t\t\t\t<img loading=\"lazy\" decoding=\"async\" width=\"650\" height=\"420\" src=\"https:\/\/cafferavezzi.com\/wp-content\/uploads\/2018\/04\/intro-cafe-03.jpg\" class=\"attachment-full size-full\" alt=\"\" srcset=\"https:\/\/cafferavezzi.com\/wp-content\/uploads\/2018\/04\/intro-cafe-03.jpg 650w, https:\/\/cafferavezzi.com\/wp-content\/uploads\/2018\/04\/intro-cafe-03-600x388.jpg 600w, https:\/\/cafferavezzi.com\/wp-content\/uploads\/2018\/04\/intro-cafe-03-300x194.jpg 300w\" sizes=\"(max-width: 650px) 100vw, 650px\" \/>\t\t\t\t\t\t\t\t\t<img loading=\"lazy\" decoding=\"async\" width=\"650\" height=\"420\" src=\"https:\/\/cafferavezzi.com\/wp-content\/uploads\/2018\/04\/intro-cafe-01.jpg\" class=\"attachment-full size-full\" alt=\"\" srcset=\"https:\/\/cafferavezzi.com\/wp-content\/uploads\/2018\/04\/intro-cafe-01.jpg 650w, https:\/\/cafferavezzi.com\/wp-content\/uploads\/2018\/04\/intro-cafe-01-600x388.jpg 600w, https:\/\/cafferavezzi.com\/wp-content\/uploads\/2018\/04\/intro-cafe-01-300x194.jpg 300w\" sizes=\"(max-width: 650px) 100vw, 650px\" \/>\t\t\t\t\t\t\t\t\t<img loading=\"lazy\" decoding=\"async\" width=\"650\" height=\"420\" src=\"https:\/\/cafferavezzi.com\/wp-content\/uploads\/2018\/04\/intro-cafe-02.jpg\" class=\"attachment-full size-full\" alt=\"\" srcset=\"https:\/\/cafferavezzi.com\/wp-content\/uploads\/2018\/04\/intro-cafe-02.jpg 650w, https:\/\/cafferavezzi.com\/wp-content\/uploads\/2018\/04\/intro-cafe-02-600x388.jpg 600w, https:\/\/cafferavezzi.com\/wp-content\/uploads\/2018\/04\/intro-cafe-02-300x194.jpg 300w\" sizes=\"(max-width: 650px) 100vw, 650px\" \/>\t\t\t\t\t\t\t<\/div>\n\t\t<\/div>\n\t<\/div>\n<\/div>\n<\/div>\n[\/vc_column][\/vc_row][vc_row content_width=\u00bbgrid\u00bb css=\u00bb.vc_custom_1525076542374{margin-top: 85px !important;}\u00bb][vc_column width=\u00bb1\/2&#8243;][vc_single_image image=\u00bb13467&#8243; img_size=\u00bbfull\u00bb alignment=\u00bbcenter\u00bb][\/vc_column][vc_column width=\u00bb1\/2&#8243;][vc_column_text]<\/p>\n<h2>Decaffeinato<\/h2>\n<p>[\/vc_column_text]<div class=\"edgtf-separator-holder clearfix  edgtf-separator-left\">\n\t<div class=\"edgtf-separator\" style=\"border-color: #c7a17a;width: 120px;border-bottom-width: 2px;margin-top: 17px\"><\/div>\n<\/div>\n[vc_empty_space height=\u00bb40px\u00bb][vc_column_text]Blend de or\u00edgenes descafeinados de excelente calidad, fruto de un proceso de control que garantiza un resultado inmejorable permitiendo encontrar el equilibrio de un aut\u00e9ntico caf\u00e9 espresso. Un caf\u00e9 equilibrado y limpio que es dif\u00edcil de distinguir de uno no descafeinado.[\/vc_column_text][vc_empty_space height=\u00bb40px\u00bb][vc_column_text]<\/p>\n<h3>Notas de cata<\/h3>\n<p>[\/vc_column_text]<div class=\"edgtf-separator-holder clearfix  edgtf-separator-left\">\n\t<div class=\"edgtf-separator\" style=\"border-color: #c7a17a;width: 120px;border-bottom-width: 2px;margin-top: 17px\"><\/div>\n<\/div>\n[vc_empty_space height=\u00bb20px\u00bb][vc_column_text]Nuestro Decaffeinato es un caf\u00e9 con cuerpo y ligera acidez. Revela tambi\u00e9n un cierto aroma de cacao con aromas de vainilla. El resultado es un caf\u00e9 equilibrado con sabor balanceado e ideal para aquellos que deben optar por el descafeinado.[\/vc_column_text][vc_empty_space height=\u00bb40px\u00bb][vc_row_inner][vc_column_inner width=\u00bb1\/2&#8243;]<div class=\"edgtf-progress-bar\">\n\t<h5 class=\"edgtf-progress-title-holder clearfix\" >\n\t\t<span class=\"edgtf-progress-title\" >Sabor<\/span>\n\t\t<span class=\"edgtf-progress-number-wrapper edgtf-floating \" >\n\t\t\t<span class=\"edgtf-progress-number\" >\n\t\t\t\t<span class=\"edgtf-percent\">0<\/span>\n\t\t\t<\/span>\n\t\t<\/span>\n\t<\/h5>\n\t<div class=\"edgtf-progress-content-outer\" >\n\t\t<div data-percentage=75 class=\"edgtf-progress-content\" ><\/div>\n\t<\/div>\n<\/div>\t[vc_empty_space height=\u00bb10px\u00bb]<div class=\"edgtf-progress-bar\">\n\t<h5 class=\"edgtf-progress-title-holder clearfix\" >\n\t\t<span class=\"edgtf-progress-title\" >Acidez<\/span>\n\t\t<span class=\"edgtf-progress-number-wrapper edgtf-floating \" >\n\t\t\t<span class=\"edgtf-progress-number\" >\n\t\t\t\t<span class=\"edgtf-percent\">0<\/span>\n\t\t\t<\/span>\n\t\t<\/span>\n\t<\/h5>\n\t<div class=\"edgtf-progress-content-outer\" >\n\t\t<div data-percentage=65 class=\"edgtf-progress-content\" ><\/div>\n\t<\/div>\n<\/div>\t[vc_empty_space height=\u00bb10px\u00bb]<div class=\"edgtf-progress-bar\">\n\t<h5 class=\"edgtf-progress-title-holder clearfix\" >\n\t\t<span class=\"edgtf-progress-title\" >Balanced<\/span>\n\t\t<span class=\"edgtf-progress-number-wrapper edgtf-floating \" >\n\t\t\t<span class=\"edgtf-progress-number\" >\n\t\t\t\t<span class=\"edgtf-percent\">0<\/span>\n\t\t\t<\/span>\n\t\t<\/span>\n\t<\/h5>\n\t<div class=\"edgtf-progress-content-outer\" >\n\t\t<div data-percentage=75 class=\"edgtf-progress-content\" ><\/div>\n\t<\/div>\n<\/div>\t[\/vc_column_inner][vc_column_inner width=\u00bb1\/2&#8243;]<div class=\"edgtf-progress-bar\">\n\t<h5 class=\"edgtf-progress-title-holder clearfix\" >\n\t\t<span class=\"edgtf-progress-title\" >Aroma<\/span>\n\t\t<span class=\"edgtf-progress-number-wrapper edgtf-floating \" >\n\t\t\t<span class=\"edgtf-progress-number\" >\n\t\t\t\t<span class=\"edgtf-percent\">0<\/span>\n\t\t\t<\/span>\n\t\t<\/span>\n\t<\/h5>\n\t<div class=\"edgtf-progress-content-outer\" >\n\t\t<div data-percentage=65 class=\"edgtf-progress-content\" ><\/div>\n\t<\/div>\n<\/div>\t[vc_empty_space height=\u00bb10px\u00bb]<div class=\"edgtf-progress-bar\">\n\t<h5 class=\"edgtf-progress-title-holder clearfix\" >\n\t\t<span class=\"edgtf-progress-title\" >Cuerpo<\/span>\n\t\t<span class=\"edgtf-progress-number-wrapper edgtf-floating \" >\n\t\t\t<span class=\"edgtf-progress-number\" >\n\t\t\t\t<span class=\"edgtf-percent\">0<\/span>\n\t\t\t<\/span>\n\t\t<\/span>\n\t<\/h5>\n\t<div class=\"edgtf-progress-content-outer\" >\n\t\t<div data-percentage=70 class=\"edgtf-progress-content\" ><\/div>\n\t<\/div>\n<\/div>\t[vc_empty_space height=\u00bb10px\u00bb][\/vc_column_inner][\/vc_row_inner][\/vc_column][\/vc_row][vc_row content_width=\u00bbgrid\u00bb css=\u00bb.vc_custom_1538990024361{margin-top: 65px !important;padding-top: 75px !important;padding-right: 75px !important;padding-bottom: 75px !important;padding-left: 75px !important;background-color: #e9e6dd !important;background-position: center !important;background-repeat: no-repeat !important;background-size: contain !important;}\u00bb][vc_column width=\u00bb5\/12&#8243;][vc_column_text]<\/p>\n<h3>Formatos disponibles<\/h3>\n<p>[\/vc_column_text]<div class=\"edgtf-separator-holder clearfix  edgtf-separator-left\">\n\t<div class=\"edgtf-separator\" style=\"border-color: #c7a17a;width: 120px;border-bottom-width: 2px;margin-top: 17px\"><\/div>\n<\/div>\n[vc_empty_space height=\u00bb20px\u00bb][vc_column_text]El blend Decaffeinato se encuentra disponible en todos los formatos de Gran Caff\u00e8 Ravezzi, tanto en bolsas de kilo de caf\u00e9 en grano como en caf\u00e9 molido y monodosis cialda.[\/vc_column_text][\/vc_column][vc_column width=\u00bb1\/2&#8243; css=\u00bb.vc_custom_1538988164967{background-position: center !important;background-repeat: no-repeat !important;background-size: contain !important;}\u00bb offset=\u00bbvc_col-lg-offset-1&#8243;][vc_row_inner][vc_column_inner width=\u00bb1\/3&#8243;][vc_raw_html]JTNDaW1nJTIwc3JjJTNEJTIyaHR0cCUzQSUyRiUyRmNhZmZlcmF2ZXp6aS5jb20lMkZ3cC1jb250ZW50JTJGdXBsb2FkcyUyRjIwMTglMkYxMCUyRmNhZmUtZ3JhLW1hcnJvLnN2ZyUyMiUyMGNsYXNzJTNEJTIyc3R5bGUtc3ZnJTIwYWxpZ25jZW50ZXIlMjIlMjAlMkYlM0U=[\/vc_raw_html][\/vc_column_inner][vc_column_inner width=\u00bb1\/3&#8243;][vc_raw_html]JTNDaW1nJTIwc3JjJTNEJTIyaHR0cCUzQSUyRiUyRmNhZmZlcmF2ZXp6aS5jb20lMkZ3cC1jb250ZW50JTJGdXBsb2FkcyUyRjIwMTglMkYxMCUyRmNhZmUtbW9sdC1tYXJyby5zdmclMjIlMjBjbGFzcyUzRCUyMnN0eWxlLXN2ZyUyMGFsaWduY2VudGVyJTIyJTIwJTJGJTNF[\/vc_raw_html][\/vc_column_inner][vc_column_inner width=\u00bb1\/3&#8243;][vc_raw_html]JTNDaW1nJTIwc3JjJTNEJTIyaHR0cCUzQSUyRiUyRmNhZmZlcmF2ZXp6aS5jb20lMkZ3cC1jb250ZW50JTJGdXBsb2FkcyUyRjIwMTglMkYxMCUyRm1vbm9kb3NpLWNpYWxkYS1tYXJyby5zdmclMjIlMjBjbGFzcyUzRCUyMnN0eWxlLXN2ZyUyMGFsaWduY2VudGVyJTIyJTIwJTJGJTNF[\/vc_raw_html][\/vc_column_inner][\/vc_row_inner]<a itemprop=\"url\" href=\"#\" target=\"_self\"  class=\"edgtf-btn edgtf-btn-small edgtf-btn-transparent edgtf-btn-icon hideme\"  >\n\t<span class=\"edgtf-btn-text\">Comprar<\/span>\n    <i class=\"edgtf-icon-font-awesome fa fa-arrow-right \" ><\/i><\/a>[\/vc_column][\/vc_row][vc_row][vc_column css=\u00bb.vc_custom_1525077448473{padding-top: 0px !important;padding-right: 0px !important;padding-bottom: 0px !important;padding-left: 0px !important;}\u00bb]<div class=\"edgtf-image-gallery-masonry\">\n\t<div class=\"edgtf-image-masonry-grid-sizer\"><\/div>\n\t\t\t<div class=\"edgtf-gallery-image edgtf-size-landscape\">\n\t\t\t<div class=\"edgtf-gallery-image-inner\">\n\t\t\t\t\t\t\t\t\t\t<img loading=\"lazy\" decoding=\"async\" width=\"800\" height=\"400\" src=\"https:\/\/cafferavezzi.com\/wp-content\/uploads\/2018\/10\/galeria-home-06.jpg\" class=\"attachment-barista_edge_large_width size-barista_edge_large_width\" alt=\"\" srcset=\"https:\/\/cafferavezzi.com\/wp-content\/uploads\/2018\/10\/galeria-home-06.jpg 800w, https:\/\/cafferavezzi.com\/wp-content\/uploads\/2018\/10\/galeria-home-06-600x300.jpg 600w, https:\/\/cafferavezzi.com\/wp-content\/uploads\/2018\/10\/galeria-home-06-300x150.jpg 300w, https:\/\/cafferavezzi.com\/wp-content\/uploads\/2018\/10\/galeria-home-06-768x384.jpg 768w\" sizes=\"(max-width: 800px) 100vw, 800px\" \/>\t\t\t\t\t\t\t\t<\/div>\n\t\t<\/div>\n\t\t\t<div class=\"edgtf-gallery-image edgtf-size-square\">\n\t\t\t<div class=\"edgtf-gallery-image-inner\">\n\t\t\t\t\t\t\t\t\t\t<img loading=\"lazy\" decoding=\"async\" width=\"550\" height=\"550\" src=\"https:\/\/cafferavezzi.com\/wp-content\/uploads\/2018\/10\/galeria-cafe-gra-03-550x550.jpg\" class=\"attachment-barista_edge_square size-barista_edge_square\" alt=\"\" srcset=\"https:\/\/cafferavezzi.com\/wp-content\/uploads\/2018\/10\/galeria-cafe-gra-03-550x550.jpg 550w, https:\/\/cafferavezzi.com\/wp-content\/uploads\/2018\/10\/galeria-cafe-gra-03-300x300.jpg 300w, https:\/\/cafferavezzi.com\/wp-content\/uploads\/2018\/10\/galeria-cafe-gra-03-100x100.jpg 100w, https:\/\/cafferavezzi.com\/wp-content\/uploads\/2018\/10\/galeria-cafe-gra-03-600x600.jpg 600w, https:\/\/cafferavezzi.com\/wp-content\/uploads\/2018\/10\/galeria-cafe-gra-03-150x150.jpg 150w, https:\/\/cafferavezzi.com\/wp-content\/uploads\/2018\/10\/galeria-cafe-gra-03-768x768.jpg 768w, https:\/\/cafferavezzi.com\/wp-content\/uploads\/2018\/10\/galeria-cafe-gra-03.jpg 800w\" sizes=\"(max-width: 550px) 100vw, 550px\" \/>\t\t\t\t\t\t\t\t<\/div>\n\t\t<\/div>\n\t\t\t<div class=\"edgtf-gallery-image edgtf-size-big-square\">\n\t\t\t<div class=\"edgtf-gallery-image-inner\">\n\t\t\t\t\t\t\t\t\t\t<img loading=\"lazy\" decoding=\"async\" width=\"800\" height=\"800\" src=\"https:\/\/cafferavezzi.com\/wp-content\/uploads\/2018\/10\/galeria-cafe-gra-08.jpg\" class=\"attachment-barista_edge_large_width_height size-barista_edge_large_width_height\" alt=\"\" srcset=\"https:\/\/cafferavezzi.com\/wp-content\/uploads\/2018\/10\/galeria-cafe-gra-08.jpg 800w, https:\/\/cafferavezzi.com\/wp-content\/uploads\/2018\/10\/galeria-cafe-gra-08-300x300.jpg 300w, https:\/\/cafferavezzi.com\/wp-content\/uploads\/2018\/10\/galeria-cafe-gra-08-100x100.jpg 100w, https:\/\/cafferavezzi.com\/wp-content\/uploads\/2018\/10\/galeria-cafe-gra-08-600x600.jpg 600w, https:\/\/cafferavezzi.com\/wp-content\/uploads\/2018\/10\/galeria-cafe-gra-08-150x150.jpg 150w, https:\/\/cafferavezzi.com\/wp-content\/uploads\/2018\/10\/galeria-cafe-gra-08-768x768.jpg 768w, https:\/\/cafferavezzi.com\/wp-content\/uploads\/2018\/10\/galeria-cafe-gra-08-550x550.jpg 550w\" sizes=\"(max-width: 800px) 100vw, 800px\" \/>\t\t\t\t\t\t\t\t<\/div>\n\t\t<\/div>\n\t\t\t<div class=\"edgtf-gallery-image edgtf-size-landscape\">\n\t\t\t<div class=\"edgtf-gallery-image-inner\">\n\t\t\t\t\t\t\t\t\t\t<img loading=\"lazy\" decoding=\"async\" width=\"800\" height=\"400\" src=\"https:\/\/cafferavezzi.com\/wp-content\/uploads\/2018\/10\/galeria-cafe-gra-06.jpg\" class=\"attachment-barista_edge_large_width size-barista_edge_large_width\" alt=\"\" srcset=\"https:\/\/cafferavezzi.com\/wp-content\/uploads\/2018\/10\/galeria-cafe-gra-06.jpg 800w, https:\/\/cafferavezzi.com\/wp-content\/uploads\/2018\/10\/galeria-cafe-gra-06-600x300.jpg 600w, https:\/\/cafferavezzi.com\/wp-content\/uploads\/2018\/10\/galeria-cafe-gra-06-300x150.jpg 300w, https:\/\/cafferavezzi.com\/wp-content\/uploads\/2018\/10\/galeria-cafe-gra-06-768x384.jpg 768w\" sizes=\"(max-width: 800px) 100vw, 800px\" \/>\t\t\t\t\t\t\t\t<\/div>\n\t\t<\/div>\n\t\t\t<div class=\"edgtf-gallery-image edgtf-size-square\">\n\t\t\t<div class=\"edgtf-gallery-image-inner\">\n\t\t\t\t\t\t\t\t\t\t<img loading=\"lazy\" decoding=\"async\" width=\"550\" height=\"550\" src=\"https:\/\/cafferavezzi.com\/wp-content\/uploads\/2018\/04\/bosses-quilo-retallades-550x550.jpg\" class=\"attachment-barista_edge_square size-barista_edge_square\" alt=\"\" srcset=\"https:\/\/cafferavezzi.com\/wp-content\/uploads\/2018\/04\/bosses-quilo-retallades-550x550.jpg 550w, https:\/\/cafferavezzi.com\/wp-content\/uploads\/2018\/04\/bosses-quilo-retallades-300x300.jpg 300w, https:\/\/cafferavezzi.com\/wp-content\/uploads\/2018\/04\/bosses-quilo-retallades-100x100.jpg 100w, https:\/\/cafferavezzi.com\/wp-content\/uploads\/2018\/04\/bosses-quilo-retallades-600x600.jpg 600w, https:\/\/cafferavezzi.com\/wp-content\/uploads\/2018\/04\/bosses-quilo-retallades-150x150.jpg 150w, https:\/\/cafferavezzi.com\/wp-content\/uploads\/2018\/04\/bosses-quilo-retallades-768x768.jpg 768w, https:\/\/cafferavezzi.com\/wp-content\/uploads\/2018\/04\/bosses-quilo-retallades.jpg 800w\" sizes=\"(max-width: 550px) 100vw, 550px\" \/>\t\t\t\t\t\t\t\t<\/div>\n\t\t<\/div>\n\t<\/div>[\/vc_column][\/vc_row][vc_row content_width=\u00bbgrid\u00bb css=\u00bb.vc_custom_1538990180875{margin-top: 65px !important;}\u00bb][vc_column css=\u00bb.vc_custom_1525077383737{padding-top: 0px !important;padding-right: 0px !important;padding-bottom: 0px !important;padding-left: 0px !important;}\u00bb]<div class=\"edgtf-elements-holder edgtf-three-columns edgtf-responsive-mode-1024\" ><div class=\"edgtf-elements-holder-item \" data-item-class=\"edgtf-elements-holder-custom-416966\" data-768-1024=\"25% 0 25% 0\" data-600-768=\"30.5% 0 30.5% 0 \" data-480-600=\"46% 0 46% 0 \" data-480=\"46% 0 46% 0 \" style=\"background-image: url(https:\/\/cafferavezzi.com\/wp-content\/uploads\/2018\/10\/galeria-home-01.jpg)\">\n\t\t\t<a class=\"edgtf-elements-holder-item-link\" href=\"https:\/\/cafferavezzi.com\/cafe-en-gra\/\" target=\"_self\"><\/a>\n\t\t<div class=\"edgtf-elements-holder-item-inner\">\n\t\t<div class=\"edgtf-elements-holder-item-content edgtf-elements-holder-custom-416966\" style=\"padding: 0 0 0 0\">\n\t\t\t\t\t<\/div>\n\t<\/div>\n\t<\/div><div class=\"edgtf-elements-holder-item \" data-item-class=\"edgtf-elements-holder-custom-971235\" data-1024-1280=\"16% 10% 12% 12%\" data-768-1024=\"100px 48% 85px 80px \" data-600-768=\"90px 34% 76px 80px\" data-480-600=\"50px 2% 33px 15px \" data-480=\"50px 2% 33px 15px \" style=\"background-color: #eae7de\">\n\t\t<div class=\"edgtf-elements-holder-item-inner\">\n\t\t<div class=\"edgtf-elements-holder-item-content edgtf-elements-holder-custom-971235\" style=\"padding: 16% 15% 12% 12%\">\n\t\t\t[vc_column_text]<\/p>\n<h3>Nuestros servicios<\/h3>\n<p>[\/vc_column_text][vc_empty_space height=\u00bb30&#8243;][vc_column_text]Desde nuestros or\u00edgenes, en Gran Caff\u00e8 Ravezzi hemos tenido una gran vocaci\u00f3n de servicio hacia nuestros clientes. Un servicio pr\u00f3ximo y \u00e1gil para hacerles el d\u00eda a d\u00eda m\u00e1s f\u00e1cil.[\/vc_column_text][vc_empty_space height=\u00bb16px\u00bb]<a itemprop=\"url\" href=\"https:\/\/cafferavezzi.com\/es\/servicios\/\" target=\"_self\" style=\"color: #30271c\" class=\"edgtf-btn edgtf-btn-medium edgtf-btn-transparent edgtf-btn-icon\"  >\n\t<span class=\"edgtf-btn-text\">conoce m\u00e1s<\/span>\n    <span aria-hidden=\"true\" class=\"edgtf-icon-font-elegant arrow_right \" ><\/span><\/a>\t\t<\/div>\n\t<\/div>\n\t<\/div><div class=\"edgtf-elements-holder-item \" data-item-class=\"edgtf-elements-holder-custom-929460\" data-768-1024=\"25% 0 25% 0\" data-600-768=\"30.5% 0 30.5% 0 \" data-480-600=\"46% 0 46% 0 \" data-480=\"46% 0 46% 0 \" style=\"background-image: url(https:\/\/cafferavezzi.com\/wp-content\/uploads\/2018\/10\/capsules-bn-scaled.jpg)\">\n\t\t\t<a class=\"edgtf-elements-holder-item-link\" href=\"https:\/\/cafferavezzi.com\/capsules-compatibles\/\" target=\"_self\"><\/a>\n\t\t<div class=\"edgtf-elements-holder-item-inner\">\n\t\t<div class=\"edgtf-elements-holder-item-content edgtf-elements-holder-custom-929460\" style=\"padding: 0 0 0 0\">\n\t\t\t\t\t<\/div>\n\t<\/div>\n\t<\/div><\/div>[\/vc_column][\/vc_row][vc_row content_width=\u00bbgrid\u00bb][vc_column css=\u00bb.vc_custom_1525077467608{padding-top: 0px !important;padding-right: 0px !important;padding-bottom: 0px !important;padding-left: 0px !important;}\u00bb]<div class=\"edgtf-elements-holder edgtf-three-columns edgtf-responsive-mode-1024\" ><div class=\"edgtf-elements-holder-item \" data-item-class=\"edgtf-elements-holder-custom-416087\" data-1024-1280=\"16% 10% 12% 12%\" data-768-1024=\"100px 48% 85px 80px \" data-600-768=\"90px 34% 76px 80px\" data-480-600=\"50px 2% 33px 15px \" data-480=\"50px 2% 33px 15px \" style=\"background-color: #c8bfa3\">\n\t\t<div class=\"edgtf-elements-holder-item-inner\">\n\t\t<div class=\"edgtf-elements-holder-item-content edgtf-elements-holder-custom-416087\" style=\"padding: 16% 15% 12% 12%\">\n\t\t\t[vc_column_text el_class=\u00bblight\u00bb]<\/p>\n<h3>Caf\u00e9 en grano para HORECA<\/h3>\n<p>[\/vc_column_text][vc_empty_space height=\u00bb30px\u00bb][vc_column_text el_class=\u00bblight\u00bb]El caf\u00e9 en grano de Gran Caff\u00e8 Ravezzi tiene como denominador com\u00fan la calidad, a partir de blends cuidadosamente seleccionados para ofrecer el mejor resultado en la taza.[\/vc_column_text][vc_empty_space height=\u00bb16px\u00bb]<a itemprop=\"url\" href=\"https:\/\/cafferavezzi.com\/es\/contacto\" target=\"_self\" style=\"color: #ffffff\" class=\"edgtf-btn edgtf-btn-medium edgtf-btn-transparent edgtf-btn-icon\"  >\n\t<span class=\"edgtf-btn-text\">Cont\u00e1ctanos<\/span>\n    <span aria-hidden=\"true\" class=\"edgtf-icon-font-elegant arrow_right \" ><\/span><\/a>\t\t<\/div>\n\t<\/div>\n\t<\/div><div class=\"edgtf-elements-holder-item \" data-item-class=\"edgtf-elements-holder-custom-604046\" data-768-1024=\"25% 0 25% 0\" data-600-768=\"30.5% 0 30.5% 0 \" data-480-600=\"46% 0 46% 0 \" data-480=\"46% 0 46% 0 \" style=\"background-image: url(https:\/\/cafferavezzi.com\/wp-content\/uploads\/2018\/04\/probat-03-scaled.jpg)\">\n\t\t\t<a class=\"edgtf-elements-holder-item-link\" href=\"https:\/\/cafferavezzi.com\/el-nostre-proces\/\" target=\"_self\"><\/a>\n\t\t<div class=\"edgtf-elements-holder-item-inner\">\n\t\t<div class=\"edgtf-elements-holder-item-content edgtf-elements-holder-custom-604046\" style=\"padding: 0 0 0 0\">\n\t\t\t\t\t<\/div>\n\t<\/div>\n\t<\/div><div class=\"edgtf-elements-holder-item \" data-item-class=\"edgtf-elements-holder-custom-992938\" data-1024-1280=\"16% 9% 12% 12%\" data-768-1024=\"100px 48% 85px 80px \" data-600-768=\"90px 34% 76px 80px\" data-480-600=\"50px 2% 33px 15px \" data-480=\"50px 2% 33px 15px \" style=\"background-image: url(https:\/\/cafferavezzi.com\/wp-content\/uploads\/2018\/04\/bg-bloc-capsules.png)\">\n\t\t<div class=\"edgtf-elements-holder-item-inner\">\n\t\t<div class=\"edgtf-elements-holder-item-content edgtf-elements-holder-custom-992938\" style=\"padding: 16% 15% 12% 12%\">\n\t\t\t[vc_column_text el_class=\u00bblight\u00bb]<\/p>\n<h3>C\u00e1psulas compatibles de aluminio<\/h3>\n<p>[\/vc_column_text][vc_empty_space height=\u00bb30px\u00bb][vc_column_text el_class=\u00bblight\u00bb]Las c\u00e1psulas Art, compatibles con el sistema Nespresso*, han sido fabricadas con aluminio para conservar mejor el sabor, los aromas, la intensidad y la crema del caf\u00e9.[\/vc_column_text][vc_empty_space height=\u00bb16px\u00bb]<a itemprop=\"url\" href=\"https:\/\/cafferavezzi.com\/es\/capsulas-compatibles\/\" target=\"_self\" style=\"color: #ffffff\" class=\"edgtf-btn edgtf-btn-medium edgtf-btn-transparent edgtf-btn-icon\"  >\n\t<span class=\"edgtf-btn-text\">comprar ahora<\/span>\n    <span aria-hidden=\"true\" class=\"edgtf-icon-font-elegant arrow_right \" ><\/span><\/a>\t\t<\/div>\n\t<\/div>\n\t<\/div><\/div>[\/vc_column][\/vc_row][vc_row content_aligment=\u00bbcenter\u00bb css=\u00bb.vc_custom_1538990044851{margin-top: 65px !important;padding-top: 40px !important;padding-bottom: 33px !important;background-color: #f5f5f5 !important;}\u00bb][vc_column width=\u00bb1\/2&#8243; offset=\u00bbvc_col-lg-offset-3&#8243;]<div class=\"edgtf-carousel-holder clearfix\"><div class=\"edgtf-carousel edgtf-slick-slider-navigation-style\" data-items=\"3\" data-arrows-navigation=\"no\" data-dots-navigation=\"no\"><div class=\"edgtf-carousel-item-holder\">\n\t\t\t\t\t\t<span class=\"edgtf-carousel-first-image-holder  edgtf-image-zoom\">\n\t\t\t\t<img decoding=\"async\" src=\"https:\/\/cafferavezzi.com\/wp-content\/uploads\/2018\/04\/UTZ-original.png\" alt=\"UTZ\">\n\t\t\t<\/span>\n\t\t\t\t\t<\/div><div class=\"edgtf-carousel-item-holder\">\n\t\t\t\t\t\t<span class=\"edgtf-carousel-first-image-holder  edgtf-image-zoom\">\n\t\t\t\t<img decoding=\"async\" src=\"https:\/\/cafferavezzi.com\/wp-content\/uploads\/2018\/04\/rainforest-original.png\" alt=\"rainforest\">\n\t\t\t<\/span>\n\t\t\t\t\t<\/div><div class=\"edgtf-carousel-item-holder\">\n\t\t\t\t\t\t<span class=\"edgtf-carousel-first-image-holder  edgtf-image-zoom\">\n\t\t\t\t<img decoding=\"async\" src=\"https:\/\/cafferavezzi.com\/wp-content\/uploads\/2018\/04\/swiss-decaf-original.png\" alt=\"swiss decaf\">\n\t\t\t<\/span>\n\t\t\t\t\t<\/div><\/div><\/div>[\/vc_column][\/vc_row]<\/p>\n<\/div>","protected":false},"excerpt":{"rendered":"<p>[vc_row content_width=\u00bbgrid\u00bb content_aligment=\u00bbcenter\u00bb css=\u00bb.vc_custom_1525076475140{margin-top: 85px !important;}\u00bb][vc_column][vc_empty_space height=\u00bb20px\u00bb][vc_column_text] Decaffeinato. [\/vc_column_text][vc_empty_space height=\u00bb25px\u00bb][\/vc_column][\/vc_row][vc_row content_width=\u00bbgrid\u00bb css=\u00bb.vc_custom_1525076703977{margin-top: 85px !important;}\u00bb][vc_column][\/vc_column][\/vc_row][vc_row content_width=\u00bbgrid\u00bb css=\u00bb.vc_custom_1525076542374{margin-top: 85px !important;}\u00bb][vc_column width=\u00bb1\/2&#8243;][vc_single_image image=\u00bb13467&#8243; img_size=\u00bbfull\u00bb alignment=\u00bbcenter\u00bb][\/vc_column][vc_column width=\u00bb1\/2&#8243;][vc_column_text] Decaffeinato [\/vc_column_text][vc_empty_space height=\u00bb40px\u00bb][vc_column_text]Blend de or\u00edgenes descafeinados de&#8230;<\/p>\n","protected":false},"author":1,"featured_media":0,"parent":0,"menu_order":0,"comment_status":"closed","ping_status":"closed","template":"full-width.php","meta":{"inline_featured_image":false,"footnotes":""},"_links":{"self":[{"href":"https:\/\/cafferavezzi.com\/es\/wp-json\/wp\/v2\/pages\/14767"}],"collection":[{"href":"https:\/\/cafferavezzi.com\/es\/wp-json\/wp\/v2\/pages"}],"about":[{"href":"https:\/\/cafferavezzi.com\/es\/wp-json\/wp\/v2\/types\/page"}],"author":[{"embeddable":true,"href":"https:\/\/cafferavezzi.com\/es\/wp-json\/wp\/v2\/users\/1"}],"replies":[{"embeddable":true,"href":"https:\/\/cafferavezzi.com\/es\/wp-json\/wp\/v2\/comments?post=14767"}],"version-history":[{"count":0,"href":"https:\/\/cafferavezzi.com\/es\/wp-json\/wp\/v2\/pages\/14767\/revisions"}],"wp:attachment":[{"href":"https:\/\/cafferavezzi.com\/es\/wp-json\/wp\/v2\/media?parent=14767"}],"curies":[{"name":"wp","href":"https:\/\/api.w.org\/{rel}","templated":true}]}}