{"id":15742,"date":"2016-03-04T15:15:47","date_gmt":"2016-03-04T15:15:47","guid":{"rendered":"https:\/\/cafferavezzi.com\/producte\/decaffeinato-25-unitats\/"},"modified":"2025-12-22T12:44:42","modified_gmt":"2025-12-22T10:44:42","slug":"decaffeinato-25-unitats","status":"publish","type":"product","link":"https:\/\/cafferavezzi.com\/en\/producte\/decaffeinato-25-unitats\/","title":{"rendered":"Decaffeinato 25 unitats"},"content":{"rendered":"<div class=\"wpb-content-wrapper\"><p>[vc_row][vc_column width=&#8221;7\/12&#8243;][vc_column_text]Blend d\u2019origens descafe\u00efnats d\u2019excel\u00b7lent qualitat, fruit d\u2019un proc\u00e9s i control que garanteix un resultat immillorable permetent trobar l\u2019equilibri d\u2019un aut\u00e8ntic caf\u00e8 espresso. Un caf\u00e8 equilibrat i net que \u00e9s dif\u00edcil de distingir d\u2019un de no descafe\u00efnat.<\/p>\n<h3>Nota de tast<\/h3>\n<p>El nostre Decaffeinato \u00e9s un caf\u00e8 amb cos i lleugera acidesa. Revela tamb\u00e9 una certa aroma a cacau amb aromes de vainilla. El resultat \u00e9s un caf\u00e8 equilibrat amb sabor balancejat i ideal per aquells qui han d\u2019optar pel descafe\u00efnat.[\/vc_column_text][\/vc_column][vc_column width=&#8221;5\/12&#8243; css=&#8221;.vc_custom_1551089066914{padding-left: 40px !important;}&#8221;]<div class=\"edgtf-progress-bar\">\n\t<h5 class=\"edgtf-progress-title-holder clearfix\" >\n\t\t<span class=\"edgtf-progress-title\" >Sabor<\/span>\n\t\t<span class=\"edgtf-progress-number-wrapper edgtf-floating \" >\n\t\t\t<span class=\"edgtf-progress-number\" >\n\t\t\t\t<span class=\"edgtf-percent\">0<\/span>\n\t\t\t<\/span>\n\t\t<\/span>\n\t<\/h5>\n\t<div class=\"edgtf-progress-content-outer\" >\n\t\t<div data-percentage=75 class=\"edgtf-progress-content\" ><\/div>\n\t<\/div>\n<\/div>\t[vc_empty_space height=&#8221;10px&#8221;]<div class=\"edgtf-progress-bar\">\n\t<h5 class=\"edgtf-progress-title-holder clearfix\" >\n\t\t<span class=\"edgtf-progress-title\" >Aroma<\/span>\n\t\t<span class=\"edgtf-progress-number-wrapper edgtf-floating \" >\n\t\t\t<span class=\"edgtf-progress-number\" >\n\t\t\t\t<span class=\"edgtf-percent\">0<\/span>\n\t\t\t<\/span>\n\t\t<\/span>\n\t<\/h5>\n\t<div class=\"edgtf-progress-content-outer\" >\n\t\t<div data-percentage=65 class=\"edgtf-progress-content\" ><\/div>\n\t<\/div>\n<\/div>\t[vc_empty_space height=&#8221;10px&#8221;]<div class=\"edgtf-progress-bar\">\n\t<h5 class=\"edgtf-progress-title-holder clearfix\" >\n\t\t<span class=\"edgtf-progress-title\" >Acidesa<\/span>\n\t\t<span class=\"edgtf-progress-number-wrapper edgtf-floating \" >\n\t\t\t<span class=\"edgtf-progress-number\" >\n\t\t\t\t<span class=\"edgtf-percent\">0<\/span>\n\t\t\t<\/span>\n\t\t<\/span>\n\t<\/h5>\n\t<div class=\"edgtf-progress-content-outer\" >\n\t\t<div data-percentage=65 class=\"edgtf-progress-content\" ><\/div>\n\t<\/div>\n<\/div>\t[vc_empty_space height=&#8221;10px&#8221;]<div class=\"edgtf-progress-bar\">\n\t<h5 class=\"edgtf-progress-title-holder clearfix\" >\n\t\t<span class=\"edgtf-progress-title\" >Cos<\/span>\n\t\t<span class=\"edgtf-progress-number-wrapper edgtf-floating \" >\n\t\t\t<span class=\"edgtf-progress-number\" >\n\t\t\t\t<span class=\"edgtf-percent\">0<\/span>\n\t\t\t<\/span>\n\t\t<\/span>\n\t<\/h5>\n\t<div class=\"edgtf-progress-content-outer\" >\n\t\t<div data-percentage=70 class=\"edgtf-progress-content\" ><\/div>\n\t<\/div>\n<\/div>\t[vc_empty_space height=&#8221;10px&#8221;]<div class=\"edgtf-progress-bar\">\n\t<h5 class=\"edgtf-progress-title-holder clearfix\" >\n\t\t<span class=\"edgtf-progress-title\" >Balanced<\/span>\n\t\t<span class=\"edgtf-progress-number-wrapper edgtf-floating \" >\n\t\t\t<span class=\"edgtf-progress-number\" >\n\t\t\t\t<span class=\"edgtf-percent\">0<\/span>\n\t\t\t<\/span>\n\t\t<\/span>\n\t<\/h5>\n\t<div class=\"edgtf-progress-content-outer\" >\n\t\t<div data-percentage=75 class=\"edgtf-progress-content\" ><\/div>\n\t<\/div>\n<\/div>\t[\/vc_column][\/vc_row]<\/p>\n<\/div>","protected":false},"excerpt":{"rendered":"<p>Blend de caf\u00e8s descafe\u00efnats equilibrat i net. Un blend que \u00e9s dif\u00edcil de distingir d&#8217;un de no descafe\u00efnat.<\/p>\n","protected":false},"featured_media":15650,"comment_status":"open","ping_status":"closed","template":"","meta":{"inline_featured_image":false},"product_cat":[156],"product_tag":[],"_links":{"self":[{"href":"https:\/\/cafferavezzi.com\/en\/wp-json\/wp\/v2\/product\/15742"}],"collection":[{"href":"https:\/\/cafferavezzi.com\/en\/wp-json\/wp\/v2\/product"}],"about":[{"href":"https:\/\/cafferavezzi.com\/en\/wp-json\/wp\/v2\/types\/product"}],"replies":[{"embeddable":true,"href":"https:\/\/cafferavezzi.com\/en\/wp-json\/wp\/v2\/comments?post=15742"}],"wp:featuredmedia":[{"embeddable":true,"href":"https:\/\/cafferavezzi.com\/en\/wp-json\/wp\/v2\/media\/15650"}],"wp:attachment":[{"href":"https:\/\/cafferavezzi.com\/en\/wp-json\/wp\/v2\/media?parent=15742"}],"wp:term":[{"taxonomy":"product_cat","embeddable":true,"href":"https:\/\/cafferavezzi.com\/en\/wp-json\/wp\/v2\/product_cat?post=15742"},{"taxonomy":"product_tag","embeddable":true,"href":"https:\/\/cafferavezzi.com\/en\/wp-json\/wp\/v2\/product_tag?post=15742"}],"curies":[{"name":"wp","href":"https:\/\/api.w.org\/{rel}","templated":true}]}}