{"id":15739,"date":"2019-02-21T20:21:13","date_gmt":"2019-02-21T18:21:13","guid":{"rendered":"https:\/\/cafferavezzi.com\/producte\/nero-art\/"},"modified":"2024-12-18T12:16:37","modified_gmt":"2024-12-18T10:16:37","slug":"nero-art","status":"publish","type":"product","link":"https:\/\/cafferavezzi.com\/en\/producte\/nero-art\/","title":{"rendered":"Nero Art"},"content":{"rendered":"<div class=\"wpb-content-wrapper\"><p>[vc_row][vc_column width=&#8221;7\/12&#8243;][vc_column_text]Les c\u00e0psules d\u2019alumini de la varietat Nero contenen un blend de caf\u00e8s fort amb reminisc\u00e8ncies a la xocolata negra, que destaca pel seu car\u00e0cter extremadament net. El resultat \u00e9s un caf\u00e8 amb sabor que omple i molt persistent ideal per als grans amants del caf\u00e8 crem\u00f3s, amb car\u00e0cter i persistent.<\/p>\n<h3>Notes de tast<\/h3>\n<p>Caf\u00e8 d\u2019entrada en boca potent, sense acidesa i amb reminisc\u00e8ncies de xocolata negra, nous i fruits secs. El resultat \u00e9s un caf\u00e8 crem\u00f3s, amb car\u00e0cter i persistent.[\/vc_column_text][\/vc_column][vc_column width=&#8221;5\/12&#8243; css=&#8221;.vc_custom_1551089066914{padding-left: 40px !important;}&#8221;]<div class=\"edgtf-progress-bar\">\n\t<h5 class=\"edgtf-progress-title-holder clearfix\" >\n\t\t<span class=\"edgtf-progress-title\" >Sabor<\/span>\n\t\t<span class=\"edgtf-progress-number-wrapper edgtf-floating \" >\n\t\t\t<span class=\"edgtf-progress-number\" >\n\t\t\t\t<span class=\"edgtf-percent\">0<\/span>\n\t\t\t<\/span>\n\t\t<\/span>\n\t<\/h5>\n\t<div class=\"edgtf-progress-content-outer\" >\n\t\t<div data-percentage=80 class=\"edgtf-progress-content\" ><\/div>\n\t<\/div>\n<\/div>\t[vc_empty_space height=&#8221;10px&#8221;]<div class=\"edgtf-progress-bar\">\n\t<h5 class=\"edgtf-progress-title-holder clearfix\" >\n\t\t<span class=\"edgtf-progress-title\" >Aroma<\/span>\n\t\t<span class=\"edgtf-progress-number-wrapper edgtf-floating \" >\n\t\t\t<span class=\"edgtf-progress-number\" >\n\t\t\t\t<span class=\"edgtf-percent\">0<\/span>\n\t\t\t<\/span>\n\t\t<\/span>\n\t<\/h5>\n\t<div class=\"edgtf-progress-content-outer\" >\n\t\t<div data-percentage=70 class=\"edgtf-progress-content\" ><\/div>\n\t<\/div>\n<\/div>\t[vc_empty_space height=&#8221;10px&#8221;]<div class=\"edgtf-progress-bar\">\n\t<h5 class=\"edgtf-progress-title-holder clearfix\" >\n\t\t<span class=\"edgtf-progress-title\" >Acidesa<\/span>\n\t\t<span class=\"edgtf-progress-number-wrapper edgtf-floating \" >\n\t\t\t<span class=\"edgtf-progress-number\" >\n\t\t\t\t<span class=\"edgtf-percent\">0<\/span>\n\t\t\t<\/span>\n\t\t<\/span>\n\t<\/h5>\n\t<div class=\"edgtf-progress-content-outer\" >\n\t\t<div data-percentage=65 class=\"edgtf-progress-content\" ><\/div>\n\t<\/div>\n<\/div>\t[vc_empty_space height=&#8221;10px&#8221;]<div class=\"edgtf-progress-bar\">\n\t<h5 class=\"edgtf-progress-title-holder clearfix\" >\n\t\t<span class=\"edgtf-progress-title\" >Cos<\/span>\n\t\t<span class=\"edgtf-progress-number-wrapper edgtf-floating \" >\n\t\t\t<span class=\"edgtf-progress-number\" >\n\t\t\t\t<span class=\"edgtf-percent\">0<\/span>\n\t\t\t<\/span>\n\t\t<\/span>\n\t<\/h5>\n\t<div class=\"edgtf-progress-content-outer\" >\n\t\t<div data-percentage=90 class=\"edgtf-progress-content\" ><\/div>\n\t<\/div>\n<\/div>\t[vc_empty_space height=&#8221;10px&#8221;]<div class=\"edgtf-progress-bar\">\n\t<h5 class=\"edgtf-progress-title-holder clearfix\" >\n\t\t<span class=\"edgtf-progress-title\" >Balanced<\/span>\n\t\t<span class=\"edgtf-progress-number-wrapper edgtf-floating \" >\n\t\t\t<span class=\"edgtf-progress-number\" >\n\t\t\t\t<span class=\"edgtf-percent\">0<\/span>\n\t\t\t<\/span>\n\t\t<\/span>\n\t<\/h5>\n\t<div class=\"edgtf-progress-content-outer\" >\n\t\t<div data-percentage=70 class=\"edgtf-progress-content\" ><\/div>\n\t<\/div>\n<\/div>\t[\/vc_column][\/vc_row]<\/p>\n<\/div>","protected":false},"excerpt":{"rendered":"<p>Blend de caf\u00e8s fort, amb car\u00e0cter per\u00f2 extremadament net. La nostra varietat Nero ofereix un sabor que omple i molt persistent.<\/p>\n","protected":false},"featured_media":15683,"comment_status":"closed","ping_status":"closed","template":"","meta":{"inline_featured_image":false},"product_cat":[149],"product_tag":[],"_links":{"self":[{"href":"https:\/\/cafferavezzi.com\/en\/wp-json\/wp\/v2\/product\/15739"}],"collection":[{"href":"https:\/\/cafferavezzi.com\/en\/wp-json\/wp\/v2\/product"}],"about":[{"href":"https:\/\/cafferavezzi.com\/en\/wp-json\/wp\/v2\/types\/product"}],"replies":[{"embeddable":true,"href":"https:\/\/cafferavezzi.com\/en\/wp-json\/wp\/v2\/comments?post=15739"}],"wp:featuredmedia":[{"embeddable":true,"href":"https:\/\/cafferavezzi.com\/en\/wp-json\/wp\/v2\/media\/15683"}],"wp:attachment":[{"href":"https:\/\/cafferavezzi.com\/en\/wp-json\/wp\/v2\/media?parent=15739"}],"wp:term":[{"taxonomy":"product_cat","embeddable":true,"href":"https:\/\/cafferavezzi.com\/en\/wp-json\/wp\/v2\/product_cat?post=15739"},{"taxonomy":"product_tag","embeddable":true,"href":"https:\/\/cafferavezzi.com\/en\/wp-json\/wp\/v2\/product_tag?post=15739"}],"curies":[{"name":"wp","href":"https:\/\/api.w.org\/{rel}","templated":true}]}}