{"id":15738,"date":"2019-02-22T00:12:35","date_gmt":"2019-02-21T22:12:35","guid":{"rendered":"https:\/\/cafferavezzi.com\/producte\/organic-art\/"},"modified":"2024-12-18T12:17:00","modified_gmt":"2024-12-18T10:17:00","slug":"organic-art","status":"publish","type":"product","link":"https:\/\/cafferavezzi.com\/en\/producte\/organic-art\/","title":{"rendered":"Organic Art"},"content":{"rendered":"<div class=\"wpb-content-wrapper\"><p>[vc_row][vc_column width=&#8221;7\/12&#8243;][vc_column_text]El nostre caf\u00e8 Organic \u00e9s fruit d\u2019una excel\u00b7lent selecci\u00f3 de caf\u00e8s amb certificaci\u00f3 organica que promou sistemes d\u2019agricultura millorada en el que eviten l\u2019\u00fas de fertilitzants i plaguicides sint\u00e8tics per utilitzar alternatives naturals i mec\u00e0niques.<\/p>\n<h3>Notes de tast<\/h3>\n<p>El caf\u00e8 Organic destaca per oferir cos marcat i intens amb notes de xocolata, mora i avellanes. Una varietat ideal per prendre en format espresso.[\/vc_column_text][\/vc_column][vc_column width=&#8221;5\/12&#8243; css=&#8221;.vc_custom_1551089066914{padding-left: 40px !important;}&#8221;]<div class=\"edgtf-progress-bar\">\n\t<h5 class=\"edgtf-progress-title-holder clearfix\" >\n\t\t<span class=\"edgtf-progress-title\" >Sabor<\/span>\n\t\t<span class=\"edgtf-progress-number-wrapper edgtf-floating \" >\n\t\t\t<span class=\"edgtf-progress-number\" >\n\t\t\t\t<span class=\"edgtf-percent\">0<\/span>\n\t\t\t<\/span>\n\t\t<\/span>\n\t<\/h5>\n\t<div class=\"edgtf-progress-content-outer\" >\n\t\t<div data-percentage=75 class=\"edgtf-progress-content\" ><\/div>\n\t<\/div>\n<\/div>\t[vc_empty_space height=&#8221;10px&#8221;]<div class=\"edgtf-progress-bar\">\n\t<h5 class=\"edgtf-progress-title-holder clearfix\" >\n\t\t<span class=\"edgtf-progress-title\" >Aroma<\/span>\n\t\t<span class=\"edgtf-progress-number-wrapper edgtf-floating \" >\n\t\t\t<span class=\"edgtf-progress-number\" >\n\t\t\t\t<span class=\"edgtf-percent\">0<\/span>\n\t\t\t<\/span>\n\t\t<\/span>\n\t<\/h5>\n\t<div class=\"edgtf-progress-content-outer\" >\n\t\t<div data-percentage=65 class=\"edgtf-progress-content\" ><\/div>\n\t<\/div>\n<\/div>\t[vc_empty_space height=&#8221;10px&#8221;]<div class=\"edgtf-progress-bar\">\n\t<h5 class=\"edgtf-progress-title-holder clearfix\" >\n\t\t<span class=\"edgtf-progress-title\" >Acidesa<\/span>\n\t\t<span class=\"edgtf-progress-number-wrapper edgtf-floating \" >\n\t\t\t<span class=\"edgtf-progress-number\" >\n\t\t\t\t<span class=\"edgtf-percent\">0<\/span>\n\t\t\t<\/span>\n\t\t<\/span>\n\t<\/h5>\n\t<div class=\"edgtf-progress-content-outer\" >\n\t\t<div data-percentage=60 class=\"edgtf-progress-content\" ><\/div>\n\t<\/div>\n<\/div>\t[vc_empty_space height=&#8221;10px&#8221;]<div class=\"edgtf-progress-bar\">\n\t<h5 class=\"edgtf-progress-title-holder clearfix\" >\n\t\t<span class=\"edgtf-progress-title\" >Cos<\/span>\n\t\t<span class=\"edgtf-progress-number-wrapper edgtf-floating \" >\n\t\t\t<span class=\"edgtf-progress-number\" >\n\t\t\t\t<span class=\"edgtf-percent\">0<\/span>\n\t\t\t<\/span>\n\t\t<\/span>\n\t<\/h5>\n\t<div class=\"edgtf-progress-content-outer\" >\n\t\t<div data-percentage=75 class=\"edgtf-progress-content\" ><\/div>\n\t<\/div>\n<\/div>\t[vc_empty_space height=&#8221;10px&#8221;]<div class=\"edgtf-progress-bar\">\n\t<h5 class=\"edgtf-progress-title-holder clearfix\" >\n\t\t<span class=\"edgtf-progress-title\" >Balanced<\/span>\n\t\t<span class=\"edgtf-progress-number-wrapper edgtf-floating \" >\n\t\t\t<span class=\"edgtf-progress-number\" >\n\t\t\t\t<span class=\"edgtf-percent\">0<\/span>\n\t\t\t<\/span>\n\t\t<\/span>\n\t<\/h5>\n\t<div class=\"edgtf-progress-content-outer\" >\n\t\t<div data-percentage=75 class=\"edgtf-progress-content\" ><\/div>\n\t<\/div>\n<\/div>\t[\/vc_column][\/vc_row]<\/p>\n<\/div>","protected":false},"excerpt":{"rendered":"<p>Una excel\u00b7lent selecci\u00f3 de caf\u00e8s de m\u00e0xima qualitat produ\u00efts en finques sostenibles i ideal per prendre en format espresso.<\/p>\n","protected":false},"featured_media":15684,"comment_status":"closed","ping_status":"closed","template":"","meta":{"inline_featured_image":false},"product_cat":[149],"product_tag":[],"_links":{"self":[{"href":"https:\/\/cafferavezzi.com\/en\/wp-json\/wp\/v2\/product\/15738"}],"collection":[{"href":"https:\/\/cafferavezzi.com\/en\/wp-json\/wp\/v2\/product"}],"about":[{"href":"https:\/\/cafferavezzi.com\/en\/wp-json\/wp\/v2\/types\/product"}],"replies":[{"embeddable":true,"href":"https:\/\/cafferavezzi.com\/en\/wp-json\/wp\/v2\/comments?post=15738"}],"wp:featuredmedia":[{"embeddable":true,"href":"https:\/\/cafferavezzi.com\/en\/wp-json\/wp\/v2\/media\/15684"}],"wp:attachment":[{"href":"https:\/\/cafferavezzi.com\/en\/wp-json\/wp\/v2\/media?parent=15738"}],"wp:term":[{"taxonomy":"product_cat","embeddable":true,"href":"https:\/\/cafferavezzi.com\/en\/wp-json\/wp\/v2\/product_cat?post=15738"},{"taxonomy":"product_tag","embeddable":true,"href":"https:\/\/cafferavezzi.com\/en\/wp-json\/wp\/v2\/product_tag?post=15738"}],"curies":[{"name":"wp","href":"https:\/\/api.w.org\/{rel}","templated":true}]}}