{"id":15156,"date":"2018-04-26T14:40:22","date_gmt":"2018-04-26T12:40:22","guid":{"rendered":"https:\/\/cafferavezzi.com\/cafe-en-gra\/"},"modified":"2021-02-26T12:58:52","modified_gmt":"2021-02-26T10:58:52","slug":"coffee-beans","status":"publish","type":"page","link":"https:\/\/cafferavezzi.com\/en\/coffee-beans\/","title":{"rendered":"Coffee beans"},"content":{"rendered":"<div class=\"wpb-content-wrapper\"><p>[vc_row content_width=&#8221;grid&#8221; content_aligment=&#8221;center&#8221; enable_ligher_effect=&#8221;yes&#8221; lighter_effect_top=&#8221;no&#8221; lighter_effect_bottom=&#8221;no&#8221; css=&#8221;.vc_custom_1525077140752{margin-top: 85px !important;}&#8221;][vc_column]\n<p class=\"edgtf-section-subtitle\" >\n\t1 kg packet of<\/p>[vc_empty_space height=&#8221;20px&#8221;][vc_column_text]<\/p>\n<h2>COFFEE BEANS.<\/h2>\n<p>[\/vc_column_text][vc_empty_space height=&#8221;25px&#8221;]<div class=\"edgtf-separator-holder clearfix  edgtf-separator-center\">\n\t<div class=\"edgtf-separator\" style=\"border-color: #c7a17a;width: 120px;border-bottom-width: 2px\"><\/div>\n<\/div>\n[\/vc_column][\/vc_row][vc_row content_width=&#8221;grid&#8221; content_aligment=&#8221;center&#8221; css=&#8221;.vc_custom_1525077246854{margin-top: 55px !important;}&#8221;][vc_column offset=&#8221;vc_col-lg-offset-0 vc_col-lg-12&#8243;]<div class=\"clearfix edgtf-item-showcase\"><div class=\"edgtf-item-image\" style=\"margin-top:5px;\"><img loading=\"lazy\" decoding=\"async\" width=\"700\" height=\"1002\" src=\"https:\/\/cafferavezzi.com\/wp-content\/uploads\/2018\/04\/caracteristiques-cafe-en-gra.jpg\" class=\"attachment-full size-full\" alt=\"\" srcset=\"https:\/\/cafferavezzi.com\/wp-content\/uploads\/2018\/04\/caracteristiques-cafe-en-gra.jpg 700w, https:\/\/cafferavezzi.com\/wp-content\/uploads\/2018\/04\/caracteristiques-cafe-en-gra-600x859.jpg 600w, https:\/\/cafferavezzi.com\/wp-content\/uploads\/2018\/04\/caracteristiques-cafe-en-gra-210x300.jpg 210w\" sizes=\"(max-width: 700px) 100vw, 700px\" \/><\/div><div class=\"edgtf-item edgtf-item-left\">\n\t\t<div class=\"edgtf-item-content\">\n\t\t\t\t<div class=\"edgtf-showcase-title-holder\">\n\t\t\t\t\t\t\t<a href=\"\" target=\"_blank\">\n\t\t\t\t\t\t\t<h4 class=\"edgtf-showcase-title\">Quality coffee<\/h4>\n\t\t\t\t\t\t\t<\/a>\n\t\t\t\t\t<\/div>\n\t\t\t\t<div class=\"edgtf-showcase-text-holder\">\n\t\t\t<p class=\"edgtf-showcase-text\">Gran Caff\u00e8 Ravezzi blends are the result of a selection of the highest quality coffees with superior characteristics in terms of floral nuances, aromas and acidity.<\/p>\n\t\t<\/div>\n\t\t\t<\/div>\n\t\t\t            <div class=\"edgtf-item-custom-icon\">\n\t            <img loading=\"lazy\" decoding=\"async\" width=\"180\" height=\"117\" src=\"https:\/\/cafferavezzi.com\/wp-content\/uploads\/2018\/04\/grans-cafe.png\" class=\"attachment-full size-full\" alt=\"\" \/>\t        <\/div>\n\t        \t<\/div><div class=\"edgtf-item edgtf-item-left\">\n\t\t<div class=\"edgtf-item-content\">\n\t\t\t\t<div class=\"edgtf-showcase-title-holder\">\n\t\t\t\t\t\t\t<a href=\"\" target=\"_blank\">\n\t\t\t\t\t\t\t<h4 class=\"edgtf-showcase-title\">Artisan roasting<\/h4>\n\t\t\t\t\t\t\t<\/a>\n\t\t\t\t\t<\/div>\n\t\t\t\t<div class=\"edgtf-showcase-text-holder\">\n\t\t\t<p class=\"edgtf-showcase-text\">We roast the coffee weekly to better preserve all the product qualities.<\/p>\n\t\t<\/div>\n\t\t\t<\/div>\n\t\t\t            <div class=\"edgtf-item-custom-icon\">\n\t            <img loading=\"lazy\" decoding=\"async\" width=\"131\" height=\"180\" src=\"https:\/\/cafferavezzi.com\/wp-content\/uploads\/2018\/04\/icona-torrefaccio.png\" class=\"attachment-full size-full\" alt=\"\" \/>\t        <\/div>\n\t        \t<\/div><div class=\"edgtf-item edgtf-item-left\">\n\t\t<div class=\"edgtf-item-content\">\n\t\t\t\t<div class=\"edgtf-showcase-title-holder\">\n\t\t\t\t\t\t\t<a href=\"\" target=\"_blank\">\n\t\t\t\t\t\t\t<h4 class=\"edgtf-showcase-title\">OUR OWN BLEND<\/h4>\n\t\t\t\t\t\t\t<\/a>\n\t\t\t\t\t<\/div>\n\t\t\t\t<div class=\"edgtf-showcase-text-holder\">\n\t\t\t<p class=\"edgtf-showcase-text\">At Gran caff\u00e8 Ravezzi, we create our coffee blends by mixing different variety or origin coffees to obtain a good blend with the organoleptic properties what we are looking for, in each case: body, aroma, acidity, fragrance...<\/p>\n\t\t<\/div>\n\t\t\t<\/div>\n\t\t\t            <div class=\"edgtf-item-custom-icon\">\n\t            <img loading=\"lazy\" decoding=\"async\" width=\"180\" height=\"131\" src=\"https:\/\/cafferavezzi.com\/wp-content\/uploads\/2018\/04\/icona-blend-propi.png\" class=\"attachment-full size-full\" alt=\"\" \/>\t        <\/div>\n\t        \t<\/div><div class=\"edgtf-item edgtf-item-right\">\n\t\t\t\t\t\t<div class=\"edgtf-item-custom-icon\">\n\t            <img loading=\"lazy\" decoding=\"async\" width=\"180\" height=\"180\" src=\"https:\/\/cafferavezzi.com\/wp-content\/uploads\/2018\/04\/icona-cafeteria.png\" class=\"attachment-full size-full\" alt=\"\" srcset=\"https:\/\/cafferavezzi.com\/wp-content\/uploads\/2018\/04\/icona-cafeteria.png 180w, https:\/\/cafferavezzi.com\/wp-content\/uploads\/2018\/04\/icona-cafeteria-100x100.png 100w, https:\/\/cafferavezzi.com\/wp-content\/uploads\/2018\/04\/icona-cafeteria-150x150.png 150w\" sizes=\"(max-width: 180px) 100vw, 180px\" \/>\t        <\/div>\n\t        \t\t<div class=\"edgtf-item-content\">\n\t\t\t\t<div class=\"edgtf-showcase-title-holder\">\n\t\t\t\t\t\t\t<a href=\"\" target=\"_blank\">\n\t\t\t\t\t\t\t<h4 class=\"edgtf-showcase-title\">Ideal for caf\u00e9s<\/h4>\n\t\t\t\t\t\t\t<\/a>\n\t\t\t\t\t<\/div>\n\t\t\t\t<div class=\"edgtf-showcase-text-holder\">\n\t\t\t<p class=\"edgtf-showcase-text\">It is especially thought to be used in hotels, caf\u00e9s and restaurants. Our coffee beans from carefully selected blends have quality as a feature.<\/p>\n\t\t<\/div>\n\t\t\t<\/div>\n\t<\/div><div class=\"edgtf-item edgtf-item-right\">\n\t\t\t\t\t\t<div class=\"edgtf-item-custom-icon\">\n\t            <img loading=\"lazy\" decoding=\"async\" width=\"122\" height=\"180\" src=\"https:\/\/cafferavezzi.com\/wp-content\/uploads\/2018\/04\/icona-qualitat2.png\" class=\"attachment-full size-full\" alt=\"\" \/>\t        <\/div>\n\t        \t\t<div class=\"edgtf-item-content\">\n\t\t\t\t<div class=\"edgtf-showcase-title-holder\">\n\t\t\t\t\t\t\t<a href=\"\" target=\"_blank\">\n\t\t\t\t\t\t\t<h4 class=\"edgtf-showcase-title\">SUPERIOR QUALITY<\/h4>\n\t\t\t\t\t\t\t<\/a>\n\t\t\t\t\t<\/div>\n\t\t\t\t<div class=\"edgtf-showcase-text-holder\">\n\t\t\t<p class=\"edgtf-showcase-text\">Offering the best quality coffee has always been a fundamental purpose of Gran Caff\u00e8 Ravezzi.<\/p>\n\t\t<\/div>\n\t\t\t<\/div>\n\t<\/div><div class=\"edgtf-item edgtf-item-right\">\n\t\t\t\t\t\t<div class=\"edgtf-item-custom-icon\">\n\t            <img loading=\"lazy\" decoding=\"async\" width=\"141\" height=\"180\" src=\"https:\/\/cafferavezzi.com\/wp-content\/uploads\/2018\/04\/icona-gustos-locals.png\" class=\"attachment-full size-full\" alt=\"\" \/>\t        <\/div>\n\t        \t\t<div class=\"edgtf-item-content\">\n\t\t\t\t<div class=\"edgtf-showcase-title-holder\">\n\t\t\t\t\t\t\t<a href=\"\" target=\"_blank\">\n\t\t\t\t\t\t\t<h4 class=\"edgtf-showcase-title\">LOCAL TASTES<\/h4>\n\t\t\t\t\t\t\t<\/a>\n\t\t\t\t\t<\/div>\n\t\t\t\t<div class=\"edgtf-showcase-text-holder\">\n\t\t\t<p class=\"edgtf-showcase-text\">Among our blends, we have created an Italian inspired blend (Massimo): full-bodied, creamy and strong. Others are thought to palates seeking more nuances in a blend as in our Capritxoso noted by its acidity, floral and chocolate hints.<\/p>\n\t\t<\/div>\n\t\t\t<\/div>\n\t<\/div><\/div>[\/vc_column][\/vc_row][vc_row content_width=&#8221;grid&#8221; enable_ligher_effect=&#8221;yes&#8221; lighter_effect_bottom=&#8221;no&#8221; css=&#8221;.vc_custom_1525077402054{margin-top: 85px !important;}&#8221;][vc_column width=&#8221;5\/12&#8243;][vc_single_image image=&#8221;15558&#8243; img_size=&#8221;full&#8221; alignment=&#8221;center&#8221;][\/vc_column][vc_column width=&#8221;7\/12&#8243;][vc_column_text]<\/p>\n<h2>Coffee beans<\/h2>\n<p>[\/vc_column_text]<div class=\"edgtf-separator-holder clearfix  edgtf-separator-left\">\n\t<div class=\"edgtf-separator\" style=\"border-color: #c7a17a;width: 120px;border-bottom-width: 2px;margin-top: 17px\"><\/div>\n<\/div>\n[vc_empty_space height=&#8221;40px&#8221;][vc_column_text]Coffee beans of Gran Caff\u00e8 Ravezzi have quality as a feature, from carefully selected blends to offering the best cup of coffee. A selection especially aimed at caf\u00e9 and restaurant professionals enabling them to offer their customers the best quality freshly ground coffee.[\/vc_column_text][vc_empty_space height=&#8221;30px&#8221;]\n<blockquote class=\"edgtf-blockquote-shortcode\" style=\"width: 85%\" >\n\t<span class=\"edgtf-blockquote-text\">\n\t\tGran Caff\u00e8 Ravezzi is the perfect choice to meet the caf\u00e9 and restaurant needs. Freshly ground brewed coffee grants a fresher and more intense aroma. \t<\/span>\n<\/blockquote>[vc_empty_space height=&#8221;30px&#8221;][vc_column_text]Packed weighing one kilo, our coffee beans are available in different varieties to fit in with the requirements of our customers: Caf\u00e9 Delicioso, Caf\u00e9 Massimo, Caf\u00e9 Decaffeinato y Caf\u00e9 Capritxoso.[\/vc_column_text][\/vc_column][\/vc_row][vc_row css=&#8221;.vc_custom_1539030219093{margin-top: 135px !important;}&#8221;][vc_column css=&#8221;.vc_custom_1525077448473{padding-top: 0px !important;padding-right: 0px !important;padding-bottom: 0px !important;padding-left: 0px !important;}&#8221;]<div class=\"edgtf-image-gallery-masonry\">\n\t<div class=\"edgtf-image-masonry-grid-sizer\"><\/div>\n\t\t\t<div class=\"edgtf-gallery-image edgtf-size-landscape\">\n\t\t\t<div class=\"edgtf-gallery-image-inner\">\n\t\t\t\t\t\t\t\t\t\t<img loading=\"lazy\" decoding=\"async\" width=\"800\" height=\"400\" src=\"https:\/\/cafferavezzi.com\/wp-content\/uploads\/2018\/10\/galeria-home-06.jpg\" class=\"attachment-barista_edge_large_width size-barista_edge_large_width\" alt=\"\" srcset=\"https:\/\/cafferavezzi.com\/wp-content\/uploads\/2018\/10\/galeria-home-06.jpg 800w, https:\/\/cafferavezzi.com\/wp-content\/uploads\/2018\/10\/galeria-home-06-600x300.jpg 600w, https:\/\/cafferavezzi.com\/wp-content\/uploads\/2018\/10\/galeria-home-06-300x150.jpg 300w, https:\/\/cafferavezzi.com\/wp-content\/uploads\/2018\/10\/galeria-home-06-768x384.jpg 768w\" sizes=\"(max-width: 800px) 100vw, 800px\" \/>\t\t\t\t\t\t\t\t<\/div>\n\t\t<\/div>\n\t\t\t<div class=\"edgtf-gallery-image edgtf-size-square\">\n\t\t\t<div class=\"edgtf-gallery-image-inner\">\n\t\t\t\t\t\t\t\t\t\t<img loading=\"lazy\" decoding=\"async\" width=\"550\" height=\"550\" src=\"https:\/\/cafferavezzi.com\/wp-content\/uploads\/2018\/10\/galeria-cafe-gra-03-550x550.jpg\" class=\"attachment-barista_edge_square size-barista_edge_square\" alt=\"\" srcset=\"https:\/\/cafferavezzi.com\/wp-content\/uploads\/2018\/10\/galeria-cafe-gra-03-550x550.jpg 550w, https:\/\/cafferavezzi.com\/wp-content\/uploads\/2018\/10\/galeria-cafe-gra-03-300x300.jpg 300w, https:\/\/cafferavezzi.com\/wp-content\/uploads\/2018\/10\/galeria-cafe-gra-03-100x100.jpg 100w, https:\/\/cafferavezzi.com\/wp-content\/uploads\/2018\/10\/galeria-cafe-gra-03-600x600.jpg 600w, https:\/\/cafferavezzi.com\/wp-content\/uploads\/2018\/10\/galeria-cafe-gra-03-150x150.jpg 150w, https:\/\/cafferavezzi.com\/wp-content\/uploads\/2018\/10\/galeria-cafe-gra-03-768x768.jpg 768w, https:\/\/cafferavezzi.com\/wp-content\/uploads\/2018\/10\/galeria-cafe-gra-03.jpg 800w\" sizes=\"(max-width: 550px) 100vw, 550px\" \/>\t\t\t\t\t\t\t\t<\/div>\n\t\t<\/div>\n\t\t\t<div class=\"edgtf-gallery-image edgtf-size-big-square\">\n\t\t\t<div class=\"edgtf-gallery-image-inner\">\n\t\t\t\t\t\t\t\t\t\t<img loading=\"lazy\" decoding=\"async\" width=\"800\" height=\"800\" src=\"https:\/\/cafferavezzi.com\/wp-content\/uploads\/2018\/10\/galeria-cafe-gra-08.jpg\" class=\"attachment-barista_edge_large_width_height size-barista_edge_large_width_height\" alt=\"\" srcset=\"https:\/\/cafferavezzi.com\/wp-content\/uploads\/2018\/10\/galeria-cafe-gra-08.jpg 800w, https:\/\/cafferavezzi.com\/wp-content\/uploads\/2018\/10\/galeria-cafe-gra-08-300x300.jpg 300w, https:\/\/cafferavezzi.com\/wp-content\/uploads\/2018\/10\/galeria-cafe-gra-08-100x100.jpg 100w, https:\/\/cafferavezzi.com\/wp-content\/uploads\/2018\/10\/galeria-cafe-gra-08-600x600.jpg 600w, https:\/\/cafferavezzi.com\/wp-content\/uploads\/2018\/10\/galeria-cafe-gra-08-150x150.jpg 150w, https:\/\/cafferavezzi.com\/wp-content\/uploads\/2018\/10\/galeria-cafe-gra-08-768x768.jpg 768w, https:\/\/cafferavezzi.com\/wp-content\/uploads\/2018\/10\/galeria-cafe-gra-08-550x550.jpg 550w\" sizes=\"(max-width: 800px) 100vw, 800px\" \/>\t\t\t\t\t\t\t\t<\/div>\n\t\t<\/div>\n\t\t\t<div class=\"edgtf-gallery-image edgtf-size-landscape\">\n\t\t\t<div class=\"edgtf-gallery-image-inner\">\n\t\t\t\t\t\t\t\t\t\t<img loading=\"lazy\" decoding=\"async\" width=\"800\" height=\"400\" src=\"https:\/\/cafferavezzi.com\/wp-content\/uploads\/2018\/10\/galeria-cafe-gra-06.jpg\" class=\"attachment-barista_edge_large_width size-barista_edge_large_width\" alt=\"\" srcset=\"https:\/\/cafferavezzi.com\/wp-content\/uploads\/2018\/10\/galeria-cafe-gra-06.jpg 800w, https:\/\/cafferavezzi.com\/wp-content\/uploads\/2018\/10\/galeria-cafe-gra-06-600x300.jpg 600w, https:\/\/cafferavezzi.com\/wp-content\/uploads\/2018\/10\/galeria-cafe-gra-06-300x150.jpg 300w, https:\/\/cafferavezzi.com\/wp-content\/uploads\/2018\/10\/galeria-cafe-gra-06-768x384.jpg 768w\" sizes=\"(max-width: 800px) 100vw, 800px\" \/>\t\t\t\t\t\t\t\t<\/div>\n\t\t<\/div>\n\t\t\t<div class=\"edgtf-gallery-image edgtf-size-square\">\n\t\t\t<div class=\"edgtf-gallery-image-inner\">\n\t\t\t\t\t\t\t\t\t\t<img loading=\"lazy\" decoding=\"async\" width=\"550\" height=\"550\" src=\"https:\/\/cafferavezzi.com\/wp-content\/uploads\/2018\/04\/bosses-quilo-retallades-550x550.jpg\" class=\"attachment-barista_edge_square size-barista_edge_square\" alt=\"\" srcset=\"https:\/\/cafferavezzi.com\/wp-content\/uploads\/2018\/04\/bosses-quilo-retallades-550x550.jpg 550w, https:\/\/cafferavezzi.com\/wp-content\/uploads\/2018\/04\/bosses-quilo-retallades-300x300.jpg 300w, https:\/\/cafferavezzi.com\/wp-content\/uploads\/2018\/04\/bosses-quilo-retallades-100x100.jpg 100w, https:\/\/cafferavezzi.com\/wp-content\/uploads\/2018\/04\/bosses-quilo-retallades-600x600.jpg 600w, https:\/\/cafferavezzi.com\/wp-content\/uploads\/2018\/04\/bosses-quilo-retallades-150x150.jpg 150w, https:\/\/cafferavezzi.com\/wp-content\/uploads\/2018\/04\/bosses-quilo-retallades-768x768.jpg 768w, https:\/\/cafferavezzi.com\/wp-content\/uploads\/2018\/04\/bosses-quilo-retallades.jpg 800w\" sizes=\"(max-width: 550px) 100vw, 550px\" \/>\t\t\t\t\t\t\t\t<\/div>\n\t\t<\/div>\n\t<\/div>[\/vc_column][\/vc_row][vc_row content_width=&#8221;grid&#8221; css=&#8221;.vc_custom_1539029767613{margin-top: 65px !important;}&#8221;][vc_column css=&#8221;.vc_custom_1525077383737{padding-top: 0px !important;padding-right: 0px !important;padding-bottom: 0px !important;padding-left: 0px !important;}&#8221;]<div class=\"edgtf-elements-holder edgtf-three-columns edgtf-responsive-mode-1024\" ><div class=\"edgtf-elements-holder-item \" data-item-class=\"edgtf-elements-holder-custom-460290\" data-768-1024=\"25% 0 25% 0\" data-600-768=\"30.5% 0 30.5% 0 \" data-480-600=\"46% 0 46% 0 \" data-480=\"46% 0 46% 0 \" style=\"background-image: url(https:\/\/cafferavezzi.com\/wp-content\/uploads\/2018\/10\/galeria-home-01.jpg)\">\n\t\t\t<a class=\"edgtf-elements-holder-item-link\" href=\"https:\/\/cafferavezzi.com\/cafe-en-gra\/\" target=\"_self\"><\/a>\n\t\t<div class=\"edgtf-elements-holder-item-inner\">\n\t\t<div class=\"edgtf-elements-holder-item-content edgtf-elements-holder-custom-460290\" style=\"padding: 0 0 0 0\">\n\t\t\t\t\t<\/div>\n\t<\/div>\n\t<\/div><div class=\"edgtf-elements-holder-item \" data-item-class=\"edgtf-elements-holder-custom-279317\" data-1024-1280=\"16% 10% 12% 12%\" data-768-1024=\"100px 48% 85px 80px \" data-600-768=\"90px 34% 76px 80px\" data-480-600=\"50px 2% 33px 15px \" data-480=\"50px 2% 33px 15px \" style=\"background-color: #eae7de\">\n\t\t<div class=\"edgtf-elements-holder-item-inner\">\n\t\t<div class=\"edgtf-elements-holder-item-content edgtf-elements-holder-custom-279317\" style=\"padding: 16% 15% 12% 12%\">\n\t\t\t[vc_column_text]<\/p>\n<h3>Our services<\/h3>\n<p>[\/vc_column_text][vc_empty_space height=&#8221;30&#8243;][vc_column_text]Since our inception, in Gran Caff\u00e8 Ravezzi, we have had an outstanding vocation of service towards our customers. We are focused on a close and agile service to facilitate our customer&#8217;s daily life.[\/vc_column_text][vc_empty_space height=&#8221;16px&#8221;]<a itemprop=\"url\" href=\"https:\/\/cafferavezzi.com\/en\/contact\" target=\"_self\" style=\"color: #30271c\" class=\"edgtf-btn edgtf-btn-medium edgtf-btn-transparent edgtf-btn-icon\"  >\n\t<span class=\"edgtf-btn-text\">Find out more<\/span>\n    <span aria-hidden=\"true\" class=\"edgtf-icon-font-elegant arrow_right \" ><\/span><\/a>\t\t<\/div>\n\t<\/div>\n\t<\/div><div class=\"edgtf-elements-holder-item \" data-item-class=\"edgtf-elements-holder-custom-644441\" data-768-1024=\"25% 0 25% 0\" data-600-768=\"30.5% 0 30.5% 0 \" data-480-600=\"46% 0 46% 0 \" data-480=\"46% 0 46% 0 \" style=\"background-image: url(https:\/\/cafferavezzi.com\/wp-content\/uploads\/2018\/10\/capsules-bn-scaled.jpg)\">\n\t\t\t<a class=\"edgtf-elements-holder-item-link\" href=\"https:\/\/cafferavezzi.com\/capsules-compatibles\/\" target=\"_self\"><\/a>\n\t\t<div class=\"edgtf-elements-holder-item-inner\">\n\t\t<div class=\"edgtf-elements-holder-item-content edgtf-elements-holder-custom-644441\" style=\"padding: 0 0 0 0\">\n\t\t\t\t\t<\/div>\n\t<\/div>\n\t<\/div><\/div>[\/vc_column][\/vc_row][vc_row content_width=&#8221;grid&#8221;][vc_column css=&#8221;.vc_custom_1525077467608{padding-top: 0px !important;padding-right: 0px !important;padding-bottom: 0px !important;padding-left: 0px !important;}&#8221;]<div class=\"edgtf-elements-holder edgtf-three-columns edgtf-responsive-mode-1024\" ><div class=\"edgtf-elements-holder-item \" data-item-class=\"edgtf-elements-holder-custom-750898\" data-1024-1280=\"16% 10% 12% 12%\" data-768-1024=\"100px 48% 85px 80px \" data-600-768=\"90px 34% 76px 80px\" data-480-600=\"50px 2% 33px 15px \" data-480=\"50px 2% 33px 15px \" style=\"background-color: #c8bfa3\">\n\t\t<div class=\"edgtf-elements-holder-item-inner\">\n\t\t<div class=\"edgtf-elements-holder-item-content edgtf-elements-holder-custom-750898\" style=\"padding: 16% 15% 12% 12%\">\n\t\t\t[vc_column_text el_class=&#8221;light&#8221;]<\/p>\n<h3>Coffee beans for HORECA<\/h3>\n<p>[\/vc_column_text][vc_empty_space height=&#8221;30px&#8221;][vc_column_text el_class=&#8221;light&#8221;]Gran Caff\u00e8 Ravezzi coffee beans have the quality as a feature, made of blends carefully selected resulting in the best cup of coffee.[\/vc_column_text][vc_empty_space height=&#8221;16px&#8221;]<a itemprop=\"url\" href=\"https:\/\/cafferavezzi.com\/en\/contact\" target=\"_self\" style=\"color: #ffffff\" class=\"edgtf-btn edgtf-btn-medium edgtf-btn-transparent edgtf-btn-icon\"  >\n\t<span class=\"edgtf-btn-text\">Contact us<\/span>\n    <span aria-hidden=\"true\" class=\"edgtf-icon-font-elegant arrow_right \" ><\/span><\/a>\t\t<\/div>\n\t<\/div>\n\t<\/div><div class=\"edgtf-elements-holder-item \" data-item-class=\"edgtf-elements-holder-custom-363645\" data-768-1024=\"25% 0 25% 0\" data-600-768=\"30.5% 0 30.5% 0 \" data-480-600=\"46% 0 46% 0 \" data-480=\"46% 0 46% 0 \" style=\"background-image: url(https:\/\/cafferavezzi.com\/wp-content\/uploads\/2018\/04\/probat-03-scaled.jpg)\">\n\t\t\t<a class=\"edgtf-elements-holder-item-link\" href=\"https:\/\/cafferavezzi.com\/el-nostre-proces\/\" target=\"_self\"><\/a>\n\t\t<div class=\"edgtf-elements-holder-item-inner\">\n\t\t<div class=\"edgtf-elements-holder-item-content edgtf-elements-holder-custom-363645\" style=\"padding: 0 0 0 0\">\n\t\t\t\t\t<\/div>\n\t<\/div>\n\t<\/div><div class=\"edgtf-elements-holder-item \" data-item-class=\"edgtf-elements-holder-custom-161246\" data-1024-1280=\"16% 9% 12% 12%\" data-768-1024=\"100px 48% 85px 80px \" data-600-768=\"90px 34% 76px 80px\" data-480-600=\"50px 2% 33px 15px \" data-480=\"50px 2% 33px 15px \" style=\"background-image: url(https:\/\/cafferavezzi.com\/wp-content\/uploads\/2018\/04\/bg-bloc-capsules.png)\">\n\t\t<div class=\"edgtf-elements-holder-item-inner\">\n\t\t<div class=\"edgtf-elements-holder-item-content edgtf-elements-holder-custom-161246\" style=\"padding: 16% 15% 12% 12%\">\n\t\t\t[vc_column_text el_class=&#8221;light&#8221;]<\/p>\n<h3>Compatible aluminium capsules<\/h3>\n<p>[\/vc_column_text][vc_empty_space height=&#8221;30px&#8221;][vc_column_text el_class=&#8221;light&#8221;]Art capsules, compatible with the Nespresso* system, have been made of aluminium to better preserve flavour, aroma, intensity and cream of coffee.[\/vc_column_text][vc_empty_space height=&#8221;16px&#8221;]<a itemprop=\"url\" href=\"https:\/\/cafferavezzi.com\/en\/productes\/compatible-capsules\/\" target=\"_self\" style=\"color: #ffffff\" class=\"edgtf-btn edgtf-btn-medium edgtf-btn-transparent edgtf-btn-icon\"  >\n\t<span class=\"edgtf-btn-text\">Buy now<\/span>\n    <span aria-hidden=\"true\" class=\"edgtf-icon-font-elegant arrow_right \" ><\/span><\/a>\t\t<\/div>\n\t<\/div>\n\t<\/div><\/div>[\/vc_column][\/vc_row][vc_row content_width=&#8221;grid&#8221; content_aligment=&#8221;center&#8221; css=&#8221;.vc_custom_1486121814796{padding-top: 132px !important;padding-bottom: 140px !important;}&#8221;][vc_column]<div class=\"edgtf-elements-holder edgtf-responsive-mode-768\" ><div class=\"edgtf-elements-holder-item edgtf-horizontal-alignment-center\" data-item-class=\"edgtf-elements-holder-custom-649888\" data-1280-1600=\"0% 0% 0% 0%\" data-1024-1280=\"0% 0% 0% 0%\" data-768-1024=\"0% 7% 0% 7%\" data-600-768=\"0% 0% 0% 0% \" >\n\t\t<div class=\"edgtf-elements-holder-item-inner\">\n\t\t<div class=\"edgtf-elements-holder-item-content edgtf-elements-holder-custom-649888\" style=\"padding: 0 10% 0 10%\">\n\t\t\t\n<div class=\"edgtf-custom-font-holder\" style=\"font-family: Oswald;font-size: 116px;font-weight: 500;color: #c7a17a\" data-font-size= 116>\n\t&#8221;\t<\/div>\n<div class=\"edgtf-testimonials-holder clearfix\"><div class=\"edgtf-slick-slider-navigation-style edgtf-testimonials edgtf-testimonials-type-simple edgtf-dark-dots\"  data-animation-speed =\"1000\" data-arrows-navigation =\"false\"><div class=\"edgtf-testimonials 15212 edgtf-testimonial-content\">\n\t<div class=\"edgtf-testimonial-content-inner\">\n\t\t\t\t<div class=\"edgtf-testimonial-text-holder\">\n\t\t\t<div class=\"edgtf-testimonial-text-inner\">\n\t\t\t\t\t\t\t\t<p class=\"edgtf-testimonial-text\" style=\"color:#30271c\">In our restaurant I always cook with fresh and top quality products to offer a good menu to our customers. We could not continue to offer the usual coffee, so it is part of our menu and the last things that diners take, for this reason, after searching and trying, we opted for Gran Caff\u00e8 Ravezzi and we have not stopped serving - never since 2004.<\/p>\n\t\t\t\t\t\t\t\t\t<div class=\"edgtf-testimonial-author\">\n\t\t\t\t\t\t<span class=\"edgtf-testimonial-author-text\" style=\"color:#2d2d2d\">Jordina\t\t\t\t\t\t\t\t\t\t\t\t\t<\/span>\n\t\t\t\t\t<\/div>\n\t\t\t\t\t\t\t<\/div>\n\t\t<\/div>\n\t<\/div>\n<\/div>\n<div class=\"edgtf-testimonials 15215 edgtf-testimonial-content\">\n\t<div class=\"edgtf-testimonial-content-inner\">\n\t\t\t\t<div class=\"edgtf-testimonial-text-holder\">\n\t\t\t<div class=\"edgtf-testimonial-text-inner\">\n\t\t\t\t\t\t\t\t<p class=\"edgtf-testimonial-text\" style=\"color:#30271c\">When we renovated the cafeteria we decided to make a change beyond aesthetics. The company's philosophy is now to offer high quality products, since then, we serve Gran Caff\u00e8 Ravezzi Sostenible. Our customers agree that the change has been for the better. We are delighted.<\/p>\n\t\t\t\t\t\t\t\t\t<div class=\"edgtf-testimonial-author\">\n\t\t\t\t\t\t<span class=\"edgtf-testimonial-author-text\" style=\"color:#2d2d2d\">Manel\t\t\t\t\t\t\t\t\t\t\t\t\t<\/span>\n\t\t\t\t\t<\/div>\n\t\t\t\t\t\t\t<\/div>\n\t\t<\/div>\n\t<\/div>\n<\/div>\n<\/div><\/div>\t\t<\/div>\n\t<\/div>\n\t<\/div><\/div>[\/vc_column][\/vc_row][vc_row content_aligment=&#8221;center&#8221; css=&#8221;.vc_custom_1486478718619{padding-top: 40px !important;padding-bottom: 33px !important;background-color: #f5f5f5 !important;}&#8221;][vc_column width=&#8221;1\/2&#8243; offset=&#8221;vc_col-lg-offset-3&#8243;]<div class=\"edgtf-carousel-holder clearfix\"><div class=\"edgtf-carousel edgtf-slick-slider-navigation-style\" data-items=\"3\" data-arrows-navigation=\"no\" data-dots-navigation=\"no\"><div class=\"edgtf-carousel-item-holder\">\n\t\t\t\t\t\t<span class=\"edgtf-carousel-first-image-holder  edgtf-image-zoom\">\n\t\t\t\t<img decoding=\"async\" src=\"https:\/\/cafferavezzi.com\/wp-content\/uploads\/2018\/04\/UTZ-original.png\" alt=\"UTZ\">\n\t\t\t<\/span>\n\t\t\t\t\t<\/div><div class=\"edgtf-carousel-item-holder\">\n\t\t\t\t\t\t<span class=\"edgtf-carousel-first-image-holder  edgtf-image-zoom\">\n\t\t\t\t<img decoding=\"async\" src=\"https:\/\/cafferavezzi.com\/wp-content\/uploads\/2018\/04\/rainforest-original.png\" alt=\"rainforest\">\n\t\t\t<\/span>\n\t\t\t\t\t<\/div><div class=\"edgtf-carousel-item-holder\">\n\t\t\t\t\t\t<span class=\"edgtf-carousel-first-image-holder  edgtf-image-zoom\">\n\t\t\t\t<img decoding=\"async\" src=\"https:\/\/cafferavezzi.com\/wp-content\/uploads\/2018\/04\/swiss-decaf-original.png\" alt=\"swiss decaf\">\n\t\t\t<\/span>\n\t\t\t\t\t<\/div><\/div><\/div>[\/vc_column][\/vc_row]<\/p>\n<\/div>","protected":false},"excerpt":{"rendered":"<p>[vc_row content_width=&#8221;grid&#8221; content_aligment=&#8221;center&#8221; enable_ligher_effect=&#8221;yes&#8221; lighter_effect_top=&#8221;no&#8221; lighter_effect_bottom=&#8221;no&#8221; css=&#8221;.vc_custom_1525077140752{margin-top: 85px !important;}&#8221;][vc_column][vc_empty_space height=&#8221;20px&#8221;][vc_column_text] COFFEE BEANS. [\/vc_column_text][vc_empty_space height=&#8221;25px&#8221;][\/vc_column][\/vc_row][vc_row content_width=&#8221;grid&#8221; content_aligment=&#8221;center&#8221; css=&#8221;.vc_custom_1525077246854{margin-top: 55px !important;}&#8221;][vc_column offset=&#8221;vc_col-lg-offset-0 vc_col-lg-12&#8243;][\/vc_column][\/vc_row][vc_row content_width=&#8221;grid&#8221; enable_ligher_effect=&#8221;yes&#8221; lighter_effect_bottom=&#8221;no&#8221; css=&#8221;.vc_custom_1525077402054{margin-top: 85px !important;}&#8221;][vc_column width=&#8221;5\/12&#8243;][vc_single_image image=&#8221;15558&#8243; img_size=&#8221;full&#8221;&#8230;<\/p>\n","protected":false},"author":1,"featured_media":0,"parent":0,"menu_order":0,"comment_status":"closed","ping_status":"closed","template":"full-width.php","meta":{"inline_featured_image":false,"footnotes":""},"_links":{"self":[{"href":"https:\/\/cafferavezzi.com\/en\/wp-json\/wp\/v2\/pages\/15156"}],"collection":[{"href":"https:\/\/cafferavezzi.com\/en\/wp-json\/wp\/v2\/pages"}],"about":[{"href":"https:\/\/cafferavezzi.com\/en\/wp-json\/wp\/v2\/types\/page"}],"author":[{"embeddable":true,"href":"https:\/\/cafferavezzi.com\/en\/wp-json\/wp\/v2\/users\/1"}],"replies":[{"embeddable":true,"href":"https:\/\/cafferavezzi.com\/en\/wp-json\/wp\/v2\/comments?post=15156"}],"version-history":[{"count":0,"href":"https:\/\/cafferavezzi.com\/en\/wp-json\/wp\/v2\/pages\/15156\/revisions"}],"wp:attachment":[{"href":"https:\/\/cafferavezzi.com\/en\/wp-json\/wp\/v2\/media?parent=15156"}],"curies":[{"name":"wp","href":"https:\/\/api.w.org\/{rel}","templated":true}]}}